{"id":1369,"date":"2025-05-09T07:48:54","date_gmt":"2025-05-09T05:48:54","guid":{"rendered":"https:\/\/autor.se\/?page_id=1369"},"modified":"2025-05-15T19:39:20","modified_gmt":"2025-05-15T17:39:20","slug":"autor-eter-nina-pascoal","status":"publish","type":"page","link":"https:\/\/autor.se\/index.php\/autor-eter-nina-pascoal\/","title":{"rendered":"Autor Eter  &#8211; Nina Pascoal"},"content":{"rendered":"\t\t<div data-elementor-type=\"wp-post\" data-elementor-id=\"1369\" class=\"elementor elementor-1369\">\n\t\t\t\t\t\t<section class=\"elementor-section elementor-top-section elementor-element elementor-element-329e61e3 elementor-section-boxed elementor-section-height-default elementor-section-height-default\" data-id=\"329e61e3\" data-element_type=\"section\" data-settings=\"{&quot;_ha_eqh_enable&quot;:false}\">\n\t\t\t\t\t\t<div class=\"elementor-container elementor-column-gap-default\">\n\t\t\t\t\t<div class=\"elementor-column elementor-col-100 elementor-top-column elementor-element elementor-element-b57f592\" data-id=\"b57f592\" data-element_type=\"column\">\n\t\t\t<div class=\"elementor-widget-wrap elementor-element-populated\">\n\t\t\t\t\t\t<section class=\"elementor-section elementor-inner-section elementor-element elementor-element-6c8a07c elementor-section-full_width elementor-section-height-default elementor-section-height-default\" data-id=\"6c8a07c\" data-element_type=\"section\" data-settings=\"{&quot;_ha_eqh_enable&quot;:false}\">\n\t\t\t\t\t\t<div class=\"elementor-container elementor-column-gap-default\">\n\t\t\t\t\t<div class=\"elementor-column elementor-col-100 elementor-inner-column elementor-element elementor-element-225c23e\" data-id=\"225c23e\" data-element_type=\"column\">\n\t\t\t<div class=\"elementor-widget-wrap elementor-element-populated\">\n\t\t\t\t\t\t<div class=\"elementor-element elementor-element-d0130b3 elementor-widget__width-initial elementor-widget elementor-widget-heading\" data-id=\"d0130b3\" data-element_type=\"widget\" data-widget_type=\"heading.default\">\n\t\t\t\t<div class=\"elementor-widget-container\">\n\t\t\t<h2 class=\"elementor-heading-title elementor-size-default\">AUTOR:ETER - MISSINFORMATION #1<\/h2>\t\t<\/div>\n\t\t\t\t<\/div>\n\t\t\t\t\t<\/div>\n\t\t<\/div>\n\t\t\t\t\t<\/div>\n\t\t<\/section>\n\t\t\t\t<div class=\"elementor-element elementor-element-a2e6fe9 elementor-widget-divider--view-line elementor-widget elementor-widget-divider\" data-id=\"a2e6fe9\" data-element_type=\"widget\" data-widget_type=\"divider.default\">\n\t\t\t\t<div class=\"elementor-widget-container\">\n\t\t\t\t\t<div class=\"elementor-divider\">\n\t\t\t<span class=\"elementor-divider-separator\">\n\t\t\t\t\t\t<\/span>\n\t\t<\/div>\n\t\t\t\t<\/div>\n\t\t\t\t<\/div>\n\t\t\t\t\t<\/div>\n\t\t<\/div>\n\t\t\t\t\t<\/div>\n\t\t<\/section>\n\t\t\t\t<section class=\"elementor-section elementor-top-section elementor-element elementor-element-7592344 elementor-section-boxed elementor-section-height-default elementor-section-height-default\" data-id=\"7592344\" data-element_type=\"section\" data-settings=\"{&quot;_ha_eqh_enable&quot;:false}\">\n\t\t\t\t\t\t<div class=\"elementor-container elementor-column-gap-default\">\n\t\t\t\t\t<div class=\"elementor-column elementor-col-100 elementor-top-column elementor-element elementor-element-33b8f283\" data-id=\"33b8f283\" data-element_type=\"column\">\n\t\t\t<div class=\"elementor-widget-wrap elementor-element-populated\">\n\t\t\t\t\t\t<section class=\"elementor-section elementor-inner-section elementor-element elementor-element-5c62a1b3 elementor-section-height-min-height elementor-section-boxed elementor-section-height-default\" data-id=\"5c62a1b3\" data-element_type=\"section\" data-settings=\"{&quot;background_background&quot;:&quot;classic&quot;,&quot;_ha_eqh_enable&quot;:false}\">\n\t\t\t\t\t\t<div class=\"elementor-container elementor-column-gap-wide\">\n\t\t\t\t\t<div class=\"elementor-column elementor-col-50 elementor-inner-column elementor-element elementor-element-25d89d0f\" data-id=\"25d89d0f\" data-element_type=\"column\" data-settings=\"{&quot;background_background&quot;:&quot;classic&quot;}\">\n\t\t\t<div class=\"elementor-widget-wrap elementor-element-populated\">\n\t\t\t\t\t\t<div data-ha-element-link=\"{&quot;url&quot;:&quot;https:\\\/\\\/autor.se\\\/autoreter\\\/14\\\/index.htm&quot;,&quot;is_external&quot;:&quot;&quot;,&quot;nofollow&quot;:&quot;&quot;}\" style=\"cursor: pointer\" class=\"elementor-element elementor-element-4d755bef ha-has-bg-overlay elementor-widget elementor-widget-ha-member happy-addon ha-member\" data-id=\"4d755bef\" data-element_type=\"widget\" data-widget_type=\"ha-member.default\">\n\t\t\t\t<div class=\"elementor-widget-container\">\n\t\t\t\n\t\t\n\t\t<div class=\"ha-member-body\">\n\t\t\t<h2 class=\"ha-member-name\">Jag \u00e4lskar verkligen Hampus<\/h2>\n\t\t\t\t\t\t\t<div class=\"ha-member-position\">Nina Pascoal<\/div>\n\t\t\t\n\t\t\t\n\t\t\t\n\t\t\t\n\t\t\t\t\t<\/div>\n\t\t\t\t<\/div>\n\t\t\t\t<\/div>\n\t\t\t\t\t<\/div>\n\t\t<\/div>\n\t\t\t\t<div class=\"elementor-column elementor-col-50 elementor-inner-column elementor-element elementor-element-5c7755bc\" data-id=\"5c7755bc\" data-element_type=\"column\">\n\t\t\t<div class=\"elementor-widget-wrap elementor-element-populated\">\n\t\t\t\t\t\t<div class=\"elementor-element elementor-element-701b6b19 ha-has-bg-overlay elementor-widget elementor-widget-ha-member happy-addon ha-member\" data-id=\"701b6b19\" data-element_type=\"widget\" data-widget_type=\"ha-member.default\">\n\t\t\t\t<div class=\"elementor-widget-container\">\n\t\t\t\n\t\t\t\t\t<figure class=\"ha-member-figure\">\n\t\t\t\t<img fetchpriority=\"high\" decoding=\"async\" width=\"1510\" height=\"1212\" src=\"https:\/\/autor.se\/wp-content\/uploads\/2025\/05\/Autor_Eter_Misinformation_Hemsida_Bilder3.jpg\" class=\"elementor-animation-disable-animation attachment-full size-full wp-image-1347\" alt=\"\" srcset=\"https:\/\/autor.se\/wp-content\/uploads\/2025\/05\/Autor_Eter_Misinformation_Hemsida_Bilder3.jpg 1510w, https:\/\/autor.se\/wp-content\/uploads\/2025\/05\/Autor_Eter_Misinformation_Hemsida_Bilder3-300x241.jpg 300w, https:\/\/autor.se\/wp-content\/uploads\/2025\/05\/Autor_Eter_Misinformation_Hemsida_Bilder3-1024x822.jpg 1024w, https:\/\/autor.se\/wp-content\/uploads\/2025\/05\/Autor_Eter_Misinformation_Hemsida_Bilder3-768x616.jpg 768w\" sizes=\"(max-width: 1510px) 100vw, 1510px\" \/>\t\t\t<\/figure>\n\t\t\n\t\t<div class=\"ha-member-body\">\n\t\t\t\n\t\t\t\n\t\t\t\n\t\t\t\n\t\t\t\n\t\t\t\t\t<\/div>\n\t\t\t\t<\/div>\n\t\t\t\t<\/div>\n\t\t\t\t\t<\/div>\n\t\t<\/div>\n\t\t\t\t\t<\/div>\n\t\t<\/section>\n\t\t\t\t\t<\/div>\n\t\t<\/div>\n\t\t\t\t\t<\/div>\n\t\t<\/section>\n\t\t\t\t<section class=\"elementor-section elementor-top-section elementor-element elementor-element-0848f0c elementor-section-height-min-height elementor-section-boxed elementor-section-height-default elementor-section-items-middle\" data-id=\"0848f0c\" data-element_type=\"section\" data-settings=\"{&quot;_ha_eqh_enable&quot;:false}\">\n\t\t\t\t\t\t<div class=\"elementor-container elementor-column-gap-default\">\n\t\t\t\t\t<div class=\"elementor-column elementor-col-100 elementor-top-column elementor-element elementor-element-b7eea9a\" data-id=\"b7eea9a\" data-element_type=\"column\">\n\t\t\t<div class=\"elementor-widget-wrap\">\n\t\t\t\t\t\t\t<\/div>\n\t\t<\/div>\n\t\t\t\t\t<\/div>\n\t\t<\/section>\n\t\t\t\t<section class=\"elementor-section elementor-top-section elementor-element elementor-element-82f3f90 elementor-section-boxed elementor-section-height-default elementor-section-height-default\" data-id=\"82f3f90\" data-element_type=\"section\" data-settings=\"{&quot;_ha_eqh_enable&quot;:false}\">\n\t\t\t\t\t\t<div class=\"elementor-container elementor-column-gap-default\">\n\t\t\t\t\t<div class=\"elementor-column elementor-col-100 elementor-top-column elementor-element elementor-element-c441bc5\" data-id=\"c441bc5\" data-element_type=\"column\">\n\t\t\t<div class=\"elementor-widget-wrap elementor-element-populated\">\n\t\t\t\t\t\t<div class=\"elementor-element elementor-element-f3660e1 elementor-drop-cap-yes elementor-drop-cap-view-default elementor-widget elementor-widget-text-editor\" data-id=\"f3660e1\" data-element_type=\"widget\" data-settings=\"{&quot;drop_cap&quot;:&quot;yes&quot;}\" data-widget_type=\"text-editor.default\">\n\t\t\t\t<div class=\"elementor-widget-container\">\n\t\t\t\t\t\t\t<p>Det<span style=\"font-weight: 400;\">\u00a0\u00e4r enkelt, det g\u00e5r j\u00e4ttesnabbt sa Hampus. Tio minuter, sen kommer bilen vara lika ren som oss, kanske renare! Han skrattade, hon log, handen p\u00e5 l\u00e5ret. Hampus var p\u00e5 gott hum\u00f6r, kaffestinn men fortfarande mjuk i kroppen efter spahelgen, orgasmen p\u00e5 hotellrummet. Det blir fint sa Sarah, utanf\u00f6r svepte de sk\u00e5nska, beniga tr\u00e4den f\u00f6rbi och hon sa inget men det susade i hennes \u00f6ron, ett spr\u00f6tt ljud, som en avl\u00e4gsen vissla.\u00a0<\/span><\/p><p><span style=\"font-weight: 400;\">Macken var inte l\u00e5ngt bort, de sv\u00e4ngde in och st\u00e4llde sig i k\u00f6n till automattv\u00e4tten. Bakom\u00a0 fylldes det p\u00e5 med bilar, det var fler som skulle tv\u00e4ttas. Sarah v\u00e4nde sig om och s\u00e5g\u00a0 konturerna av deras ansikten: barnfamiljer och par, ensamma gubbar och singelmammor som fixerade deras m\u00f6rkbl\u00e5 Ford med blicken. Sarah log mot dem, nickade mjukt. De\u00a0 kunde nog inte se hennes ansikte men r\u00f6relsen lugnade henne, hon hade l\u00e4rt sig att det fungerade n\u00e4r hon hade s\u00e5na h\u00e4r dagar, bara sj\u00e4lva handlingen att le, att vara extra mjuk mot Hampus. Tankarna hj\u00e4lpte ocks\u00e5. Jag \u00e4lskar Hampus t\u00e4nkte Sarah d\u00e4rf\u00f6r. Jag \u00e4lskar Hampus, jag \u00e4lskar Hampus, jag g\u00f6r verkligen det. Nu k\u00f6r vi in sa Hampus. Sp\u00e4nnande!\u00a0 sa Sarah och hon var noggrann med att inte sn\u00e5la med sina pigga utropstecken. Jag har\u00a0 aldrig varit i en automattv\u00e4tt f\u00f6rut! Och den d\u00e4r skylten sa Hampus, pekade. N\u00e4r den lyser\u00a0 gr\u00f6nt ska vi k\u00f6ra ut, d\u00e5 \u00e4r vi klara. Sarah nickade, hon k\u00e4nde sig som ett k\u00e4rl som fyllts till\u00a0 br\u00e4dden av n\u00e5got vitt och kallt, segt. Det stelnade sakta.\u00a0<\/span><\/p><p><span style=\"font-weight: 400;\">De hade verkligen beh\u00f6vt komma iv\u00e4g, bara de tv\u00e5. Det hade varit mycket p\u00e5 jobbet, de hade knappt setts men nu var det lugnare, nu kunde de unna sig varma pooler och \u00e5ngbastu, saltscrub, kvalitetstid, havsutsikt. Du beh\u00f6ver komma ner i kroppen sa Hampus till henne, kroppen vet vad den vill, det \u00e4r bara att lyssna. S\u00e5 Sarah l\u00e4t kroppen v\u00e4rmas och badas, hon l\u00e4t Hampus hand stryka den under ytan i bubbelpoolen. \u00c4r det sk\u00f6nt fr\u00e5gade Hampus, det \u00e4r j\u00e4ttesk\u00f6nt sa Sarah, vilket mysigt st\u00e4lle och hela kroppen k\u00e4ndes varm och mjuk, den var len precis \u00f6verallt eftersom hon hade vaxat benen och bikinilinjen p\u00e5 salong inf\u00f6r helgen, sedan f\u00f6rsiktigt rakat venusberget och blygdl\u00e4pparna hemma med ena benet upplyft, ankeln mot den h\u00e5rda handfatskanten. Sarah s\u00e5g ner i den lilla poolen och bubblorna reste sig till ytan och sprack, de var tusentals, hur m\u00e5nga som helst och Sarah s\u00e5g dem spricka och spricka och spricka, f\u00f6rsvinna. Hampus log, Sarah log. Jag k\u00e4nner mig d\u00f6d n\u00e4r vi \u00e4r tillsammans t\u00e4nkte Sarah, fast kroppen lever. \u00c4r det sk\u00f6nt eller \u00e4r det f\u00f6r varmt tycker du sa Hampus, nej det \u00e4r j\u00e4ttesk\u00f6nt, det \u00e4r sk\u00f6nt att bli riktigt varm sa Sarah.<\/span><\/p><p>\u00a0<\/p><p><span style=\"font-weight: 400;\">Kroppen \u00e4lskade allt: vattnet och bastun och den japan-inspirerade trer\u00e4ttersmenyn och desserten och whiskyn. Kroppen \u00e4lskade n\u00e4r Hampus drog ner henne p\u00e5 den stramt b\u00e4ddade s\u00e4ngen och kysste henne, tryckte sig mot henne s\u00e5 hon k\u00e4nde st\u00e5ndet genom hans jeans, hans varma h\u00e4nder, bl\u00f6ta mun. N\u00e4r Sarah k\u00e4nde den molande lusten som rann ur den svullna fittan blev hon l\u00e4ttad. Om jag \u00e4r d\u00f6d t\u00e4nkte Sarah, d\u00e5 borde jag v\u00e4l inte vilja knulla? Sarah \u00e4lskade Hampus, det blev tydligt n\u00e4r hon s\u00e5g de glansiga, vackra m\u00e4nniskorna i spegeln vid s\u00e4ngen som levde, som var s\u00e5 j\u00e4vla k\u00e5ta. Jag \u00e4lskar dig sa Hampus efter\u00e5t, jag \u00e4lskar dig sa Sarah, jag \u00e4lskar Hampus, jag \u00e4lskar verkligen Hampus t\u00e4nkte Sarah men hon kunde \u00e4nd\u00e5 inte somna, hon kunde inte.\u00a0<\/span><\/p><p><span style=\"font-weight: 400;\">De hade smort in sig med body lotion p\u00e5 morgonen innan utcheckning. Tv\u00e5 sm\u00e5 rosa, sp\u00e4nstiga tuber och Hampus och Sarah hade tagit varsin, l\u00e5tit det ta tid, gnidit mjukt tills det inte var kladdigt l\u00e4ngre utan verkligen g\u00e5tt in i huden. Nu fyllde doften hela bilen. Ros och patchouli hade det st\u00e5tt p\u00e5 tuben. Men det var ocks\u00e5 n\u00e5got annat, lite \u00f6rtigt. Sarah tog ett djupt andetag, drog in luften genom n\u00e4sborrarna. Vad kunde det vara? Rosmarin? Det luktar underbart t\u00e4nkte Sarah. I bilarna som k\u00f6ar utanf\u00f6r luktar det \u00e4ckligt, gammalt och inst\u00e4ngt t\u00e4nkte Sarah och hon fortsatte, det susade i \u00f6ronen igen och Sarah l\u00e4t tanken vidgas, l\u00e4gga sig \u00f6ver henne och Hampus som en slags elastisk v\u00e4lsignelse: men i min och Hampus bil doftar det rosor och patchouli och rosmarin. Vi doftar rosor och patchouli och rosmarin och det kan verka som en oansenlig detalj men det \u00e4r egentligen tv\u00e4rtom: det s\u00e4ger allt och det betyder allt.\u00a0<\/span><\/p><p><span style=\"font-weight: 400;\">Nu b\u00f6rjar det nog n\u00e4r som helst sa Hampus, han kikade ut\u00e5t och upp\u00e5t mot de illgr\u00f6na borstarna, de var placerade b\u00e5de ovanf\u00f6r bilen och p\u00e5 sidorna. Sp\u00e4nnande! sa Sarah. Hon andades, hon log och inuti Sarah pressade sig det vita mot hennes kanter, som att sj\u00e4lva stelnandet fick massan att expandera, gjorde kroppen f\u00f6r liten. Jag \u00e4lskar Hampus, jag \u00e4lskar verkligen Hampus och vi har haft en underbar helg t\u00e4nkte Sarah medan tv\u00e4tten drog ig\u00e5ng. De h\u00e5rda vattenstr\u00e5larna kom fr\u00e5n flera h\u00e5ll samtidigt och det l\u00e4t som en storm, som barndomens tunga \u00f6sregn, det d\u00e4r som n\u00e4stan gjorde ont mot axlarna n\u00e4r man sprang igenom det. Borstarna kom. De gned och gnuggade och det skummade om bilen, ett vitt, vattnigt l\u00f6dder med sm\u00e5 bubblor. Sarah s\u00e5g det rinna l\u00e4ngst med rutan, bubblorna som fl\u00f6t l\u00e4ngst med den m\u00f6rkbl\u00e5 lacken, ner genom avloppsilens m\u00f6rka h\u00e5l. Det h\u00e4r blir nog riktigt bra sa Hampus, ja verkligen! sa Sarah. En torr, varm klippa t\u00e4nkte Sarah, jag vill ligga d\u00f6d p\u00e5 en klippa och sedan vakna till liv, jag vill resa mig upp och se mig omkring. Du tack f\u00f6r en j\u00e4ttefin helg sa Hampus, jag \u00e4lskar dig, ja tack f\u00f6r en underbar helg sa Sarah och hon s\u00e5g f\u00f6rst p\u00e5 Hampus och sedan p\u00e5 skylten, hon v\u00e4ntade p\u00e5 att den skulle bli gr\u00f6n.<\/span><\/p>\t\t\t\t\t\t<\/div>\n\t\t\t\t<\/div>\n\t\t\t\t\t<\/div>\n\t\t<\/div>\n\t\t\t\t\t<\/div>\n\t\t<\/section>\n\t\t\t\t<\/div>\n\t\t","protected":false},"excerpt":{"rendered":"<p>AUTOR:ETER &#8211; MISSINFORMATION #1 Jag \u00e4lskar verkligen Hampus Nina Pascoal Det\u00a0\u00e4r enkelt, det g\u00e5r j\u00e4ttesnabbt sa Hampus. Tio minuter, sen kommer bilen vara lika ren som oss, kanske renare! Han skrattade, hon log, handen p\u00e5 l\u00e5ret. Hampus var p\u00e5 gott hum\u00f6r, kaffestinn men fortfarande mjuk i kroppen efter spahelgen, orgasmen p\u00e5 hotellrummet. Det blir fint [&hellip;]<\/p>\n","protected":false},"author":1,"featured_media":0,"parent":0,"menu_order":0,"comment_status":"closed","ping_status":"closed","template":"","meta":{"site-sidebar-layout":"no-sidebar","site-content-layout":"page-builder","ast-site-content-layout":"","site-content-style":"default","site-sidebar-style":"default","ast-global-header-display":"","ast-banner-title-visibility":"","ast-main-header-display":"","ast-hfb-above-header-display":"","ast-hfb-below-header-display":"","ast-hfb-mobile-header-display":"","site-post-title":"disabled","ast-breadcrumbs-content":"","ast-featured-img":"disabled","footer-sml-layout":"","theme-transparent-header-meta":"disabled","adv-header-id-meta":"","stick-header-meta":"","header-above-stick-meta":"","header-main-stick-meta":"","header-below-stick-meta":"","astra-migrate-meta-layouts":"default","ast-page-background-enabled":"default","ast-page-background-meta":{"desktop":{"background-color":"var(--ast-global-color-4)","background-image":"","background-repeat":"repeat","background-position":"center center","background-size":"auto","background-attachment":"scroll","background-type":"","background-media":"","overlay-type":"","overlay-color":"","overlay-opacity":"","overlay-gradient":""},"tablet":{"background-color":"","background-image":"","background-repeat":"repeat","background-position":"center center","background-size":"auto","background-attachment":"scroll","background-type":"","background-media":"","overlay-type":"","overlay-color":"","overlay-opacity":"","overlay-gradient":""},"mobile":{"background-color":"","background-image":"","background-repeat":"repeat","background-position":"center center","background-size":"auto","background-attachment":"scroll","background-type":"","background-media":"","overlay-type":"","overlay-color":"","overlay-opacity":"","overlay-gradient":""}},"ast-content-background-meta":{"desktop":{"background-color":"var(--ast-global-color-5)","background-image":"","background-repeat":"repeat","background-position":"center center","background-size":"auto","background-attachment":"scroll","background-type":"","background-media":"","overlay-type":"","overlay-color":"","overlay-opacity":"","overlay-gradient":""},"tablet":{"background-color":"var(--ast-global-color-5)","background-image":"","background-repeat":"repeat","background-position":"center center","background-size":"auto","background-attachment":"scroll","background-type":"","background-media":"","overlay-type":"","overlay-color":"","overlay-opacity":"","overlay-gradient":""},"mobile":{"background-color":"var(--ast-global-color-5)","background-image":"","background-repeat":"repeat","background-position":"center center","background-size":"auto","background-attachment":"scroll","background-type":"","background-media":"","overlay-type":"","overlay-color":"","overlay-opacity":"","overlay-gradient":""}},"footnotes":""},"class_list":["post-1369","page","type-page","status-publish","hentry"],"yoast_head":"<!-- This site is optimized with the Yoast SEO plugin v23.4 - https:\/\/yoast.com\/wordpress\/plugins\/seo\/ -->\n<title>Autor Eter - Nina Pascoal -<\/title>\n<meta name=\"robots\" content=\"index, follow, max-snippet:-1, max-image-preview:large, max-video-preview:-1\" \/>\n<link rel=\"canonical\" href=\"https:\/\/autor.se\/index.php\/autor-eter-nina-pascoal\/\" \/>\n<meta property=\"og:locale\" content=\"sv_SE\" \/>\n<meta property=\"og:type\" content=\"article\" \/>\n<meta property=\"og:title\" content=\"Autor Eter - Nina Pascoal -\" \/>\n<meta property=\"og:description\" content=\"AUTOR:ETER &#8211; MISSINFORMATION #1 Jag \u00e4lskar verkligen Hampus Nina Pascoal Det\u00a0\u00e4r enkelt, det g\u00e5r j\u00e4ttesnabbt sa Hampus. Tio minuter, sen kommer bilen vara lika ren som oss, kanske renare! Han skrattade, hon log, handen p\u00e5 l\u00e5ret. Hampus var p\u00e5 gott hum\u00f6r, kaffestinn men fortfarande mjuk i kroppen efter spahelgen, orgasmen p\u00e5 hotellrummet. Det blir fint [&hellip;]\" \/>\n<meta property=\"og:url\" content=\"https:\/\/autor.se\/index.php\/autor-eter-nina-pascoal\/\" \/>\n<meta property=\"article:modified_time\" content=\"2025-05-15T17:39:20+00:00\" \/>\n<meta property=\"og:image\" content=\"https:\/\/autor.se\/wp-content\/uploads\/2025\/05\/Autor_Eter_Misinformation_Hemsida_Bilder3.jpg\" \/>\n<meta name=\"twitter:card\" content=\"summary_large_image\" \/>\n<meta name=\"twitter:label1\" content=\"Ber\u00e4knad l\u00e4stid\" \/>\n\t<meta name=\"twitter:data1\" content=\"6 minuter\" \/>\n<script type=\"application\/ld+json\" class=\"yoast-schema-graph\">{\"@context\":\"https:\/\/schema.org\",\"@graph\":[{\"@type\":\"WebPage\",\"@id\":\"https:\/\/autor.se\/index.php\/autor-eter-nina-pascoal\/\",\"url\":\"https:\/\/autor.se\/index.php\/autor-eter-nina-pascoal\/\",\"name\":\"Autor Eter - Nina Pascoal -\",\"isPartOf\":{\"@id\":\"https:\/\/autor.se\/#website\"},\"primaryImageOfPage\":{\"@id\":\"https:\/\/autor.se\/index.php\/autor-eter-nina-pascoal\/#primaryimage\"},\"image\":{\"@id\":\"https:\/\/autor.se\/index.php\/autor-eter-nina-pascoal\/#primaryimage\"},\"thumbnailUrl\":\"https:\/\/autor.se\/wp-content\/uploads\/2025\/05\/Autor_Eter_Misinformation_Hemsida_Bilder3.jpg\",\"datePublished\":\"2025-05-09T05:48:54+00:00\",\"dateModified\":\"2025-05-15T17:39:20+00:00\",\"breadcrumb\":{\"@id\":\"https:\/\/autor.se\/index.php\/autor-eter-nina-pascoal\/#breadcrumb\"},\"inLanguage\":\"sv-SE\",\"potentialAction\":[{\"@type\":\"ReadAction\",\"target\":[\"https:\/\/autor.se\/index.php\/autor-eter-nina-pascoal\/\"]}]},{\"@type\":\"ImageObject\",\"inLanguage\":\"sv-SE\",\"@id\":\"https:\/\/autor.se\/index.php\/autor-eter-nina-pascoal\/#primaryimage\",\"url\":\"https:\/\/autor.se\/wp-content\/uploads\/2025\/05\/Autor_Eter_Misinformation_Hemsida_Bilder3.jpg\",\"contentUrl\":\"https:\/\/autor.se\/wp-content\/uploads\/2025\/05\/Autor_Eter_Misinformation_Hemsida_Bilder3.jpg\",\"width\":1510,\"height\":1212},{\"@type\":\"BreadcrumbList\",\"@id\":\"https:\/\/autor.se\/index.php\/autor-eter-nina-pascoal\/#breadcrumb\",\"itemListElement\":[{\"@type\":\"ListItem\",\"position\":1,\"name\":\"Hem\",\"item\":\"https:\/\/autor.se\/\"},{\"@type\":\"ListItem\",\"position\":2,\"name\":\"Autor Eter &#8211; Nina Pascoal\"}]},{\"@type\":\"WebSite\",\"@id\":\"https:\/\/autor.se\/#website\",\"url\":\"https:\/\/autor.se\/\",\"name\":\"\",\"description\":\"\",\"publisher\":{\"@id\":\"https:\/\/autor.se\/#organization\"},\"potentialAction\":[{\"@type\":\"SearchAction\",\"target\":{\"@type\":\"EntryPoint\",\"urlTemplate\":\"https:\/\/autor.se\/?s={search_term_string}\"},\"query-input\":{\"@type\":\"PropertyValueSpecification\",\"valueRequired\":true,\"valueName\":\"search_term_string\"}}],\"inLanguage\":\"sv-SE\"},{\"@type\":\"Organization\",\"@id\":\"https:\/\/autor.se\/#organization\",\"name\":\"Autor F\u00f6rlag\",\"url\":\"https:\/\/autor.se\/\",\"logo\":{\"@type\":\"ImageObject\",\"inLanguage\":\"sv-SE\",\"@id\":\"https:\/\/autor.se\/#\/schema\/logo\/image\/\",\"url\":\"https:\/\/autor.se\/wp-content\/uploads\/2020\/08\/autorstor.jpg\",\"contentUrl\":\"https:\/\/autor.se\/wp-content\/uploads\/2020\/08\/autorstor.jpg\",\"width\":314,\"height\":292,\"caption\":\"Autor F\u00f6rlag\"},\"image\":{\"@id\":\"https:\/\/autor.se\/#\/schema\/logo\/image\/\"},\"sameAs\":[\"https:\/\/www.instagram.com\/autoribilder\"]}]}<\/script>\n<!-- \/ Yoast SEO plugin. -->","yoast_head_json":{"title":"Autor Eter - Nina Pascoal -","robots":{"index":"index","follow":"follow","max-snippet":"max-snippet:-1","max-image-preview":"max-image-preview:large","max-video-preview":"max-video-preview:-1"},"canonical":"https:\/\/autor.se\/index.php\/autor-eter-nina-pascoal\/","og_locale":"sv_SE","og_type":"article","og_title":"Autor Eter - Nina Pascoal -","og_description":"AUTOR:ETER &#8211; MISSINFORMATION #1 Jag \u00e4lskar verkligen Hampus Nina Pascoal Det\u00a0\u00e4r enkelt, det g\u00e5r j\u00e4ttesnabbt sa Hampus. Tio minuter, sen kommer bilen vara lika ren som oss, kanske renare! Han skrattade, hon log, handen p\u00e5 l\u00e5ret. Hampus var p\u00e5 gott hum\u00f6r, kaffestinn men fortfarande mjuk i kroppen efter spahelgen, orgasmen p\u00e5 hotellrummet. Det blir fint [&hellip;]","og_url":"https:\/\/autor.se\/index.php\/autor-eter-nina-pascoal\/","article_modified_time":"2025-05-15T17:39:20+00:00","og_image":[{"url":"https:\/\/autor.se\/wp-content\/uploads\/2025\/05\/Autor_Eter_Misinformation_Hemsida_Bilder3.jpg"}],"twitter_card":"summary_large_image","twitter_misc":{"Ber\u00e4knad l\u00e4stid":"6 minuter"},"schema":{"@context":"https:\/\/schema.org","@graph":[{"@type":"WebPage","@id":"https:\/\/autor.se\/index.php\/autor-eter-nina-pascoal\/","url":"https:\/\/autor.se\/index.php\/autor-eter-nina-pascoal\/","name":"Autor Eter - Nina Pascoal -","isPartOf":{"@id":"https:\/\/autor.se\/#website"},"primaryImageOfPage":{"@id":"https:\/\/autor.se\/index.php\/autor-eter-nina-pascoal\/#primaryimage"},"image":{"@id":"https:\/\/autor.se\/index.php\/autor-eter-nina-pascoal\/#primaryimage"},"thumbnailUrl":"https:\/\/autor.se\/wp-content\/uploads\/2025\/05\/Autor_Eter_Misinformation_Hemsida_Bilder3.jpg","datePublished":"2025-05-09T05:48:54+00:00","dateModified":"2025-05-15T17:39:20+00:00","breadcrumb":{"@id":"https:\/\/autor.se\/index.php\/autor-eter-nina-pascoal\/#breadcrumb"},"inLanguage":"sv-SE","potentialAction":[{"@type":"ReadAction","target":["https:\/\/autor.se\/index.php\/autor-eter-nina-pascoal\/"]}]},{"@type":"ImageObject","inLanguage":"sv-SE","@id":"https:\/\/autor.se\/index.php\/autor-eter-nina-pascoal\/#primaryimage","url":"https:\/\/autor.se\/wp-content\/uploads\/2025\/05\/Autor_Eter_Misinformation_Hemsida_Bilder3.jpg","contentUrl":"https:\/\/autor.se\/wp-content\/uploads\/2025\/05\/Autor_Eter_Misinformation_Hemsida_Bilder3.jpg","width":1510,"height":1212},{"@type":"BreadcrumbList","@id":"https:\/\/autor.se\/index.php\/autor-eter-nina-pascoal\/#breadcrumb","itemListElement":[{"@type":"ListItem","position":1,"name":"Hem","item":"https:\/\/autor.se\/"},{"@type":"ListItem","position":2,"name":"Autor Eter &#8211; Nina Pascoal"}]},{"@type":"WebSite","@id":"https:\/\/autor.se\/#website","url":"https:\/\/autor.se\/","name":"","description":"","publisher":{"@id":"https:\/\/autor.se\/#organization"},"potentialAction":[{"@type":"SearchAction","target":{"@type":"EntryPoint","urlTemplate":"https:\/\/autor.se\/?s={search_term_string}"},"query-input":{"@type":"PropertyValueSpecification","valueRequired":true,"valueName":"search_term_string"}}],"inLanguage":"sv-SE"},{"@type":"Organization","@id":"https:\/\/autor.se\/#organization","name":"Autor F\u00f6rlag","url":"https:\/\/autor.se\/","logo":{"@type":"ImageObject","inLanguage":"sv-SE","@id":"https:\/\/autor.se\/#\/schema\/logo\/image\/","url":"https:\/\/autor.se\/wp-content\/uploads\/2020\/08\/autorstor.jpg","contentUrl":"https:\/\/autor.se\/wp-content\/uploads\/2020\/08\/autorstor.jpg","width":314,"height":292,"caption":"Autor F\u00f6rlag"},"image":{"@id":"https:\/\/autor.se\/#\/schema\/logo\/image\/"},"sameAs":["https:\/\/www.instagram.com\/autoribilder"]}]}},"_links":{"self":[{"href":"https:\/\/autor.se\/index.php\/wp-json\/wp\/v2\/pages\/1369"}],"collection":[{"href":"https:\/\/autor.se\/index.php\/wp-json\/wp\/v2\/pages"}],"about":[{"href":"https:\/\/autor.se\/index.php\/wp-json\/wp\/v2\/types\/page"}],"author":[{"embeddable":true,"href":"https:\/\/autor.se\/index.php\/wp-json\/wp\/v2\/users\/1"}],"replies":[{"embeddable":true,"href":"https:\/\/autor.se\/index.php\/wp-json\/wp\/v2\/comments?post=1369"}],"version-history":[{"count":20,"href":"https:\/\/autor.se\/index.php\/wp-json\/wp\/v2\/pages\/1369\/revisions"}],"predecessor-version":[{"id":1474,"href":"https:\/\/autor.se\/index.php\/wp-json\/wp\/v2\/pages\/1369\/revisions\/1474"}],"wp:attachment":[{"href":"https:\/\/autor.se\/index.php\/wp-json\/wp\/v2\/media?parent=1369"}],"curies":[{"name":"wp","href":"https:\/\/api.w.org\/{rel}","templated":true}]}}