{"id":1399,"date":"2025-05-09T09:01:58","date_gmt":"2025-05-09T07:01:58","guid":{"rendered":"https:\/\/autor.se\/?page_id=1399"},"modified":"2025-05-15T14:57:04","modified_gmt":"2025-05-15T12:57:04","slug":"autor-eter-helena-fagertun","status":"publish","type":"page","link":"https:\/\/autor.se\/index.php\/autor-eter-helena-fagertun\/","title":{"rendered":"Autor Eter  &#8211; Helena Fagertun"},"content":{"rendered":"\t\t<div data-elementor-type=\"wp-post\" data-elementor-id=\"1399\" class=\"elementor elementor-1399\">\n\t\t\t\t\t\t<section class=\"elementor-section elementor-top-section elementor-element elementor-element-329e61e3 elementor-section-boxed elementor-section-height-default elementor-section-height-default\" data-id=\"329e61e3\" data-element_type=\"section\" data-settings=\"{&quot;_ha_eqh_enable&quot;:false}\">\n\t\t\t\t\t\t<div class=\"elementor-container elementor-column-gap-default\">\n\t\t\t\t\t<div class=\"elementor-column elementor-col-100 elementor-top-column elementor-element elementor-element-b57f592\" data-id=\"b57f592\" data-element_type=\"column\">\n\t\t\t<div class=\"elementor-widget-wrap elementor-element-populated\">\n\t\t\t\t\t\t<section class=\"elementor-section elementor-inner-section elementor-element elementor-element-6c8a07c elementor-section-full_width elementor-section-height-default elementor-section-height-default\" data-id=\"6c8a07c\" data-element_type=\"section\" data-settings=\"{&quot;_ha_eqh_enable&quot;:false}\">\n\t\t\t\t\t\t<div class=\"elementor-container elementor-column-gap-default\">\n\t\t\t\t\t<div class=\"elementor-column elementor-col-100 elementor-inner-column elementor-element elementor-element-225c23e\" data-id=\"225c23e\" data-element_type=\"column\">\n\t\t\t<div class=\"elementor-widget-wrap elementor-element-populated\">\n\t\t\t\t\t\t<div class=\"elementor-element elementor-element-d0130b3 elementor-widget__width-initial elementor-widget elementor-widget-heading\" data-id=\"d0130b3\" data-element_type=\"widget\" data-widget_type=\"heading.default\">\n\t\t\t\t<div class=\"elementor-widget-container\">\n\t\t\t<h2 class=\"elementor-heading-title elementor-size-default\">AUTOR:ETER - MISSINFORMATION #1<\/h2>\t\t<\/div>\n\t\t\t\t<\/div>\n\t\t\t\t\t<\/div>\n\t\t<\/div>\n\t\t\t\t\t<\/div>\n\t\t<\/section>\n\t\t\t\t<div class=\"elementor-element elementor-element-a2e6fe9 elementor-widget-divider--view-line elementor-widget elementor-widget-divider\" data-id=\"a2e6fe9\" data-element_type=\"widget\" data-widget_type=\"divider.default\">\n\t\t\t\t<div class=\"elementor-widget-container\">\n\t\t\t\t\t<div class=\"elementor-divider\">\n\t\t\t<span class=\"elementor-divider-separator\">\n\t\t\t\t\t\t<\/span>\n\t\t<\/div>\n\t\t\t\t<\/div>\n\t\t\t\t<\/div>\n\t\t\t\t\t<\/div>\n\t\t<\/div>\n\t\t\t\t\t<\/div>\n\t\t<\/section>\n\t\t\t\t<section class=\"elementor-section elementor-top-section elementor-element elementor-element-7592344 elementor-section-boxed elementor-section-height-default elementor-section-height-default\" data-id=\"7592344\" data-element_type=\"section\" data-settings=\"{&quot;_ha_eqh_enable&quot;:false}\">\n\t\t\t\t\t\t<div class=\"elementor-container elementor-column-gap-default\">\n\t\t\t\t\t<div class=\"elementor-column elementor-col-100 elementor-top-column elementor-element elementor-element-33b8f283\" data-id=\"33b8f283\" data-element_type=\"column\">\n\t\t\t<div class=\"elementor-widget-wrap elementor-element-populated\">\n\t\t\t\t\t\t<section class=\"elementor-section elementor-inner-section elementor-element elementor-element-5c62a1b3 elementor-section-height-min-height elementor-section-boxed elementor-section-height-default\" data-id=\"5c62a1b3\" data-element_type=\"section\" data-settings=\"{&quot;background_background&quot;:&quot;classic&quot;,&quot;_ha_eqh_enable&quot;:false}\">\n\t\t\t\t\t\t<div class=\"elementor-container elementor-column-gap-wide\">\n\t\t\t\t\t<div class=\"elementor-column elementor-col-50 elementor-inner-column elementor-element elementor-element-25d89d0f\" data-id=\"25d89d0f\" data-element_type=\"column\" data-settings=\"{&quot;background_background&quot;:&quot;classic&quot;}\">\n\t\t\t<div class=\"elementor-widget-wrap elementor-element-populated\">\n\t\t\t\t\t\t<div data-ha-element-link=\"{&quot;url&quot;:&quot;https:\\\/\\\/autor.se\\\/autoreter\\\/14\\\/index.htm&quot;,&quot;is_external&quot;:&quot;&quot;,&quot;nofollow&quot;:&quot;&quot;}\" style=\"cursor: pointer\" class=\"elementor-element elementor-element-4d755bef ha-has-bg-overlay elementor-widget elementor-widget-ha-member happy-addon ha-member\" data-id=\"4d755bef\" data-element_type=\"widget\" data-widget_type=\"ha-member.default\">\n\t\t\t\t<div class=\"elementor-widget-container\">\n\t\t\t\n\t\t\n\t\t<div class=\"ha-member-body\">\n\t\t\t<h2 class=\"ha-member-name\">F\u00f6rfattarbes\u00f6ket<\/h2>\n\t\t\t\t\t\t\t<div class=\"ha-member-position\">Helena Fagertun<\/div>\n\t\t\t\n\t\t\t\n\t\t\t\n\t\t\t\n\t\t\t\t\t<\/div>\n\t\t\t\t<\/div>\n\t\t\t\t<\/div>\n\t\t\t\t\t<\/div>\n\t\t<\/div>\n\t\t\t\t<div class=\"elementor-column elementor-col-50 elementor-inner-column elementor-element elementor-element-5c7755bc\" data-id=\"5c7755bc\" data-element_type=\"column\">\n\t\t\t<div class=\"elementor-widget-wrap elementor-element-populated\">\n\t\t\t\t\t\t<div class=\"elementor-element elementor-element-701b6b19 ha-has-bg-overlay elementor-widget elementor-widget-ha-member happy-addon ha-member\" data-id=\"701b6b19\" data-element_type=\"widget\" data-widget_type=\"ha-member.default\">\n\t\t\t\t<div class=\"elementor-widget-container\">\n\t\t\t\n\t\t\t\t\t<figure class=\"ha-member-figure\">\n\t\t\t\t<img fetchpriority=\"high\" decoding=\"async\" width=\"1510\" height=\"1212\" src=\"https:\/\/autor.se\/wp-content\/uploads\/2025\/05\/Autor_Eter_textbild5.jpg\" class=\"elementor-animation-disable-animation attachment-full size-full wp-image-1410\" alt=\"\" srcset=\"https:\/\/autor.se\/wp-content\/uploads\/2025\/05\/Autor_Eter_textbild5.jpg 1510w, https:\/\/autor.se\/wp-content\/uploads\/2025\/05\/Autor_Eter_textbild5-300x241.jpg 300w, https:\/\/autor.se\/wp-content\/uploads\/2025\/05\/Autor_Eter_textbild5-1024x822.jpg 1024w, https:\/\/autor.se\/wp-content\/uploads\/2025\/05\/Autor_Eter_textbild5-768x616.jpg 768w\" sizes=\"(max-width: 1510px) 100vw, 1510px\" \/>\t\t\t<\/figure>\n\t\t\n\t\t<div class=\"ha-member-body\">\n\t\t\t\n\t\t\t\n\t\t\t\n\t\t\t\n\t\t\t\n\t\t\t\t\t<\/div>\n\t\t\t\t<\/div>\n\t\t\t\t<\/div>\n\t\t\t\t\t<\/div>\n\t\t<\/div>\n\t\t\t\t\t<\/div>\n\t\t<\/section>\n\t\t\t\t\t<\/div>\n\t\t<\/div>\n\t\t\t\t\t<\/div>\n\t\t<\/section>\n\t\t\t\t<section class=\"elementor-section elementor-top-section elementor-element elementor-element-0848f0c elementor-section-height-min-height elementor-section-boxed elementor-section-height-default elementor-section-items-middle\" data-id=\"0848f0c\" data-element_type=\"section\" data-settings=\"{&quot;_ha_eqh_enable&quot;:false}\">\n\t\t\t\t\t\t<div class=\"elementor-container elementor-column-gap-default\">\n\t\t\t\t\t<div class=\"elementor-column elementor-col-100 elementor-top-column elementor-element elementor-element-b7eea9a\" data-id=\"b7eea9a\" data-element_type=\"column\">\n\t\t\t<div class=\"elementor-widget-wrap\">\n\t\t\t\t\t\t\t<\/div>\n\t\t<\/div>\n\t\t\t\t\t<\/div>\n\t\t<\/section>\n\t\t\t\t<section class=\"elementor-section elementor-top-section elementor-element elementor-element-82f3f90 elementor-section-boxed elementor-section-height-default elementor-section-height-default\" data-id=\"82f3f90\" data-element_type=\"section\" data-settings=\"{&quot;_ha_eqh_enable&quot;:false}\">\n\t\t\t\t\t\t<div class=\"elementor-container elementor-column-gap-default\">\n\t\t\t\t\t<div class=\"elementor-column elementor-col-100 elementor-top-column elementor-element elementor-element-c441bc5\" data-id=\"c441bc5\" data-element_type=\"column\">\n\t\t\t<div class=\"elementor-widget-wrap elementor-element-populated\">\n\t\t\t\t\t\t<div class=\"elementor-element elementor-element-f3660e1 elementor-drop-cap-yes elementor-drop-cap-view-default elementor-widget elementor-widget-text-editor\" data-id=\"f3660e1\" data-element_type=\"widget\" data-settings=\"{&quot;drop_cap&quot;:&quot;yes&quot;}\" data-widget_type=\"text-editor.default\">\n\t\t\t\t<div class=\"elementor-widget-container\">\n\t\t\t\t\t\t\t<p class=\"p1\">Efter att jag hade gett ut min bok om h\u00e5r och h\u00e5ravfall h\u00e4nde det ibland att jag blev inbjuden till olika st\u00e4llen, mestadels folkbibliotek, f\u00f6r att prata om boken eller n\u00e4rmare best\u00e4mt dess teman. Ibland var det n\u00e5gon bibliotekarie som ledde samtalet, vilket i praktiken innebar att det st\u00e4lldes n\u00e5gra allm\u00e4nt h\u00e5llna fr\u00e5gor om skrivprocessen och h\u00e5rets id\u00e9historia som jag f\u00f6rs\u00f6kte svara p\u00e5 medan jag l\u00e5tsades som om det var det mest intressanta jag h\u00f6rt p\u00e5 l\u00e4nge. Oftast f\u00f6rv\u00e4ntades jag dock sj\u00e4lv h\u00e5lla l\u00e5da, vilket jag gjorde med mer eller vanligtvis mindre framg\u00e5ng \u2013 efter varje tillf\u00e4lle noterade jag f\u00f6r mig sj\u00e4lv att jag borde ta fram ett f\u00f6rel\u00e4sningsunderlag att utg\u00e5 ifr\u00e5n ist\u00e4llet f\u00f6r att om och om igen famla mig fram bland religi\u00f6sa sedv\u00e4njor och popul\u00e4rkulturella framst\u00e4llningar.\u00a0<\/p><p>Den stora utmaningen uppenbarade sig alltid efter sj\u00e4lva framtr\u00e4dandena n\u00e4r ett antal \u00e5h\u00f6rare kom fram till mig och enligt ett till synes f\u00f6rutbest\u00e4mt m\u00f6nster ville ber\u00e4tta om sina egna alternativt sina sl\u00e4ktingars eller v\u00e4nners h\u00e5ravfall. Ibland redogjorde de rentav f\u00f6r erfarenheter av kvinnlig alopeci som de l\u00e4st om i n\u00e5gon artikel i den ena eller den andra tidningen. Jag blev aldrig klok p\u00e5 hur jag borde ha reagerat p\u00e5 dessa haranger s\u00e5 oftast stod jag bara kvar och hummade med. I de fall samtalen gled in p\u00e5 olika alternativa medicinkurer v\u00e4xlade jag mellan att l\u00e5tsas verka intresserad och att sn\u00e4sa av foliehattarna genom att referera till \u00f6msom vedertagen forskning, \u00f6msom Facebookgruppen \u201dAlopecia Sverige \u2013 Community\u201d.\u00a0<\/p><p>Vid \u00e5tminstone tv\u00e5 separata tillf\u00e4llen h\u00e4nde det att en man som sj\u00e4lv hade en redig flint kom fram f\u00f6r att prata men hela tiden st\u00e4llde sig liksom snett vid sidan av mig och s\u00e5g ut att f\u00f6rs\u00f6ka se igenom mitt h\u00e5r, som f\u00f6r att avg\u00f6ra om jag verkligen hade fog f\u00f6r det jag skrev om. \u00c4ven om det var en f\u00f6r mig ny och direkt olustig erfarenhet kunde jag inte l\u00e5ta bli att tycka att hans reaktion var rimligare och mer intressant ur ett rent litter\u00e4rt perspektiv.<\/p><p>Jag hade sj\u00e4lv r\u00e5dbr\u00e5kat min hj\u00e4rna med hur jag skulle hantera min trov\u00e4rdighet. Efter att jag den d\u00e4r morgonen f\u00f6r sju \u00e5r sedan stigit upp och i spegeln m\u00f6tts av ett kalt band runt nederdelen av huvudet, ett m\u00f6nster som jag i boken beskrev som \u201den inverterad version av den klassiska manliga flinten\u201d, dr\u00f6jde det l\u00e4nge innan jag alls f\u00f6rm\u00e5dde omvandla erfarenheten till text. Men n\u00e4r jag v\u00e4l satt ig\u00e5ng med skrivandet, och \u00e4nnu mer efter att manuset blivit antaget och sedermera utgivet, b\u00f6rjade den sporadiska h\u00e5r\u00e5terv\u00e4xten st\u00f6ra mig. Oron f\u00f6r att folk skulle tycka att jag profiterade p\u00e5 min korta period av h\u00e5ravfall, som aldrig heller lett till total h\u00e5rl\u00f6shet, det som rent medicinskt och inom communityn kallas f\u00f6r \u201dalopecia universalis\u201d och d\u00e4r \u00e4ven drabbade m\u00e4n kunde f\u00e5 \u00f6vrigas medlidande, v\u00e4xte sig allt st\u00f6rre ju f\u00e4rre kala fl\u00e4ckar jag hade att blotta vid behov.<\/p><p>Vid ett tillf\u00e4lle avvek spontanfr\u00e5gestunden fr\u00e5n sitt m\u00f6nster och en kvinna kom fram, h\u00f6gr\u00f6d i ansiktet, och skrek att det var oetiskt av mig att utnyttja barn p\u00e5 det s\u00e4tt som jag gjorde i min bok. Hon anv\u00e4nde verkligen det uttrycket, \u201datt utnyttja barn\u201d, och det tog en stund innan jag alls f\u00f6rstod vad hon syftade p\u00e5 \u2013 dottern som f\u00f6rekommer p\u00e5 n\u00e5gra st\u00e4llen men l\u00e5ngtifr\u00e5n har n\u00e5gon framtr\u00e4dande position i boken \u00e4r varken skildrad s\u00e4rskilt n\u00e4rg\u00e5nget eller ens negativt. N\u00e4r kvinnan lyckats lugna sig en aning visade det sig att det var just det som var problemet, att hon ans\u00e5g att portr\u00e4ttet av dottern var alldeles f\u00f6r schematiskt och att det var sv\u00e5rt att ana n\u00e5gon verklig person bakom trollklippningarna och scenerna d\u00e4r hon tittar p\u00e5\u00a0<i>Frost\u00a0<\/i>och\u00a0<i>Trassel<\/i>. \u201dT\u00e4nk n\u00e4r hon blir \u00e4ldre och l\u00e4ser det h\u00e4r och inser att hennes mamma aldrig \u00e4lskat henne p\u00e5 riktigt utan bara anv\u00e4nt henne som en litter\u00e4r konstruktion!\u201d<\/p><p>N\u00e4r hon sa det d\u00e4r sista med \u201dlitter\u00e4r konstruktion\u201d var hon \u00e5terigen uppeldad och jag kunde inte heller h\u00e5lla mig l\u00e4ngre utan drogs med och skrek tillbaka: \u201dJag har aldrig haft n\u00e5gon dotter! Flickan i boken \u00e4r p\u00e5hittad! Det finns ingen dotter som kommer att kunna ta \u00e5t sig! Och det \u00e4r v\u00e4l just det som k\u00e4nnetecknar litteraturen! Att man f\u00e5r anv\u00e4nda sin fantasi! Det \u00e4r synd att du inte tycker om portr\u00e4ttet av dottern men d\u00e5 \u00e4r det ett litter\u00e4rt problem, inte ett etiskt! Fast om du oroar dig f\u00f6r den verkliga dottern, hon som allts\u00e5 inte finns, har jag kanske visst lyckats! Eftersom du tror att jag \u00e4r mamma! Jag \u00e4r inte mamma! Jag har l\u00e4nge velat bli det men trots otaliga f\u00f6rs\u00f6k har jag och min man aldrig kunnat f\u00e5 barn! Du tycker s\u00e4kert att jag borde fl\u00e4ka ut mig om det ist\u00e4llet! Om v\u00e5ra m\u00e5nga IVF-behandlingar och att vi p\u00e5 sistone rentav b\u00f6rjat fundera p\u00e5 att anlita en surrogatmamma! D\u00e4r kan man b\u00f6rja tala om oetiskt moderskap! Men d\u00e5 \u00e4r det ocks\u00e5 i verkligheten! Inte i litteraturen! Ibland m\u00e5ste f\u00f6rfattare, \u00e4ven s\u00e5dana som skriver t\u00e4tt inp\u00e5 verkligheten, justera detaljer f\u00f6r att litteraturen ska k\u00e4nnas sannare!\u201d<\/p><p>N\u00e4r jag hade skrikit klart tittade jag mig omkring. Det var helt tyst i biblioteket. Kvinnan som anklagat mig f\u00f6r att skildra min icke-dotter p\u00e5 ett oetiskt s\u00e4tt hade under mina tirader backat en bra bit fr\u00e5n mig och stod nu och tryckte intill en bokhylla. De \u00f6vriga \u00e5h\u00f6rarna och de tv\u00e5 bibliotekarierna s\u00e5g p\u00e5 mig med lika delar nyfikenhet och best\u00f6rtning. Jag ins\u00e5g att n\u00e4r jag kom hem skulle jag ta denna incident, tweaka den en aning och g\u00f6ra en novell av den. Jag skulle d\u00f6pa den till \u201dF\u00f6rfattarbes\u00f6ket\u201d och n\u00e4sta g\u00e5ng jag blev inbjuden till ett bibliotek skulle jag l\u00e4sa upp den och sedan g\u00e5 direkt, utan att svara p\u00e5 n\u00e5gra fr\u00e5gor.<\/p>\t\t\t\t\t\t<\/div>\n\t\t\t\t<\/div>\n\t\t\t\t\t<\/div>\n\t\t<\/div>\n\t\t\t\t\t<\/div>\n\t\t<\/section>\n\t\t\t\t<\/div>\n\t\t","protected":false},"excerpt":{"rendered":"<p>AUTOR:ETER &#8211; MISSINFORMATION #1 F\u00f6rfattarbes\u00f6ket Helena Fagertun Efter att jag hade gett ut min bok om h\u00e5r och h\u00e5ravfall h\u00e4nde det ibland att jag blev inbjuden till olika st\u00e4llen, mestadels folkbibliotek, f\u00f6r att prata om boken eller n\u00e4rmare best\u00e4mt dess teman. Ibland var det n\u00e5gon bibliotekarie som ledde samtalet, vilket i praktiken innebar att det [&hellip;]<\/p>\n","protected":false},"author":1,"featured_media":0,"parent":0,"menu_order":0,"comment_status":"closed","ping_status":"closed","template":"","meta":{"site-sidebar-layout":"no-sidebar","site-content-layout":"page-builder","ast-site-content-layout":"","site-content-style":"default","site-sidebar-style":"default","ast-global-header-display":"","ast-banner-title-visibility":"","ast-main-header-display":"","ast-hfb-above-header-display":"","ast-hfb-below-header-display":"","ast-hfb-mobile-header-display":"","site-post-title":"disabled","ast-breadcrumbs-content":"","ast-featured-img":"disabled","footer-sml-layout":"","theme-transparent-header-meta":"disabled","adv-header-id-meta":"","stick-header-meta":"","header-above-stick-meta":"","header-main-stick-meta":"","header-below-stick-meta":"","astra-migrate-meta-layouts":"default","ast-page-background-enabled":"default","ast-page-background-meta":{"desktop":{"background-color":"var(--ast-global-color-4)","background-image":"","background-repeat":"repeat","background-position":"center center","background-size":"auto","background-attachment":"scroll","background-type":"","background-media":"","overlay-type":"","overlay-color":"","overlay-opacity":"","overlay-gradient":""},"tablet":{"background-color":"","background-image":"","background-repeat":"repeat","background-position":"center center","background-size":"auto","background-attachment":"scroll","background-type":"","background-media":"","overlay-type":"","overlay-color":"","overlay-opacity":"","overlay-gradient":""},"mobile":{"background-color":"","background-image":"","background-repeat":"repeat","background-position":"center center","background-size":"auto","background-attachment":"scroll","background-type":"","background-media":"","overlay-type":"","overlay-color":"","overlay-opacity":"","overlay-gradient":""}},"ast-content-background-meta":{"desktop":{"background-color":"var(--ast-global-color-5)","background-image":"","background-repeat":"repeat","background-position":"center center","background-size":"auto","background-attachment":"scroll","background-type":"","background-media":"","overlay-type":"","overlay-color":"","overlay-opacity":"","overlay-gradient":""},"tablet":{"background-color":"var(--ast-global-color-5)","background-image":"","background-repeat":"repeat","background-position":"center center","background-size":"auto","background-attachment":"scroll","background-type":"","background-media":"","overlay-type":"","overlay-color":"","overlay-opacity":"","overlay-gradient":""},"mobile":{"background-color":"var(--ast-global-color-5)","background-image":"","background-repeat":"repeat","background-position":"center center","background-size":"auto","background-attachment":"scroll","background-type":"","background-media":"","overlay-type":"","overlay-color":"","overlay-opacity":"","overlay-gradient":""}},"footnotes":""},"class_list":["post-1399","page","type-page","status-publish","hentry"],"yoast_head":"<!-- This site is optimized with the Yoast SEO plugin v23.4 - https:\/\/yoast.com\/wordpress\/plugins\/seo\/ -->\n<title>Autor Eter - Helena Fagertun -<\/title>\n<meta name=\"robots\" content=\"index, follow, max-snippet:-1, max-image-preview:large, max-video-preview:-1\" \/>\n<link rel=\"canonical\" href=\"https:\/\/autor.se\/index.php\/autor-eter-helena-fagertun\/\" \/>\n<meta property=\"og:locale\" content=\"sv_SE\" \/>\n<meta property=\"og:type\" content=\"article\" \/>\n<meta property=\"og:title\" content=\"Autor Eter - Helena Fagertun -\" \/>\n<meta property=\"og:description\" content=\"AUTOR:ETER &#8211; MISSINFORMATION #1 F\u00f6rfattarbes\u00f6ket Helena Fagertun Efter att jag hade gett ut min bok om h\u00e5r och h\u00e5ravfall h\u00e4nde det ibland att jag blev inbjuden till olika st\u00e4llen, mestadels folkbibliotek, f\u00f6r att prata om boken eller n\u00e4rmare best\u00e4mt dess teman. Ibland var det n\u00e5gon bibliotekarie som ledde samtalet, vilket i praktiken innebar att det [&hellip;]\" \/>\n<meta property=\"og:url\" content=\"https:\/\/autor.se\/index.php\/autor-eter-helena-fagertun\/\" \/>\n<meta property=\"article:modified_time\" content=\"2025-05-15T12:57:04+00:00\" \/>\n<meta property=\"og:image\" content=\"https:\/\/autor.se\/wp-content\/uploads\/2025\/05\/Autor_Eter_textbild5.jpg\" \/>\n<meta name=\"twitter:card\" content=\"summary_large_image\" \/>\n<meta name=\"twitter:label1\" content=\"Ber\u00e4knad l\u00e4stid\" \/>\n\t<meta name=\"twitter:data1\" content=\"5 minuter\" \/>\n<script type=\"application\/ld+json\" class=\"yoast-schema-graph\">{\"@context\":\"https:\/\/schema.org\",\"@graph\":[{\"@type\":\"WebPage\",\"@id\":\"https:\/\/autor.se\/index.php\/autor-eter-helena-fagertun\/\",\"url\":\"https:\/\/autor.se\/index.php\/autor-eter-helena-fagertun\/\",\"name\":\"Autor Eter - Helena Fagertun -\",\"isPartOf\":{\"@id\":\"https:\/\/autor.se\/#website\"},\"primaryImageOfPage\":{\"@id\":\"https:\/\/autor.se\/index.php\/autor-eter-helena-fagertun\/#primaryimage\"},\"image\":{\"@id\":\"https:\/\/autor.se\/index.php\/autor-eter-helena-fagertun\/#primaryimage\"},\"thumbnailUrl\":\"https:\/\/autor.se\/wp-content\/uploads\/2025\/05\/Autor_Eter_textbild5.jpg\",\"datePublished\":\"2025-05-09T07:01:58+00:00\",\"dateModified\":\"2025-05-15T12:57:04+00:00\",\"breadcrumb\":{\"@id\":\"https:\/\/autor.se\/index.php\/autor-eter-helena-fagertun\/#breadcrumb\"},\"inLanguage\":\"sv-SE\",\"potentialAction\":[{\"@type\":\"ReadAction\",\"target\":[\"https:\/\/autor.se\/index.php\/autor-eter-helena-fagertun\/\"]}]},{\"@type\":\"ImageObject\",\"inLanguage\":\"sv-SE\",\"@id\":\"https:\/\/autor.se\/index.php\/autor-eter-helena-fagertun\/#primaryimage\",\"url\":\"https:\/\/autor.se\/wp-content\/uploads\/2025\/05\/Autor_Eter_textbild5.jpg\",\"contentUrl\":\"https:\/\/autor.se\/wp-content\/uploads\/2025\/05\/Autor_Eter_textbild5.jpg\",\"width\":1510,\"height\":1212},{\"@type\":\"BreadcrumbList\",\"@id\":\"https:\/\/autor.se\/index.php\/autor-eter-helena-fagertun\/#breadcrumb\",\"itemListElement\":[{\"@type\":\"ListItem\",\"position\":1,\"name\":\"Hem\",\"item\":\"https:\/\/autor.se\/\"},{\"@type\":\"ListItem\",\"position\":2,\"name\":\"Autor Eter &#8211; Helena Fagertun\"}]},{\"@type\":\"WebSite\",\"@id\":\"https:\/\/autor.se\/#website\",\"url\":\"https:\/\/autor.se\/\",\"name\":\"\",\"description\":\"\",\"publisher\":{\"@id\":\"https:\/\/autor.se\/#organization\"},\"potentialAction\":[{\"@type\":\"SearchAction\",\"target\":{\"@type\":\"EntryPoint\",\"urlTemplate\":\"https:\/\/autor.se\/?s={search_term_string}\"},\"query-input\":{\"@type\":\"PropertyValueSpecification\",\"valueRequired\":true,\"valueName\":\"search_term_string\"}}],\"inLanguage\":\"sv-SE\"},{\"@type\":\"Organization\",\"@id\":\"https:\/\/autor.se\/#organization\",\"name\":\"Autor F\u00f6rlag\",\"url\":\"https:\/\/autor.se\/\",\"logo\":{\"@type\":\"ImageObject\",\"inLanguage\":\"sv-SE\",\"@id\":\"https:\/\/autor.se\/#\/schema\/logo\/image\/\",\"url\":\"https:\/\/autor.se\/wp-content\/uploads\/2020\/08\/autorstor.jpg\",\"contentUrl\":\"https:\/\/autor.se\/wp-content\/uploads\/2020\/08\/autorstor.jpg\",\"width\":314,\"height\":292,\"caption\":\"Autor F\u00f6rlag\"},\"image\":{\"@id\":\"https:\/\/autor.se\/#\/schema\/logo\/image\/\"},\"sameAs\":[\"https:\/\/www.instagram.com\/autoribilder\"]}]}<\/script>\n<!-- \/ Yoast SEO plugin. -->","yoast_head_json":{"title":"Autor Eter - Helena Fagertun -","robots":{"index":"index","follow":"follow","max-snippet":"max-snippet:-1","max-image-preview":"max-image-preview:large","max-video-preview":"max-video-preview:-1"},"canonical":"https:\/\/autor.se\/index.php\/autor-eter-helena-fagertun\/","og_locale":"sv_SE","og_type":"article","og_title":"Autor Eter - Helena Fagertun -","og_description":"AUTOR:ETER &#8211; MISSINFORMATION #1 F\u00f6rfattarbes\u00f6ket Helena Fagertun Efter att jag hade gett ut min bok om h\u00e5r och h\u00e5ravfall h\u00e4nde det ibland att jag blev inbjuden till olika st\u00e4llen, mestadels folkbibliotek, f\u00f6r att prata om boken eller n\u00e4rmare best\u00e4mt dess teman. Ibland var det n\u00e5gon bibliotekarie som ledde samtalet, vilket i praktiken innebar att det [&hellip;]","og_url":"https:\/\/autor.se\/index.php\/autor-eter-helena-fagertun\/","article_modified_time":"2025-05-15T12:57:04+00:00","og_image":[{"url":"https:\/\/autor.se\/wp-content\/uploads\/2025\/05\/Autor_Eter_textbild5.jpg"}],"twitter_card":"summary_large_image","twitter_misc":{"Ber\u00e4knad l\u00e4stid":"5 minuter"},"schema":{"@context":"https:\/\/schema.org","@graph":[{"@type":"WebPage","@id":"https:\/\/autor.se\/index.php\/autor-eter-helena-fagertun\/","url":"https:\/\/autor.se\/index.php\/autor-eter-helena-fagertun\/","name":"Autor Eter - Helena Fagertun -","isPartOf":{"@id":"https:\/\/autor.se\/#website"},"primaryImageOfPage":{"@id":"https:\/\/autor.se\/index.php\/autor-eter-helena-fagertun\/#primaryimage"},"image":{"@id":"https:\/\/autor.se\/index.php\/autor-eter-helena-fagertun\/#primaryimage"},"thumbnailUrl":"https:\/\/autor.se\/wp-content\/uploads\/2025\/05\/Autor_Eter_textbild5.jpg","datePublished":"2025-05-09T07:01:58+00:00","dateModified":"2025-05-15T12:57:04+00:00","breadcrumb":{"@id":"https:\/\/autor.se\/index.php\/autor-eter-helena-fagertun\/#breadcrumb"},"inLanguage":"sv-SE","potentialAction":[{"@type":"ReadAction","target":["https:\/\/autor.se\/index.php\/autor-eter-helena-fagertun\/"]}]},{"@type":"ImageObject","inLanguage":"sv-SE","@id":"https:\/\/autor.se\/index.php\/autor-eter-helena-fagertun\/#primaryimage","url":"https:\/\/autor.se\/wp-content\/uploads\/2025\/05\/Autor_Eter_textbild5.jpg","contentUrl":"https:\/\/autor.se\/wp-content\/uploads\/2025\/05\/Autor_Eter_textbild5.jpg","width":1510,"height":1212},{"@type":"BreadcrumbList","@id":"https:\/\/autor.se\/index.php\/autor-eter-helena-fagertun\/#breadcrumb","itemListElement":[{"@type":"ListItem","position":1,"name":"Hem","item":"https:\/\/autor.se\/"},{"@type":"ListItem","position":2,"name":"Autor Eter &#8211; Helena Fagertun"}]},{"@type":"WebSite","@id":"https:\/\/autor.se\/#website","url":"https:\/\/autor.se\/","name":"","description":"","publisher":{"@id":"https:\/\/autor.se\/#organization"},"potentialAction":[{"@type":"SearchAction","target":{"@type":"EntryPoint","urlTemplate":"https:\/\/autor.se\/?s={search_term_string}"},"query-input":{"@type":"PropertyValueSpecification","valueRequired":true,"valueName":"search_term_string"}}],"inLanguage":"sv-SE"},{"@type":"Organization","@id":"https:\/\/autor.se\/#organization","name":"Autor F\u00f6rlag","url":"https:\/\/autor.se\/","logo":{"@type":"ImageObject","inLanguage":"sv-SE","@id":"https:\/\/autor.se\/#\/schema\/logo\/image\/","url":"https:\/\/autor.se\/wp-content\/uploads\/2020\/08\/autorstor.jpg","contentUrl":"https:\/\/autor.se\/wp-content\/uploads\/2020\/08\/autorstor.jpg","width":314,"height":292,"caption":"Autor F\u00f6rlag"},"image":{"@id":"https:\/\/autor.se\/#\/schema\/logo\/image\/"},"sameAs":["https:\/\/www.instagram.com\/autoribilder"]}]}},"_links":{"self":[{"href":"https:\/\/autor.se\/index.php\/wp-json\/wp\/v2\/pages\/1399"}],"collection":[{"href":"https:\/\/autor.se\/index.php\/wp-json\/wp\/v2\/pages"}],"about":[{"href":"https:\/\/autor.se\/index.php\/wp-json\/wp\/v2\/types\/page"}],"author":[{"embeddable":true,"href":"https:\/\/autor.se\/index.php\/wp-json\/wp\/v2\/users\/1"}],"replies":[{"embeddable":true,"href":"https:\/\/autor.se\/index.php\/wp-json\/wp\/v2\/comments?post=1399"}],"version-history":[{"count":11,"href":"https:\/\/autor.se\/index.php\/wp-json\/wp\/v2\/pages\/1399\/revisions"}],"predecessor-version":[{"id":1470,"href":"https:\/\/autor.se\/index.php\/wp-json\/wp\/v2\/pages\/1399\/revisions\/1470"}],"wp:attachment":[{"href":"https:\/\/autor.se\/index.php\/wp-json\/wp\/v2\/media?parent=1399"}],"curies":[{"name":"wp","href":"https:\/\/api.w.org\/{rel}","templated":true}]}}