{"id":1402,"date":"2025-05-09T09:03:31","date_gmt":"2025-05-09T07:03:31","guid":{"rendered":"https:\/\/autor.se\/?page_id=1402"},"modified":"2025-05-09T09:04:56","modified_gmt":"2025-05-09T07:04:56","slug":"autor-eter-ramona-hezaveh","status":"publish","type":"page","link":"https:\/\/autor.se\/index.php\/autor-eter-ramona-hezaveh\/","title":{"rendered":"Autor Eter  &#8211; Ramona Hezaveh"},"content":{"rendered":"\t\t<div data-elementor-type=\"wp-post\" data-elementor-id=\"1402\" class=\"elementor elementor-1402\">\n\t\t\t\t\t\t<section class=\"elementor-section elementor-top-section elementor-element elementor-element-329e61e3 elementor-section-boxed elementor-section-height-default elementor-section-height-default\" data-id=\"329e61e3\" data-element_type=\"section\" data-settings=\"{&quot;_ha_eqh_enable&quot;:false}\">\n\t\t\t\t\t\t<div class=\"elementor-container elementor-column-gap-default\">\n\t\t\t\t\t<div class=\"elementor-column elementor-col-100 elementor-top-column elementor-element elementor-element-b57f592\" data-id=\"b57f592\" data-element_type=\"column\">\n\t\t\t<div class=\"elementor-widget-wrap elementor-element-populated\">\n\t\t\t\t\t\t<section class=\"elementor-section elementor-inner-section elementor-element elementor-element-6c8a07c elementor-section-full_width elementor-section-height-default elementor-section-height-default\" data-id=\"6c8a07c\" data-element_type=\"section\" data-settings=\"{&quot;_ha_eqh_enable&quot;:false}\">\n\t\t\t\t\t\t<div class=\"elementor-container elementor-column-gap-default\">\n\t\t\t\t\t<div class=\"elementor-column elementor-col-100 elementor-inner-column elementor-element elementor-element-225c23e\" data-id=\"225c23e\" data-element_type=\"column\">\n\t\t\t<div class=\"elementor-widget-wrap elementor-element-populated\">\n\t\t\t\t\t\t<div class=\"elementor-element elementor-element-d0130b3 elementor-widget__width-initial elementor-widget elementor-widget-heading\" data-id=\"d0130b3\" data-element_type=\"widget\" data-widget_type=\"heading.default\">\n\t\t\t\t<div class=\"elementor-widget-container\">\n\t\t\t<h2 class=\"elementor-heading-title elementor-size-default\">AUTOR:ETER - MISSINFORMATION #1<\/h2>\t\t<\/div>\n\t\t\t\t<\/div>\n\t\t\t\t\t<\/div>\n\t\t<\/div>\n\t\t\t\t\t<\/div>\n\t\t<\/section>\n\t\t\t\t<div class=\"elementor-element elementor-element-a2e6fe9 elementor-widget-divider--view-line elementor-widget elementor-widget-divider\" data-id=\"a2e6fe9\" data-element_type=\"widget\" data-widget_type=\"divider.default\">\n\t\t\t\t<div class=\"elementor-widget-container\">\n\t\t\t\t\t<div class=\"elementor-divider\">\n\t\t\t<span class=\"elementor-divider-separator\">\n\t\t\t\t\t\t<\/span>\n\t\t<\/div>\n\t\t\t\t<\/div>\n\t\t\t\t<\/div>\n\t\t\t\t\t<\/div>\n\t\t<\/div>\n\t\t\t\t\t<\/div>\n\t\t<\/section>\n\t\t\t\t<section class=\"elementor-section elementor-top-section elementor-element elementor-element-7592344 elementor-section-boxed elementor-section-height-default elementor-section-height-default\" data-id=\"7592344\" data-element_type=\"section\" data-settings=\"{&quot;_ha_eqh_enable&quot;:false}\">\n\t\t\t\t\t\t<div class=\"elementor-container elementor-column-gap-default\">\n\t\t\t\t\t<div class=\"elementor-column elementor-col-100 elementor-top-column elementor-element elementor-element-33b8f283\" data-id=\"33b8f283\" data-element_type=\"column\">\n\t\t\t<div class=\"elementor-widget-wrap elementor-element-populated\">\n\t\t\t\t\t\t<section class=\"elementor-section elementor-inner-section elementor-element elementor-element-5c62a1b3 elementor-section-height-min-height elementor-section-boxed elementor-section-height-default\" data-id=\"5c62a1b3\" data-element_type=\"section\" data-settings=\"{&quot;background_background&quot;:&quot;classic&quot;,&quot;_ha_eqh_enable&quot;:false}\">\n\t\t\t\t\t\t<div class=\"elementor-container elementor-column-gap-wide\">\n\t\t\t\t\t<div class=\"elementor-column elementor-col-50 elementor-inner-column elementor-element elementor-element-25d89d0f\" data-id=\"25d89d0f\" data-element_type=\"column\" data-settings=\"{&quot;background_background&quot;:&quot;classic&quot;}\">\n\t\t\t<div class=\"elementor-widget-wrap elementor-element-populated\">\n\t\t\t\t\t\t<div data-ha-element-link=\"{&quot;url&quot;:&quot;https:\\\/\\\/autor.se\\\/autoreter\\\/14\\\/index.htm&quot;,&quot;is_external&quot;:&quot;&quot;,&quot;nofollow&quot;:&quot;&quot;}\" style=\"cursor: pointer\" class=\"elementor-element elementor-element-4d755bef ha-has-bg-overlay elementor-widget elementor-widget-ha-member happy-addon ha-member\" data-id=\"4d755bef\" data-element_type=\"widget\" data-widget_type=\"ha-member.default\">\n\t\t\t\t<div class=\"elementor-widget-container\">\n\t\t\t\n\t\t\n\t\t<div class=\"ha-member-body\">\n\t\t\t<h2 class=\"ha-member-name\">Parallella sanningar<\/h2>\n\t\t\t\t\t\t\t<div class=\"ha-member-position\">Ramona Hezaveh<\/div>\n\t\t\t\n\t\t\t\n\t\t\t\n\t\t\t\n\t\t\t\t\t<\/div>\n\t\t\t\t<\/div>\n\t\t\t\t<\/div>\n\t\t\t\t\t<\/div>\n\t\t<\/div>\n\t\t\t\t<div class=\"elementor-column elementor-col-50 elementor-inner-column elementor-element elementor-element-5c7755bc\" data-id=\"5c7755bc\" data-element_type=\"column\">\n\t\t\t<div class=\"elementor-widget-wrap elementor-element-populated\">\n\t\t\t\t\t\t<div class=\"elementor-element elementor-element-701b6b19 ha-has-bg-overlay elementor-widget elementor-widget-ha-member happy-addon ha-member\" data-id=\"701b6b19\" data-element_type=\"widget\" data-widget_type=\"ha-member.default\">\n\t\t\t\t<div class=\"elementor-widget-container\">\n\t\t\t\n\t\t\t\t\t<figure class=\"ha-member-figure\">\n\t\t\t\t<img fetchpriority=\"high\" decoding=\"async\" width=\"1510\" height=\"1212\" src=\"https:\/\/autor.se\/wp-content\/uploads\/2025\/05\/Autor_Eter_Misinformation_Hemsida_Bilder2.jpg\" class=\"elementor-animation-disable-animation attachment-full size-full wp-image-1346\" alt=\"\" srcset=\"https:\/\/autor.se\/wp-content\/uploads\/2025\/05\/Autor_Eter_Misinformation_Hemsida_Bilder2.jpg 1510w, https:\/\/autor.se\/wp-content\/uploads\/2025\/05\/Autor_Eter_Misinformation_Hemsida_Bilder2-300x241.jpg 300w, https:\/\/autor.se\/wp-content\/uploads\/2025\/05\/Autor_Eter_Misinformation_Hemsida_Bilder2-1024x822.jpg 1024w, https:\/\/autor.se\/wp-content\/uploads\/2025\/05\/Autor_Eter_Misinformation_Hemsida_Bilder2-768x616.jpg 768w\" sizes=\"(max-width: 1510px) 100vw, 1510px\" \/>\t\t\t<\/figure>\n\t\t\n\t\t<div class=\"ha-member-body\">\n\t\t\t\n\t\t\t\n\t\t\t\n\t\t\t\n\t\t\t\n\t\t\t\t\t<\/div>\n\t\t\t\t<\/div>\n\t\t\t\t<\/div>\n\t\t\t\t\t<\/div>\n\t\t<\/div>\n\t\t\t\t\t<\/div>\n\t\t<\/section>\n\t\t\t\t\t<\/div>\n\t\t<\/div>\n\t\t\t\t\t<\/div>\n\t\t<\/section>\n\t\t\t\t<section class=\"elementor-section elementor-top-section elementor-element elementor-element-0848f0c elementor-section-height-min-height elementor-section-boxed elementor-section-height-default elementor-section-items-middle\" data-id=\"0848f0c\" data-element_type=\"section\" data-settings=\"{&quot;_ha_eqh_enable&quot;:false}\">\n\t\t\t\t\t\t<div class=\"elementor-container elementor-column-gap-default\">\n\t\t\t\t\t<div class=\"elementor-column elementor-col-100 elementor-top-column elementor-element elementor-element-b7eea9a\" data-id=\"b7eea9a\" data-element_type=\"column\">\n\t\t\t<div class=\"elementor-widget-wrap\">\n\t\t\t\t\t\t\t<\/div>\n\t\t<\/div>\n\t\t\t\t\t<\/div>\n\t\t<\/section>\n\t\t\t\t<section class=\"elementor-section elementor-top-section elementor-element elementor-element-82f3f90 elementor-section-boxed elementor-section-height-default elementor-section-height-default\" data-id=\"82f3f90\" data-element_type=\"section\" data-settings=\"{&quot;_ha_eqh_enable&quot;:false}\">\n\t\t\t\t\t\t<div class=\"elementor-container elementor-column-gap-default\">\n\t\t\t\t\t<div class=\"elementor-column elementor-col-100 elementor-top-column elementor-element elementor-element-c441bc5\" data-id=\"c441bc5\" data-element_type=\"column\">\n\t\t\t<div class=\"elementor-widget-wrap elementor-element-populated\">\n\t\t\t\t\t\t<div class=\"elementor-element elementor-element-f3660e1 elementor-widget elementor-widget-text-editor\" data-id=\"f3660e1\" data-element_type=\"widget\" data-widget_type=\"text-editor.default\">\n\t\t\t\t<div class=\"elementor-widget-container\">\n\t\t\t\t\t\t\t<p>Paniken stiger n\u00e4r batteriniv\u00e5n sjunker<br \/>S\u00f6ker n\u00e4rhet men flyr verkligheten<br \/>Vi har l\u00e4rt oss att \u00e4lska fyrkanter<br \/>Ansikten bakom filter<br \/>Sk\u00e4rmen styr pulsen<br \/>Kroppen gl\u00f6mmer att andas<br \/>Spolar f\u00f6rbi livet i fl\u00f6den<br \/>Arkiverar oss i pixlar<br \/>skuggor formar \u00f6den<br \/>Autogiro p\u00e5 falska sanningar<br \/>Prenumeration p\u00e5 l\u00f6gner<br \/>Sanningen styrs av den som har koden<br \/>en verklighet till salu i v\u00e5ra fl\u00f6den<br \/>Gillamarkeringar valuta f\u00f6r n\u00e4rhet<br \/>Vi swipar sanningar som k\u00e4rlek<br \/>h\u00f6ger f\u00f6r tro, v\u00e4nster f\u00f6r l\u00f6gner<br \/>S\u00e4ljer sj\u00e4len f\u00f6r ett klick<br \/>en loop vi inte bryter<br \/>Verkligheten en algoritm,<br \/>Hur kan man inte koppla det?<br \/>Vi \u00e4r alltid uppkopplade<br \/>\u00e4nd\u00e5 s\u00e5 fr\u00e5nkopplade<br \/>St\u00e4ndigt n\u00e4rvarande<br \/>men \u00e4nd\u00e5 aldrig h\u00e4r<br \/>Vad h\u00e4nder n\u00e4r ena v\u00e4rlden tappar t\u00e4ckning<br \/>och den andra f\u00f6rlorar mening<br \/>Och vi famlar bland algoritmerna<br \/>Letar tr\u00f6st i skuggorna<br \/>F\u00f6rlorar oss i fl\u00f6den vi inte kan styra<br \/>Fastnar i buggarna<br \/>Lever vi i uppkopplade l\u00f6gner?<br \/>Tv\u00e5 verkligheter som aldrig m\u00f6ts<br \/>\u00c4nd\u00e5 b\u00e4rs b\u00e5da i br\u00f6stet<br \/>Uppkopplingen br\u00f6ts<br \/>Din sanning min l\u00f6gn<\/p><p>I bruset blir hj\u00e4rtat sk\u00f6rt<br \/>Vem skriver egentligen verkligheten<br \/>om skuggor styr fl\u00f6den vi f\u00f6ljt?<\/p>\t\t\t\t\t\t<\/div>\n\t\t\t\t<\/div>\n\t\t\t\t\t<\/div>\n\t\t<\/div>\n\t\t\t\t\t<\/div>\n\t\t<\/section>\n\t\t\t\t<\/div>\n\t\t","protected":false},"excerpt":{"rendered":"<p>AUTOR:ETER &#8211; MISSINFORMATION #1 Parallella sanningar Ramona Hezaveh Paniken stiger n\u00e4r batteriniv\u00e5n sjunkerS\u00f6ker n\u00e4rhet men flyr verklighetenVi har l\u00e4rt oss att \u00e4lska fyrkanterAnsikten bakom filterSk\u00e4rmen styr pulsenKroppen gl\u00f6mmer att andasSpolar f\u00f6rbi livet i fl\u00f6denArkiverar oss i pixlarskuggor formar \u00f6denAutogiro p\u00e5 falska sanningarPrenumeration p\u00e5 l\u00f6gnerSanningen styrs av den som har kodenen verklighet till salu i v\u00e5ra [&hellip;]<\/p>\n","protected":false},"author":1,"featured_media":0,"parent":0,"menu_order":0,"comment_status":"closed","ping_status":"closed","template":"","meta":{"site-sidebar-layout":"no-sidebar","site-content-layout":"page-builder","ast-site-content-layout":"","site-content-style":"default","site-sidebar-style":"default","ast-global-header-display":"","ast-banner-title-visibility":"","ast-main-header-display":"","ast-hfb-above-header-display":"","ast-hfb-below-header-display":"","ast-hfb-mobile-header-display":"","site-post-title":"disabled","ast-breadcrumbs-content":"","ast-featured-img":"disabled","footer-sml-layout":"","theme-transparent-header-meta":"disabled","adv-header-id-meta":"","stick-header-meta":"","header-above-stick-meta":"","header-main-stick-meta":"","header-below-stick-meta":"","astra-migrate-meta-layouts":"default","ast-page-background-enabled":"default","ast-page-background-meta":{"desktop":{"background-color":"var(--ast-global-color-4)","background-image":"","background-repeat":"repeat","background-position":"center center","background-size":"auto","background-attachment":"scroll","background-type":"","background-media":"","overlay-type":"","overlay-color":"","overlay-opacity":"","overlay-gradient":""},"tablet":{"background-color":"","background-image":"","background-repeat":"repeat","background-position":"center center","background-size":"auto","background-attachment":"scroll","background-type":"","background-media":"","overlay-type":"","overlay-color":"","overlay-opacity":"","overlay-gradient":""},"mobile":{"background-color":"","background-image":"","background-repeat":"repeat","background-position":"center center","background-size":"auto","background-attachment":"scroll","background-type":"","background-media":"","overlay-type":"","overlay-color":"","overlay-opacity":"","overlay-gradient":""}},"ast-content-background-meta":{"desktop":{"background-color":"var(--ast-global-color-5)","background-image":"","background-repeat":"repeat","background-position":"center center","background-size":"auto","background-attachment":"scroll","background-type":"","background-media":"","overlay-type":"","overlay-color":"","overlay-opacity":"","overlay-gradient":""},"tablet":{"background-color":"var(--ast-global-color-5)","background-image":"","background-repeat":"repeat","background-position":"center center","background-size":"auto","background-attachment":"scroll","background-type":"","background-media":"","overlay-type":"","overlay-color":"","overlay-opacity":"","overlay-gradient":""},"mobile":{"background-color":"var(--ast-global-color-5)","background-image":"","background-repeat":"repeat","background-position":"center center","background-size":"auto","background-attachment":"scroll","background-type":"","background-media":"","overlay-type":"","overlay-color":"","overlay-opacity":"","overlay-gradient":""}},"footnotes":""},"class_list":["post-1402","page","type-page","status-publish","hentry"],"yoast_head":"<!-- This site is optimized with the Yoast SEO plugin v23.4 - https:\/\/yoast.com\/wordpress\/plugins\/seo\/ -->\n<title>Autor Eter - Ramona Hezaveh -<\/title>\n<meta name=\"robots\" content=\"index, follow, max-snippet:-1, max-image-preview:large, max-video-preview:-1\" \/>\n<link rel=\"canonical\" href=\"https:\/\/autor.se\/index.php\/autor-eter-ramona-hezaveh\/\" \/>\n<meta property=\"og:locale\" content=\"sv_SE\" \/>\n<meta property=\"og:type\" content=\"article\" \/>\n<meta property=\"og:title\" content=\"Autor Eter - Ramona Hezaveh -\" \/>\n<meta property=\"og:description\" content=\"AUTOR:ETER &#8211; MISSINFORMATION #1 Parallella sanningar Ramona Hezaveh Paniken stiger n\u00e4r batteriniv\u00e5n sjunkerS\u00f6ker n\u00e4rhet men flyr verklighetenVi har l\u00e4rt oss att \u00e4lska fyrkanterAnsikten bakom filterSk\u00e4rmen styr pulsenKroppen gl\u00f6mmer att andasSpolar f\u00f6rbi livet i fl\u00f6denArkiverar oss i pixlarskuggor formar \u00f6denAutogiro p\u00e5 falska sanningarPrenumeration p\u00e5 l\u00f6gnerSanningen styrs av den som har kodenen verklighet till salu i v\u00e5ra [&hellip;]\" \/>\n<meta property=\"og:url\" content=\"https:\/\/autor.se\/index.php\/autor-eter-ramona-hezaveh\/\" \/>\n<meta property=\"article:modified_time\" content=\"2025-05-09T07:04:56+00:00\" \/>\n<meta property=\"og:image\" content=\"https:\/\/autor.se\/wp-content\/uploads\/2025\/05\/Autor_Eter_Misinformation_Hemsida_Bilder2.jpg\" \/>\n<meta name=\"twitter:card\" content=\"summary_large_image\" \/>\n<meta name=\"twitter:label1\" content=\"Ber\u00e4knad l\u00e4stid\" \/>\n\t<meta name=\"twitter:data1\" content=\"2 minuter\" \/>\n<script type=\"application\/ld+json\" class=\"yoast-schema-graph\">{\"@context\":\"https:\/\/schema.org\",\"@graph\":[{\"@type\":\"WebPage\",\"@id\":\"https:\/\/autor.se\/index.php\/autor-eter-ramona-hezaveh\/\",\"url\":\"https:\/\/autor.se\/index.php\/autor-eter-ramona-hezaveh\/\",\"name\":\"Autor Eter - Ramona Hezaveh -\",\"isPartOf\":{\"@id\":\"https:\/\/autor.se\/#website\"},\"primaryImageOfPage\":{\"@id\":\"https:\/\/autor.se\/index.php\/autor-eter-ramona-hezaveh\/#primaryimage\"},\"image\":{\"@id\":\"https:\/\/autor.se\/index.php\/autor-eter-ramona-hezaveh\/#primaryimage\"},\"thumbnailUrl\":\"https:\/\/autor.se\/wp-content\/uploads\/2025\/05\/Autor_Eter_Misinformation_Hemsida_Bilder2.jpg\",\"datePublished\":\"2025-05-09T07:03:31+00:00\",\"dateModified\":\"2025-05-09T07:04:56+00:00\",\"breadcrumb\":{\"@id\":\"https:\/\/autor.se\/index.php\/autor-eter-ramona-hezaveh\/#breadcrumb\"},\"inLanguage\":\"sv-SE\",\"potentialAction\":[{\"@type\":\"ReadAction\",\"target\":[\"https:\/\/autor.se\/index.php\/autor-eter-ramona-hezaveh\/\"]}]},{\"@type\":\"ImageObject\",\"inLanguage\":\"sv-SE\",\"@id\":\"https:\/\/autor.se\/index.php\/autor-eter-ramona-hezaveh\/#primaryimage\",\"url\":\"https:\/\/autor.se\/wp-content\/uploads\/2025\/05\/Autor_Eter_Misinformation_Hemsida_Bilder2.jpg\",\"contentUrl\":\"https:\/\/autor.se\/wp-content\/uploads\/2025\/05\/Autor_Eter_Misinformation_Hemsida_Bilder2.jpg\",\"width\":1510,\"height\":1212},{\"@type\":\"BreadcrumbList\",\"@id\":\"https:\/\/autor.se\/index.php\/autor-eter-ramona-hezaveh\/#breadcrumb\",\"itemListElement\":[{\"@type\":\"ListItem\",\"position\":1,\"name\":\"Hem\",\"item\":\"https:\/\/autor.se\/\"},{\"@type\":\"ListItem\",\"position\":2,\"name\":\"Autor Eter &#8211; Ramona Hezaveh\"}]},{\"@type\":\"WebSite\",\"@id\":\"https:\/\/autor.se\/#website\",\"url\":\"https:\/\/autor.se\/\",\"name\":\"\",\"description\":\"\",\"publisher\":{\"@id\":\"https:\/\/autor.se\/#organization\"},\"potentialAction\":[{\"@type\":\"SearchAction\",\"target\":{\"@type\":\"EntryPoint\",\"urlTemplate\":\"https:\/\/autor.se\/?s={search_term_string}\"},\"query-input\":{\"@type\":\"PropertyValueSpecification\",\"valueRequired\":true,\"valueName\":\"search_term_string\"}}],\"inLanguage\":\"sv-SE\"},{\"@type\":\"Organization\",\"@id\":\"https:\/\/autor.se\/#organization\",\"name\":\"Autor F\u00f6rlag\",\"url\":\"https:\/\/autor.se\/\",\"logo\":{\"@type\":\"ImageObject\",\"inLanguage\":\"sv-SE\",\"@id\":\"https:\/\/autor.se\/#\/schema\/logo\/image\/\",\"url\":\"https:\/\/autor.se\/wp-content\/uploads\/2020\/08\/autorstor.jpg\",\"contentUrl\":\"https:\/\/autor.se\/wp-content\/uploads\/2020\/08\/autorstor.jpg\",\"width\":314,\"height\":292,\"caption\":\"Autor F\u00f6rlag\"},\"image\":{\"@id\":\"https:\/\/autor.se\/#\/schema\/logo\/image\/\"},\"sameAs\":[\"https:\/\/www.instagram.com\/autoribilder\"]}]}<\/script>\n<!-- \/ Yoast SEO plugin. -->","yoast_head_json":{"title":"Autor Eter - Ramona Hezaveh -","robots":{"index":"index","follow":"follow","max-snippet":"max-snippet:-1","max-image-preview":"max-image-preview:large","max-video-preview":"max-video-preview:-1"},"canonical":"https:\/\/autor.se\/index.php\/autor-eter-ramona-hezaveh\/","og_locale":"sv_SE","og_type":"article","og_title":"Autor Eter - Ramona Hezaveh -","og_description":"AUTOR:ETER &#8211; MISSINFORMATION #1 Parallella sanningar Ramona Hezaveh Paniken stiger n\u00e4r batteriniv\u00e5n sjunkerS\u00f6ker n\u00e4rhet men flyr verklighetenVi har l\u00e4rt oss att \u00e4lska fyrkanterAnsikten bakom filterSk\u00e4rmen styr pulsenKroppen gl\u00f6mmer att andasSpolar f\u00f6rbi livet i fl\u00f6denArkiverar oss i pixlarskuggor formar \u00f6denAutogiro p\u00e5 falska sanningarPrenumeration p\u00e5 l\u00f6gnerSanningen styrs av den som har kodenen verklighet till salu i v\u00e5ra [&hellip;]","og_url":"https:\/\/autor.se\/index.php\/autor-eter-ramona-hezaveh\/","article_modified_time":"2025-05-09T07:04:56+00:00","og_image":[{"url":"https:\/\/autor.se\/wp-content\/uploads\/2025\/05\/Autor_Eter_Misinformation_Hemsida_Bilder2.jpg"}],"twitter_card":"summary_large_image","twitter_misc":{"Ber\u00e4knad l\u00e4stid":"2 minuter"},"schema":{"@context":"https:\/\/schema.org","@graph":[{"@type":"WebPage","@id":"https:\/\/autor.se\/index.php\/autor-eter-ramona-hezaveh\/","url":"https:\/\/autor.se\/index.php\/autor-eter-ramona-hezaveh\/","name":"Autor Eter - Ramona Hezaveh -","isPartOf":{"@id":"https:\/\/autor.se\/#website"},"primaryImageOfPage":{"@id":"https:\/\/autor.se\/index.php\/autor-eter-ramona-hezaveh\/#primaryimage"},"image":{"@id":"https:\/\/autor.se\/index.php\/autor-eter-ramona-hezaveh\/#primaryimage"},"thumbnailUrl":"https:\/\/autor.se\/wp-content\/uploads\/2025\/05\/Autor_Eter_Misinformation_Hemsida_Bilder2.jpg","datePublished":"2025-05-09T07:03:31+00:00","dateModified":"2025-05-09T07:04:56+00:00","breadcrumb":{"@id":"https:\/\/autor.se\/index.php\/autor-eter-ramona-hezaveh\/#breadcrumb"},"inLanguage":"sv-SE","potentialAction":[{"@type":"ReadAction","target":["https:\/\/autor.se\/index.php\/autor-eter-ramona-hezaveh\/"]}]},{"@type":"ImageObject","inLanguage":"sv-SE","@id":"https:\/\/autor.se\/index.php\/autor-eter-ramona-hezaveh\/#primaryimage","url":"https:\/\/autor.se\/wp-content\/uploads\/2025\/05\/Autor_Eter_Misinformation_Hemsida_Bilder2.jpg","contentUrl":"https:\/\/autor.se\/wp-content\/uploads\/2025\/05\/Autor_Eter_Misinformation_Hemsida_Bilder2.jpg","width":1510,"height":1212},{"@type":"BreadcrumbList","@id":"https:\/\/autor.se\/index.php\/autor-eter-ramona-hezaveh\/#breadcrumb","itemListElement":[{"@type":"ListItem","position":1,"name":"Hem","item":"https:\/\/autor.se\/"},{"@type":"ListItem","position":2,"name":"Autor Eter &#8211; Ramona Hezaveh"}]},{"@type":"WebSite","@id":"https:\/\/autor.se\/#website","url":"https:\/\/autor.se\/","name":"","description":"","publisher":{"@id":"https:\/\/autor.se\/#organization"},"potentialAction":[{"@type":"SearchAction","target":{"@type":"EntryPoint","urlTemplate":"https:\/\/autor.se\/?s={search_term_string}"},"query-input":{"@type":"PropertyValueSpecification","valueRequired":true,"valueName":"search_term_string"}}],"inLanguage":"sv-SE"},{"@type":"Organization","@id":"https:\/\/autor.se\/#organization","name":"Autor F\u00f6rlag","url":"https:\/\/autor.se\/","logo":{"@type":"ImageObject","inLanguage":"sv-SE","@id":"https:\/\/autor.se\/#\/schema\/logo\/image\/","url":"https:\/\/autor.se\/wp-content\/uploads\/2020\/08\/autorstor.jpg","contentUrl":"https:\/\/autor.se\/wp-content\/uploads\/2020\/08\/autorstor.jpg","width":314,"height":292,"caption":"Autor F\u00f6rlag"},"image":{"@id":"https:\/\/autor.se\/#\/schema\/logo\/image\/"},"sameAs":["https:\/\/www.instagram.com\/autoribilder"]}]}},"_links":{"self":[{"href":"https:\/\/autor.se\/index.php\/wp-json\/wp\/v2\/pages\/1402"}],"collection":[{"href":"https:\/\/autor.se\/index.php\/wp-json\/wp\/v2\/pages"}],"about":[{"href":"https:\/\/autor.se\/index.php\/wp-json\/wp\/v2\/types\/page"}],"author":[{"embeddable":true,"href":"https:\/\/autor.se\/index.php\/wp-json\/wp\/v2\/users\/1"}],"replies":[{"embeddable":true,"href":"https:\/\/autor.se\/index.php\/wp-json\/wp\/v2\/comments?post=1402"}],"version-history":[{"count":4,"href":"https:\/\/autor.se\/index.php\/wp-json\/wp\/v2\/pages\/1402\/revisions"}],"predecessor-version":[{"id":1406,"href":"https:\/\/autor.se\/index.php\/wp-json\/wp\/v2\/pages\/1402\/revisions\/1406"}],"wp:attachment":[{"href":"https:\/\/autor.se\/index.php\/wp-json\/wp\/v2\/media?parent=1402"}],"curies":[{"name":"wp","href":"https:\/\/api.w.org\/{rel}","templated":true}]}}