{"id":216,"date":"2020-08-30T19:31:42","date_gmt":"2020-08-30T17:31:42","guid":{"rendered":"https:\/\/autor.se\/?page_id=216"},"modified":"2025-02-01T10:07:02","modified_gmt":"2025-02-01T09:07:02","slug":"tvarsover-otysta-tider-across-unquiet-times-imri-sandstrom","status":"publish","type":"page","link":"https:\/\/autor.se\/index.php\/tvarsover-otysta-tider-across-unquiet-times-imri-sandstrom\/","title":{"rendered":"Tv\u00e4rs\u00f6ver otysta tider \/ Across Unquiet Times | Imri Sandstr\u00f6m"},"content":{"rendered":"\t\t<div data-elementor-type=\"wp-post\" data-elementor-id=\"216\" class=\"elementor elementor-216\">\n\t\t\t\t\t\t<section class=\"elementor-section elementor-top-section elementor-element elementor-element-b95103f elementor-section-boxed elementor-section-height-default elementor-section-height-default\" data-id=\"b95103f\" data-element_type=\"section\" data-settings=\"{&quot;_ha_eqh_enable&quot;:false}\">\n\t\t\t\t\t\t<div class=\"elementor-container elementor-column-gap-default\">\n\t\t\t\t\t\t<\/div>\n\t\t<\/section>\n\t\t\t\t<section class=\"elementor-section elementor-top-section elementor-element elementor-element-e9c6791 elementor-section-boxed elementor-section-height-default elementor-section-height-default\" data-id=\"e9c6791\" data-element_type=\"section\" data-settings=\"{&quot;_ha_eqh_enable&quot;:false}\">\n\t\t\t\t\t\t<div class=\"elementor-container elementor-column-gap-default\">\n\t\t\t\t\t<div class=\"elementor-column elementor-col-50 elementor-top-column elementor-element elementor-element-488c0e5\" data-id=\"488c0e5\" data-element_type=\"column\">\n\t\t\t<div class=\"elementor-widget-wrap elementor-element-populated\">\n\t\t\t\t\t\t<div class=\"elementor-element elementor-element-762b9d3 elementor-widget elementor-widget-image\" data-id=\"762b9d3\" data-element_type=\"widget\" data-widget_type=\"image.default\">\n\t\t\t\t<div class=\"elementor-widget-container\">\n\t\t\t\t\t\t\t\t\t\t\t\t\t<img fetchpriority=\"high\" decoding=\"async\" width=\"1880\" height=\"1880\" src=\"https:\/\/autor.se\/wp-content\/uploads\/2024\/11\/Otysta_tider-1.jpg\" class=\"attachment-full size-full wp-image-816\" alt=\"\" srcset=\"https:\/\/autor.se\/wp-content\/uploads\/2024\/11\/Otysta_tider-1.jpg 1880w, https:\/\/autor.se\/wp-content\/uploads\/2024\/11\/Otysta_tider-1-300x300.jpg 300w, https:\/\/autor.se\/wp-content\/uploads\/2024\/11\/Otysta_tider-1-1024x1024.jpg 1024w, https:\/\/autor.se\/wp-content\/uploads\/2024\/11\/Otysta_tider-1-150x150.jpg 150w, https:\/\/autor.se\/wp-content\/uploads\/2024\/11\/Otysta_tider-1-768x768.jpg 768w, https:\/\/autor.se\/wp-content\/uploads\/2024\/11\/Otysta_tider-1-1536x1536.jpg 1536w\" sizes=\"(max-width: 1880px) 100vw, 1880px\" \/>\t\t\t\t\t\t\t\t\t\t\t\t\t<\/div>\n\t\t\t\t<\/div>\n\t\t\t\t\t<\/div>\n\t\t<\/div>\n\t\t\t\t<div class=\"elementor-column elementor-col-50 elementor-top-column elementor-element elementor-element-7ed1c8c\" data-id=\"7ed1c8c\" data-element_type=\"column\">\n\t\t\t<div class=\"elementor-widget-wrap elementor-element-populated\">\n\t\t\t\t\t\t<div class=\"elementor-element elementor-element-3822e64 elementor-widget elementor-widget-heading\" data-id=\"3822e64\" data-element_type=\"widget\" data-widget_type=\"heading.default\">\n\t\t\t\t<div class=\"elementor-widget-container\">\n\t\t\t<h2 class=\"elementor-heading-title elementor-size-default\">Tv\u00e4rs\u00f6ver otysta tider \/ Across Unquiet Times | Imri Sandstr\u00f6m<\/h2>\t\t<\/div>\n\t\t\t\t<\/div>\n\t\t\t\t<div class=\"elementor-element elementor-element-308cc25 elementor-widget elementor-widget-text-editor\" data-id=\"308cc25\" data-element_type=\"widget\" data-widget_type=\"text-editor.default\">\n\t\t\t\t<div class=\"elementor-widget-container\">\n\t\t\t\t\t\t\t<p><i>Tv\u00e4rs\u00f6ver otysta tider \/ Across Unquiet Times<\/i> \u00e4r en tv\u00e5spr\u00e5kig avhandling i litter\u00e4r gestaltning som uppm\u00e4rksammar det oroliga\/onybyggande (unsettling) och det otysta (unquiet) i V\u00e4sterbottens och New Englands historier och spr\u00e5k.<\/p>\n<p>Genom \u00f6vers\u00e4ttande skrivande och ordvitsande r\u00f6jer Imri Sandstr\u00f6m h\u00e4r b\u00e5de sly och mark i Sveriges nybyggarkoloniala historia och nutid, skriver profetiskt om profetisk dikt, lyssnar till lyssnandets hegemoniska historia och framf\u00f6r det f\u00f6rflutna.<\/p>\n<p>Avhandlingen utg\u00f6r en del av Imri Sandstr\u00f6ms forskningsprojekt \u201dHowe Across Reading \u2013 Performing the Past\u201d. Autor har tidigare gett ut Sandstr\u00f6ms <i>Det kommande skallet \/ The Coming Shall<\/i> som ing\u00e5r i samma projekt.<\/p>\n<p>Imri Sandstr\u00f6m \u00e4r konstn\u00e4r, f\u00f6dd 1980 och uppvuxen i Ume\u00e5. Tv\u00e4rs\u00f6ver otysta tider \/ Across Unquiet Times \u00e4r hennes avhandling i Litter\u00e4r gestaltning vid Akademin Valand, G\u00f6teborgs universitet.<\/p>\t\t\t\t\t\t<\/div>\n\t\t\t\t<\/div>\n\t\t\t\t<div class=\"elementor-element elementor-element-b08418d elementor-widget__width-auto elementor-widget elementor-widget-button\" data-id=\"b08418d\" data-element_type=\"widget\" data-widget_type=\"button.default\">\n\t\t\t\t<div class=\"elementor-widget-container\">\n\t\t\t\t\t<div class=\"elementor-button-wrapper\">\n\t\t\t<a class=\"elementor-button elementor-button-link elementor-size-xs\" href=\"https:\/\/www.bokus.com\/bok\/9789198403732\/tvarsover-otysta-tider-across-unquiet-times\/\">\n\t\t\t\t\t\t<span class=\"elementor-button-content-wrapper\">\n\t\t\t\t\t\t\t\t\t<span class=\"elementor-button-text\">K\u00f6p hos Bokus<\/span>\n\t\t\t\t\t<\/span>\n\t\t\t\t\t<\/a>\n\t\t<\/div>\n\t\t\t\t<\/div>\n\t\t\t\t<\/div>\n\t\t\t\t<div class=\"elementor-element elementor-element-1543eb0 elementor-widget__width-auto elementor-widget elementor-widget-button\" data-id=\"1543eb0\" data-element_type=\"widget\" data-widget_type=\"button.default\">\n\t\t\t\t<div class=\"elementor-widget-container\">\n\t\t\t\t\t<div class=\"elementor-button-wrapper\">\n\t\t\t<a class=\"elementor-button elementor-button-link elementor-size-xs\" href=\"https:\/\/www.adlibris.com\/se\/bok\/tvarsover-otysta-tider-across-unquiet-times-9789198403732\">\n\t\t\t\t\t\t<span class=\"elementor-button-content-wrapper\">\n\t\t\t\t\t\t\t\t\t<span class=\"elementor-button-text\">K\u00f6p hos Adlibris<\/span>\n\t\t\t\t\t<\/span>\n\t\t\t\t\t<\/a>\n\t\t<\/div>\n\t\t\t\t<\/div>\n\t\t\t\t<\/div>\n\t\t\t\t\t<\/div>\n\t\t<\/div>\n\t\t\t\t\t<\/div>\n\t\t<\/section>\n\t\t\t\t<\/div>\n\t\t","protected":false},"excerpt":{"rendered":"<p>Tv\u00e4rs\u00f6ver otysta tider \/ Across Unquiet Times | Imri Sandstr\u00f6m Tv\u00e4rs\u00f6ver otysta tider \/ Across Unquiet Times \u00e4r en tv\u00e5spr\u00e5kig avhandling i litter\u00e4r gestaltning som uppm\u00e4rksammar det oroliga\/onybyggande (unsettling) och det otysta (unquiet) i V\u00e4sterbottens och New Englands historier och spr\u00e5k. Genom \u00f6vers\u00e4ttande skrivande och ordvitsande r\u00f6jer Imri Sandstr\u00f6m h\u00e4r b\u00e5de sly och mark i [&hellip;]<\/p>\n","protected":false},"author":1,"featured_media":0,"parent":0,"menu_order":0,"comment_status":"closed","ping_status":"closed","template":"elementor_header_footer","meta":{"site-sidebar-layout":"no-sidebar","site-content-layout":"page-builder","ast-site-content-layout":"","site-content-style":"default","site-sidebar-style":"default","ast-global-header-display":"","ast-banner-title-visibility":"","ast-main-header-display":"","ast-hfb-above-header-display":"","ast-hfb-below-header-display":"","ast-hfb-mobile-header-display":"","site-post-title":"disabled","ast-breadcrumbs-content":"","ast-featured-img":"disabled","footer-sml-layout":"","theme-transparent-header-meta":"disabled","adv-header-id-meta":"","stick-header-meta":"","header-above-stick-meta":"","header-main-stick-meta":"","header-below-stick-meta":"","astra-migrate-meta-layouts":"default","ast-page-background-enabled":"default","ast-page-background-meta":{"desktop":{"background-color":"var(--ast-global-color-4)","background-image":"","background-repeat":"repeat","background-position":"center center","background-size":"auto","background-attachment":"scroll","background-type":"","background-media":"","overlay-type":"","overlay-color":"","overlay-opacity":"","overlay-gradient":""},"tablet":{"background-color":"","background-image":"","background-repeat":"repeat","background-position":"center center","background-size":"auto","background-attachment":"scroll","background-type":"","background-media":"","overlay-type":"","overlay-color":"","overlay-opacity":"","overlay-gradient":""},"mobile":{"background-color":"","background-image":"","background-repeat":"repeat","background-position":"center center","background-size":"auto","background-attachment":"scroll","background-type":"","background-media":"","overlay-type":"","overlay-color":"","overlay-opacity":"","overlay-gradient":""}},"ast-content-background-meta":{"desktop":{"background-color":"var(--ast-global-color-5)","background-image":"","background-repeat":"repeat","background-position":"center center","background-size":"auto","background-attachment":"scroll","background-type":"","background-media":"","overlay-type":"","overlay-color":"","overlay-opacity":"","overlay-gradient":""},"tablet":{"background-color":"var(--ast-global-color-5)","background-image":"","background-repeat":"repeat","background-position":"center center","background-size":"auto","background-attachment":"scroll","background-type":"","background-media":"","overlay-type":"","overlay-color":"","overlay-opacity":"","overlay-gradient":""},"mobile":{"background-color":"var(--ast-global-color-5)","background-image":"","background-repeat":"repeat","background-position":"center center","background-size":"auto","background-attachment":"scroll","background-type":"","background-media":"","overlay-type":"","overlay-color":"","overlay-opacity":"","overlay-gradient":""}},"footnotes":""},"class_list":["post-216","page","type-page","status-publish","hentry"],"yoast_head":"<!-- This site is optimized with the Yoast SEO plugin v23.4 - https:\/\/yoast.com\/wordpress\/plugins\/seo\/ -->\n<title>Tv\u00e4rs\u00f6ver otysta tider \/ Across Unquiet Times | Imri Sandstr\u00f6m -<\/title>\n<meta name=\"robots\" content=\"index, follow, max-snippet:-1, max-image-preview:large, max-video-preview:-1\" \/>\n<link rel=\"canonical\" href=\"https:\/\/autor.se\/index.php\/tvarsover-otysta-tider-across-unquiet-times-imri-sandstrom\/\" \/>\n<meta property=\"og:locale\" content=\"sv_SE\" \/>\n<meta property=\"og:type\" content=\"article\" \/>\n<meta property=\"og:title\" content=\"Tv\u00e4rs\u00f6ver otysta tider \/ Across Unquiet Times | Imri Sandstr\u00f6m -\" \/>\n<meta property=\"og:description\" content=\"Tv\u00e4rs\u00f6ver otysta tider \/ Across Unquiet Times | Imri Sandstr\u00f6m Tv\u00e4rs\u00f6ver otysta tider \/ Across Unquiet Times \u00e4r en tv\u00e5spr\u00e5kig avhandling i litter\u00e4r gestaltning som uppm\u00e4rksammar det oroliga\/onybyggande (unsettling) och det otysta (unquiet) i V\u00e4sterbottens och New Englands historier och spr\u00e5k. Genom \u00f6vers\u00e4ttande skrivande och ordvitsande r\u00f6jer Imri Sandstr\u00f6m h\u00e4r b\u00e5de sly och mark i [&hellip;]\" \/>\n<meta property=\"og:url\" content=\"https:\/\/autor.se\/index.php\/tvarsover-otysta-tider-across-unquiet-times-imri-sandstrom\/\" \/>\n<meta property=\"article:modified_time\" content=\"2025-02-01T09:07:02+00:00\" \/>\n<meta property=\"og:image\" content=\"https:\/\/autor.se\/wp-content\/uploads\/2024\/11\/Otysta_tider-1.jpg\" \/>\n<meta name=\"twitter:card\" content=\"summary_large_image\" \/>\n<meta name=\"twitter:label1\" content=\"Ber\u00e4knad l\u00e4stid\" \/>\n\t<meta name=\"twitter:data1\" content=\"1 minut\" \/>\n<script type=\"application\/ld+json\" class=\"yoast-schema-graph\">{\"@context\":\"https:\/\/schema.org\",\"@graph\":[{\"@type\":\"WebPage\",\"@id\":\"https:\/\/autor.se\/index.php\/tvarsover-otysta-tider-across-unquiet-times-imri-sandstrom\/\",\"url\":\"https:\/\/autor.se\/index.php\/tvarsover-otysta-tider-across-unquiet-times-imri-sandstrom\/\",\"name\":\"Tv\u00e4rs\u00f6ver otysta tider \/ Across Unquiet Times | Imri Sandstr\u00f6m -\",\"isPartOf\":{\"@id\":\"https:\/\/autor.se\/#website\"},\"primaryImageOfPage\":{\"@id\":\"https:\/\/autor.se\/index.php\/tvarsover-otysta-tider-across-unquiet-times-imri-sandstrom\/#primaryimage\"},\"image\":{\"@id\":\"https:\/\/autor.se\/index.php\/tvarsover-otysta-tider-across-unquiet-times-imri-sandstrom\/#primaryimage\"},\"thumbnailUrl\":\"https:\/\/autor.se\/wp-content\/uploads\/2024\/11\/Otysta_tider-1.jpg\",\"datePublished\":\"2020-08-30T17:31:42+00:00\",\"dateModified\":\"2025-02-01T09:07:02+00:00\",\"breadcrumb\":{\"@id\":\"https:\/\/autor.se\/index.php\/tvarsover-otysta-tider-across-unquiet-times-imri-sandstrom\/#breadcrumb\"},\"inLanguage\":\"sv-SE\",\"potentialAction\":[{\"@type\":\"ReadAction\",\"target\":[\"https:\/\/autor.se\/index.php\/tvarsover-otysta-tider-across-unquiet-times-imri-sandstrom\/\"]}]},{\"@type\":\"ImageObject\",\"inLanguage\":\"sv-SE\",\"@id\":\"https:\/\/autor.se\/index.php\/tvarsover-otysta-tider-across-unquiet-times-imri-sandstrom\/#primaryimage\",\"url\":\"https:\/\/autor.se\/wp-content\/uploads\/2024\/11\/Otysta_tider-1.jpg\",\"contentUrl\":\"https:\/\/autor.se\/wp-content\/uploads\/2024\/11\/Otysta_tider-1.jpg\",\"width\":1880,\"height\":1880},{\"@type\":\"BreadcrumbList\",\"@id\":\"https:\/\/autor.se\/index.php\/tvarsover-otysta-tider-across-unquiet-times-imri-sandstrom\/#breadcrumb\",\"itemListElement\":[{\"@type\":\"ListItem\",\"position\":1,\"name\":\"Hem\",\"item\":\"https:\/\/autor.se\/\"},{\"@type\":\"ListItem\",\"position\":2,\"name\":\"Tv\u00e4rs\u00f6ver otysta tider \/ Across Unquiet Times | Imri Sandstr\u00f6m\"}]},{\"@type\":\"WebSite\",\"@id\":\"https:\/\/autor.se\/#website\",\"url\":\"https:\/\/autor.se\/\",\"name\":\"\",\"description\":\"\",\"publisher\":{\"@id\":\"https:\/\/autor.se\/#organization\"},\"potentialAction\":[{\"@type\":\"SearchAction\",\"target\":{\"@type\":\"EntryPoint\",\"urlTemplate\":\"https:\/\/autor.se\/?s={search_term_string}\"},\"query-input\":{\"@type\":\"PropertyValueSpecification\",\"valueRequired\":true,\"valueName\":\"search_term_string\"}}],\"inLanguage\":\"sv-SE\"},{\"@type\":\"Organization\",\"@id\":\"https:\/\/autor.se\/#organization\",\"name\":\"Autor F\u00f6rlag\",\"url\":\"https:\/\/autor.se\/\",\"logo\":{\"@type\":\"ImageObject\",\"inLanguage\":\"sv-SE\",\"@id\":\"https:\/\/autor.se\/#\/schema\/logo\/image\/\",\"url\":\"https:\/\/autor.se\/wp-content\/uploads\/2020\/08\/autorstor.jpg\",\"contentUrl\":\"https:\/\/autor.se\/wp-content\/uploads\/2020\/08\/autorstor.jpg\",\"width\":314,\"height\":292,\"caption\":\"Autor F\u00f6rlag\"},\"image\":{\"@id\":\"https:\/\/autor.se\/#\/schema\/logo\/image\/\"},\"sameAs\":[\"https:\/\/www.instagram.com\/autoribilder\"]}]}<\/script>\n<!-- \/ Yoast SEO plugin. -->","yoast_head_json":{"title":"Tv\u00e4rs\u00f6ver otysta tider \/ Across Unquiet Times | Imri Sandstr\u00f6m -","robots":{"index":"index","follow":"follow","max-snippet":"max-snippet:-1","max-image-preview":"max-image-preview:large","max-video-preview":"max-video-preview:-1"},"canonical":"https:\/\/autor.se\/index.php\/tvarsover-otysta-tider-across-unquiet-times-imri-sandstrom\/","og_locale":"sv_SE","og_type":"article","og_title":"Tv\u00e4rs\u00f6ver otysta tider \/ Across Unquiet Times | Imri Sandstr\u00f6m -","og_description":"Tv\u00e4rs\u00f6ver otysta tider \/ Across Unquiet Times | Imri Sandstr\u00f6m Tv\u00e4rs\u00f6ver otysta tider \/ Across Unquiet Times \u00e4r en tv\u00e5spr\u00e5kig avhandling i litter\u00e4r gestaltning som uppm\u00e4rksammar det oroliga\/onybyggande (unsettling) och det otysta (unquiet) i V\u00e4sterbottens och New Englands historier och spr\u00e5k. Genom \u00f6vers\u00e4ttande skrivande och ordvitsande r\u00f6jer Imri Sandstr\u00f6m h\u00e4r b\u00e5de sly och mark i [&hellip;]","og_url":"https:\/\/autor.se\/index.php\/tvarsover-otysta-tider-across-unquiet-times-imri-sandstrom\/","article_modified_time":"2025-02-01T09:07:02+00:00","og_image":[{"url":"https:\/\/autor.se\/wp-content\/uploads\/2024\/11\/Otysta_tider-1.jpg"}],"twitter_card":"summary_large_image","twitter_misc":{"Ber\u00e4knad l\u00e4stid":"1 minut"},"schema":{"@context":"https:\/\/schema.org","@graph":[{"@type":"WebPage","@id":"https:\/\/autor.se\/index.php\/tvarsover-otysta-tider-across-unquiet-times-imri-sandstrom\/","url":"https:\/\/autor.se\/index.php\/tvarsover-otysta-tider-across-unquiet-times-imri-sandstrom\/","name":"Tv\u00e4rs\u00f6ver otysta tider \/ Across Unquiet Times | Imri Sandstr\u00f6m -","isPartOf":{"@id":"https:\/\/autor.se\/#website"},"primaryImageOfPage":{"@id":"https:\/\/autor.se\/index.php\/tvarsover-otysta-tider-across-unquiet-times-imri-sandstrom\/#primaryimage"},"image":{"@id":"https:\/\/autor.se\/index.php\/tvarsover-otysta-tider-across-unquiet-times-imri-sandstrom\/#primaryimage"},"thumbnailUrl":"https:\/\/autor.se\/wp-content\/uploads\/2024\/11\/Otysta_tider-1.jpg","datePublished":"2020-08-30T17:31:42+00:00","dateModified":"2025-02-01T09:07:02+00:00","breadcrumb":{"@id":"https:\/\/autor.se\/index.php\/tvarsover-otysta-tider-across-unquiet-times-imri-sandstrom\/#breadcrumb"},"inLanguage":"sv-SE","potentialAction":[{"@type":"ReadAction","target":["https:\/\/autor.se\/index.php\/tvarsover-otysta-tider-across-unquiet-times-imri-sandstrom\/"]}]},{"@type":"ImageObject","inLanguage":"sv-SE","@id":"https:\/\/autor.se\/index.php\/tvarsover-otysta-tider-across-unquiet-times-imri-sandstrom\/#primaryimage","url":"https:\/\/autor.se\/wp-content\/uploads\/2024\/11\/Otysta_tider-1.jpg","contentUrl":"https:\/\/autor.se\/wp-content\/uploads\/2024\/11\/Otysta_tider-1.jpg","width":1880,"height":1880},{"@type":"BreadcrumbList","@id":"https:\/\/autor.se\/index.php\/tvarsover-otysta-tider-across-unquiet-times-imri-sandstrom\/#breadcrumb","itemListElement":[{"@type":"ListItem","position":1,"name":"Hem","item":"https:\/\/autor.se\/"},{"@type":"ListItem","position":2,"name":"Tv\u00e4rs\u00f6ver otysta tider \/ Across Unquiet Times | Imri Sandstr\u00f6m"}]},{"@type":"WebSite","@id":"https:\/\/autor.se\/#website","url":"https:\/\/autor.se\/","name":"","description":"","publisher":{"@id":"https:\/\/autor.se\/#organization"},"potentialAction":[{"@type":"SearchAction","target":{"@type":"EntryPoint","urlTemplate":"https:\/\/autor.se\/?s={search_term_string}"},"query-input":{"@type":"PropertyValueSpecification","valueRequired":true,"valueName":"search_term_string"}}],"inLanguage":"sv-SE"},{"@type":"Organization","@id":"https:\/\/autor.se\/#organization","name":"Autor F\u00f6rlag","url":"https:\/\/autor.se\/","logo":{"@type":"ImageObject","inLanguage":"sv-SE","@id":"https:\/\/autor.se\/#\/schema\/logo\/image\/","url":"https:\/\/autor.se\/wp-content\/uploads\/2020\/08\/autorstor.jpg","contentUrl":"https:\/\/autor.se\/wp-content\/uploads\/2020\/08\/autorstor.jpg","width":314,"height":292,"caption":"Autor F\u00f6rlag"},"image":{"@id":"https:\/\/autor.se\/#\/schema\/logo\/image\/"},"sameAs":["https:\/\/www.instagram.com\/autoribilder"]}]}},"_links":{"self":[{"href":"https:\/\/autor.se\/index.php\/wp-json\/wp\/v2\/pages\/216"}],"collection":[{"href":"https:\/\/autor.se\/index.php\/wp-json\/wp\/v2\/pages"}],"about":[{"href":"https:\/\/autor.se\/index.php\/wp-json\/wp\/v2\/types\/page"}],"author":[{"embeddable":true,"href":"https:\/\/autor.se\/index.php\/wp-json\/wp\/v2\/users\/1"}],"replies":[{"embeddable":true,"href":"https:\/\/autor.se\/index.php\/wp-json\/wp\/v2\/comments?post=216"}],"version-history":[{"count":23,"href":"https:\/\/autor.se\/index.php\/wp-json\/wp\/v2\/pages\/216\/revisions"}],"predecessor-version":[{"id":1125,"href":"https:\/\/autor.se\/index.php\/wp-json\/wp\/v2\/pages\/216\/revisions\/1125"}],"wp:attachment":[{"href":"https:\/\/autor.se\/index.php\/wp-json\/wp\/v2\/media?parent=216"}],"curies":[{"name":"wp","href":"https:\/\/api.w.org\/{rel}","templated":true}]}}