{"id":250,"date":"2020-08-30T19:46:01","date_gmt":"2020-08-30T17:46:01","guid":{"rendered":"https:\/\/autor.se\/?page_id=250"},"modified":"2025-02-01T10:53:30","modified_gmt":"2025-02-01T09:53:30","slug":"journaler-martin-hogstrom","status":"publish","type":"page","link":"https:\/\/autor.se\/index.php\/journaler-martin-hogstrom\/","title":{"rendered":"Journaler | Martin H\u00f6gstr\u00f6m"},"content":{"rendered":"\t\t<div data-elementor-type=\"wp-post\" data-elementor-id=\"250\" class=\"elementor elementor-250\">\n\t\t\t\t\t\t<section class=\"elementor-section elementor-top-section elementor-element elementor-element-b95103f elementor-section-boxed elementor-section-height-default elementor-section-height-default\" data-id=\"b95103f\" data-element_type=\"section\" data-settings=\"{&quot;_ha_eqh_enable&quot;:false}\">\n\t\t\t\t\t\t<div class=\"elementor-container elementor-column-gap-default\">\n\t\t\t\t\t\t<\/div>\n\t\t<\/section>\n\t\t\t\t<section class=\"elementor-section elementor-top-section elementor-element elementor-element-e9c6791 elementor-section-boxed elementor-section-height-default elementor-section-height-default\" data-id=\"e9c6791\" data-element_type=\"section\" data-settings=\"{&quot;_ha_eqh_enable&quot;:false}\">\n\t\t\t\t\t\t<div class=\"elementor-container elementor-column-gap-default\">\n\t\t\t\t\t<div class=\"elementor-column elementor-col-50 elementor-top-column elementor-element elementor-element-488c0e5\" data-id=\"488c0e5\" data-element_type=\"column\">\n\t\t\t<div class=\"elementor-widget-wrap elementor-element-populated\">\n\t\t\t\t\t\t<div class=\"elementor-element elementor-element-762b9d3 elementor-widget elementor-widget-image\" data-id=\"762b9d3\" data-element_type=\"widget\" data-widget_type=\"image.default\">\n\t\t\t\t<div class=\"elementor-widget-container\">\n\t\t\t\t\t\t\t\t\t\t\t\t\t<img fetchpriority=\"high\" decoding=\"async\" width=\"1880\" height=\"1880\" src=\"https:\/\/autor.se\/wp-content\/uploads\/2024\/11\/Journaler.jpg\" class=\"attachment-full size-full wp-image-809\" alt=\"\" srcset=\"https:\/\/autor.se\/wp-content\/uploads\/2024\/11\/Journaler.jpg 1880w, https:\/\/autor.se\/wp-content\/uploads\/2024\/11\/Journaler-300x300.jpg 300w, https:\/\/autor.se\/wp-content\/uploads\/2024\/11\/Journaler-1024x1024.jpg 1024w, https:\/\/autor.se\/wp-content\/uploads\/2024\/11\/Journaler-150x150.jpg 150w, https:\/\/autor.se\/wp-content\/uploads\/2024\/11\/Journaler-768x768.jpg 768w, https:\/\/autor.se\/wp-content\/uploads\/2024\/11\/Journaler-1536x1536.jpg 1536w\" sizes=\"(max-width: 1880px) 100vw, 1880px\" \/>\t\t\t\t\t\t\t\t\t\t\t\t\t<\/div>\n\t\t\t\t<\/div>\n\t\t\t\t\t<\/div>\n\t\t<\/div>\n\t\t\t\t<div class=\"elementor-column elementor-col-50 elementor-top-column elementor-element elementor-element-7ed1c8c\" data-id=\"7ed1c8c\" data-element_type=\"column\">\n\t\t\t<div class=\"elementor-widget-wrap elementor-element-populated\">\n\t\t\t\t\t\t<div class=\"elementor-element elementor-element-3822e64 elementor-widget elementor-widget-heading\" data-id=\"3822e64\" data-element_type=\"widget\" data-widget_type=\"heading.default\">\n\t\t\t\t<div class=\"elementor-widget-container\">\n\t\t\t<h2 class=\"elementor-heading-title elementor-size-default\">Journaler | Martin H\u00f6gstr\u00f6m<\/h2>\t\t<\/div>\n\t\t\t\t<\/div>\n\t\t\t\t<div class=\"elementor-element elementor-element-308cc25 elementor-widget elementor-widget-text-editor\" data-id=\"308cc25\" data-element_type=\"widget\" data-widget_type=\"text-editor.default\">\n\t\t\t\t<div class=\"elementor-widget-container\">\n\t\t\t\t\t\t\t<p>Martin H\u00f6gstr\u00f6ms <em>Journaler<\/em> kan s\u00e4gas utg\u00f6ra ett slags arbets-, forsknings- och vardagsanteckningar i diktform. Boken best\u00e5r av fyra \u00f6vergripande avdelningar som i sin tur \u00e4r nedbrutna i flera sviter, enskilda dikter och grafiska tecken. Geografiskt r\u00f6r den sig fr\u00e5n ett bibliotek i Paris till en replik p\u00e5 en kyrka i New Jersey, k\u00e4nd f\u00f6r att vara den f\u00f6rsta kyrkan med elektriska kandelabrar. Precis som i H\u00f6gstr\u00f6ms tidigare b\u00f6cker \u00e4r ljuset och tiden centrala. Boken f\u00f6rlitar sig inte p\u00e5 ett \u00f6vergripande tema. Detta \u00e4r snarare poesi som h\u00e5lls samman inifr\u00e5n, genom diktens sj\u00e4lva framtr\u00e4dande och komposition.<\/p><p>Martin H\u00f6gstr\u00f6m \u00e4r poet, \u00f6vers\u00e4ttare, grafisk formgivare m.m. och <em>Journaler<\/em> \u00e4r hans femte diktbok sedan debuten med den Katapultprisbel\u00f6nade <em>Transfutura<\/em>\u00a0(2005).<\/p>\t\t\t\t\t\t<\/div>\n\t\t\t\t<\/div>\n\t\t\t\t\t<\/div>\n\t\t<\/div>\n\t\t\t\t\t<\/div>\n\t\t<\/section>\n\t\t\t\t<\/div>\n\t\t","protected":false},"excerpt":{"rendered":"<p>Journaler | Martin H\u00f6gstr\u00f6m Martin H\u00f6gstr\u00f6ms Journaler kan s\u00e4gas utg\u00f6ra ett slags arbets-, forsknings- och vardagsanteckningar i diktform. Boken best\u00e5r av fyra \u00f6vergripande avdelningar som i sin tur \u00e4r nedbrutna i flera sviter, enskilda dikter och grafiska tecken. Geografiskt r\u00f6r den sig fr\u00e5n ett bibliotek i Paris till en replik p\u00e5 en kyrka i New [&hellip;]<\/p>\n","protected":false},"author":1,"featured_media":0,"parent":0,"menu_order":0,"comment_status":"closed","ping_status":"closed","template":"elementor_header_footer","meta":{"site-sidebar-layout":"no-sidebar","site-content-layout":"page-builder","ast-site-content-layout":"","site-content-style":"default","site-sidebar-style":"default","ast-global-header-display":"","ast-banner-title-visibility":"","ast-main-header-display":"","ast-hfb-above-header-display":"","ast-hfb-below-header-display":"","ast-hfb-mobile-header-display":"","site-post-title":"disabled","ast-breadcrumbs-content":"","ast-featured-img":"disabled","footer-sml-layout":"","theme-transparent-header-meta":"disabled","adv-header-id-meta":"","stick-header-meta":"","header-above-stick-meta":"","header-main-stick-meta":"","header-below-stick-meta":"","astra-migrate-meta-layouts":"default","ast-page-background-enabled":"default","ast-page-background-meta":{"desktop":{"background-color":"var(--ast-global-color-4)","background-image":"","background-repeat":"repeat","background-position":"center center","background-size":"auto","background-attachment":"scroll","background-type":"","background-media":"","overlay-type":"","overlay-color":"","overlay-opacity":"","overlay-gradient":""},"tablet":{"background-color":"","background-image":"","background-repeat":"repeat","background-position":"center center","background-size":"auto","background-attachment":"scroll","background-type":"","background-media":"","overlay-type":"","overlay-color":"","overlay-opacity":"","overlay-gradient":""},"mobile":{"background-color":"","background-image":"","background-repeat":"repeat","background-position":"center center","background-size":"auto","background-attachment":"scroll","background-type":"","background-media":"","overlay-type":"","overlay-color":"","overlay-opacity":"","overlay-gradient":""}},"ast-content-background-meta":{"desktop":{"background-color":"var(--ast-global-color-5)","background-image":"","background-repeat":"repeat","background-position":"center center","background-size":"auto","background-attachment":"scroll","background-type":"","background-media":"","overlay-type":"","overlay-color":"","overlay-opacity":"","overlay-gradient":""},"tablet":{"background-color":"var(--ast-global-color-5)","background-image":"","background-repeat":"repeat","background-position":"center center","background-size":"auto","background-attachment":"scroll","background-type":"","background-media":"","overlay-type":"","overlay-color":"","overlay-opacity":"","overlay-gradient":""},"mobile":{"background-color":"var(--ast-global-color-5)","background-image":"","background-repeat":"repeat","background-position":"center center","background-size":"auto","background-attachment":"scroll","background-type":"","background-media":"","overlay-type":"","overlay-color":"","overlay-opacity":"","overlay-gradient":""}},"footnotes":""},"class_list":["post-250","page","type-page","status-publish","hentry"],"yoast_head":"<!-- This site is optimized with the Yoast SEO plugin v23.4 - https:\/\/yoast.com\/wordpress\/plugins\/seo\/ -->\n<title>Journaler | Martin H\u00f6gstr\u00f6m -<\/title>\n<meta name=\"robots\" content=\"index, follow, max-snippet:-1, max-image-preview:large, max-video-preview:-1\" \/>\n<link rel=\"canonical\" href=\"https:\/\/autor.se\/index.php\/journaler-martin-hogstrom\/\" \/>\n<meta property=\"og:locale\" content=\"sv_SE\" \/>\n<meta property=\"og:type\" content=\"article\" \/>\n<meta property=\"og:title\" content=\"Journaler | Martin H\u00f6gstr\u00f6m -\" \/>\n<meta property=\"og:description\" content=\"Journaler | Martin H\u00f6gstr\u00f6m Martin H\u00f6gstr\u00f6ms Journaler kan s\u00e4gas utg\u00f6ra ett slags arbets-, forsknings- och vardagsanteckningar i diktform. Boken best\u00e5r av fyra \u00f6vergripande avdelningar som i sin tur \u00e4r nedbrutna i flera sviter, enskilda dikter och grafiska tecken. Geografiskt r\u00f6r den sig fr\u00e5n ett bibliotek i Paris till en replik p\u00e5 en kyrka i New [&hellip;]\" \/>\n<meta property=\"og:url\" content=\"https:\/\/autor.se\/index.php\/journaler-martin-hogstrom\/\" \/>\n<meta property=\"article:modified_time\" content=\"2025-02-01T09:53:30+00:00\" \/>\n<meta property=\"og:image\" content=\"https:\/\/autor.se\/wp-content\/uploads\/2024\/11\/Journaler.jpg\" \/>\n<meta name=\"twitter:card\" content=\"summary_large_image\" \/>\n<meta name=\"twitter:label1\" content=\"Ber\u00e4knad l\u00e4stid\" \/>\n\t<meta name=\"twitter:data1\" content=\"1 minut\" \/>\n<script type=\"application\/ld+json\" class=\"yoast-schema-graph\">{\"@context\":\"https:\/\/schema.org\",\"@graph\":[{\"@type\":\"WebPage\",\"@id\":\"https:\/\/autor.se\/index.php\/journaler-martin-hogstrom\/\",\"url\":\"https:\/\/autor.se\/index.php\/journaler-martin-hogstrom\/\",\"name\":\"Journaler | Martin H\u00f6gstr\u00f6m -\",\"isPartOf\":{\"@id\":\"https:\/\/autor.se\/#website\"},\"primaryImageOfPage\":{\"@id\":\"https:\/\/autor.se\/index.php\/journaler-martin-hogstrom\/#primaryimage\"},\"image\":{\"@id\":\"https:\/\/autor.se\/index.php\/journaler-martin-hogstrom\/#primaryimage\"},\"thumbnailUrl\":\"https:\/\/autor.se\/wp-content\/uploads\/2024\/11\/Journaler.jpg\",\"datePublished\":\"2020-08-30T17:46:01+00:00\",\"dateModified\":\"2025-02-01T09:53:30+00:00\",\"breadcrumb\":{\"@id\":\"https:\/\/autor.se\/index.php\/journaler-martin-hogstrom\/#breadcrumb\"},\"inLanguage\":\"sv-SE\",\"potentialAction\":[{\"@type\":\"ReadAction\",\"target\":[\"https:\/\/autor.se\/index.php\/journaler-martin-hogstrom\/\"]}]},{\"@type\":\"ImageObject\",\"inLanguage\":\"sv-SE\",\"@id\":\"https:\/\/autor.se\/index.php\/journaler-martin-hogstrom\/#primaryimage\",\"url\":\"https:\/\/autor.se\/wp-content\/uploads\/2024\/11\/Journaler.jpg\",\"contentUrl\":\"https:\/\/autor.se\/wp-content\/uploads\/2024\/11\/Journaler.jpg\",\"width\":1880,\"height\":1880},{\"@type\":\"BreadcrumbList\",\"@id\":\"https:\/\/autor.se\/index.php\/journaler-martin-hogstrom\/#breadcrumb\",\"itemListElement\":[{\"@type\":\"ListItem\",\"position\":1,\"name\":\"Hem\",\"item\":\"https:\/\/autor.se\/\"},{\"@type\":\"ListItem\",\"position\":2,\"name\":\"Journaler | Martin H\u00f6gstr\u00f6m\"}]},{\"@type\":\"WebSite\",\"@id\":\"https:\/\/autor.se\/#website\",\"url\":\"https:\/\/autor.se\/\",\"name\":\"\",\"description\":\"\",\"publisher\":{\"@id\":\"https:\/\/autor.se\/#organization\"},\"potentialAction\":[{\"@type\":\"SearchAction\",\"target\":{\"@type\":\"EntryPoint\",\"urlTemplate\":\"https:\/\/autor.se\/?s={search_term_string}\"},\"query-input\":{\"@type\":\"PropertyValueSpecification\",\"valueRequired\":true,\"valueName\":\"search_term_string\"}}],\"inLanguage\":\"sv-SE\"},{\"@type\":\"Organization\",\"@id\":\"https:\/\/autor.se\/#organization\",\"name\":\"Autor F\u00f6rlag\",\"url\":\"https:\/\/autor.se\/\",\"logo\":{\"@type\":\"ImageObject\",\"inLanguage\":\"sv-SE\",\"@id\":\"https:\/\/autor.se\/#\/schema\/logo\/image\/\",\"url\":\"https:\/\/autor.se\/wp-content\/uploads\/2020\/08\/autorstor.jpg\",\"contentUrl\":\"https:\/\/autor.se\/wp-content\/uploads\/2020\/08\/autorstor.jpg\",\"width\":314,\"height\":292,\"caption\":\"Autor F\u00f6rlag\"},\"image\":{\"@id\":\"https:\/\/autor.se\/#\/schema\/logo\/image\/\"},\"sameAs\":[\"https:\/\/www.instagram.com\/autoribilder\"]}]}<\/script>\n<!-- \/ Yoast SEO plugin. -->","yoast_head_json":{"title":"Journaler | Martin H\u00f6gstr\u00f6m -","robots":{"index":"index","follow":"follow","max-snippet":"max-snippet:-1","max-image-preview":"max-image-preview:large","max-video-preview":"max-video-preview:-1"},"canonical":"https:\/\/autor.se\/index.php\/journaler-martin-hogstrom\/","og_locale":"sv_SE","og_type":"article","og_title":"Journaler | Martin H\u00f6gstr\u00f6m -","og_description":"Journaler | Martin H\u00f6gstr\u00f6m Martin H\u00f6gstr\u00f6ms Journaler kan s\u00e4gas utg\u00f6ra ett slags arbets-, forsknings- och vardagsanteckningar i diktform. Boken best\u00e5r av fyra \u00f6vergripande avdelningar som i sin tur \u00e4r nedbrutna i flera sviter, enskilda dikter och grafiska tecken. Geografiskt r\u00f6r den sig fr\u00e5n ett bibliotek i Paris till en replik p\u00e5 en kyrka i New [&hellip;]","og_url":"https:\/\/autor.se\/index.php\/journaler-martin-hogstrom\/","article_modified_time":"2025-02-01T09:53:30+00:00","og_image":[{"url":"https:\/\/autor.se\/wp-content\/uploads\/2024\/11\/Journaler.jpg"}],"twitter_card":"summary_large_image","twitter_misc":{"Ber\u00e4knad l\u00e4stid":"1 minut"},"schema":{"@context":"https:\/\/schema.org","@graph":[{"@type":"WebPage","@id":"https:\/\/autor.se\/index.php\/journaler-martin-hogstrom\/","url":"https:\/\/autor.se\/index.php\/journaler-martin-hogstrom\/","name":"Journaler | Martin H\u00f6gstr\u00f6m -","isPartOf":{"@id":"https:\/\/autor.se\/#website"},"primaryImageOfPage":{"@id":"https:\/\/autor.se\/index.php\/journaler-martin-hogstrom\/#primaryimage"},"image":{"@id":"https:\/\/autor.se\/index.php\/journaler-martin-hogstrom\/#primaryimage"},"thumbnailUrl":"https:\/\/autor.se\/wp-content\/uploads\/2024\/11\/Journaler.jpg","datePublished":"2020-08-30T17:46:01+00:00","dateModified":"2025-02-01T09:53:30+00:00","breadcrumb":{"@id":"https:\/\/autor.se\/index.php\/journaler-martin-hogstrom\/#breadcrumb"},"inLanguage":"sv-SE","potentialAction":[{"@type":"ReadAction","target":["https:\/\/autor.se\/index.php\/journaler-martin-hogstrom\/"]}]},{"@type":"ImageObject","inLanguage":"sv-SE","@id":"https:\/\/autor.se\/index.php\/journaler-martin-hogstrom\/#primaryimage","url":"https:\/\/autor.se\/wp-content\/uploads\/2024\/11\/Journaler.jpg","contentUrl":"https:\/\/autor.se\/wp-content\/uploads\/2024\/11\/Journaler.jpg","width":1880,"height":1880},{"@type":"BreadcrumbList","@id":"https:\/\/autor.se\/index.php\/journaler-martin-hogstrom\/#breadcrumb","itemListElement":[{"@type":"ListItem","position":1,"name":"Hem","item":"https:\/\/autor.se\/"},{"@type":"ListItem","position":2,"name":"Journaler | Martin H\u00f6gstr\u00f6m"}]},{"@type":"WebSite","@id":"https:\/\/autor.se\/#website","url":"https:\/\/autor.se\/","name":"","description":"","publisher":{"@id":"https:\/\/autor.se\/#organization"},"potentialAction":[{"@type":"SearchAction","target":{"@type":"EntryPoint","urlTemplate":"https:\/\/autor.se\/?s={search_term_string}"},"query-input":{"@type":"PropertyValueSpecification","valueRequired":true,"valueName":"search_term_string"}}],"inLanguage":"sv-SE"},{"@type":"Organization","@id":"https:\/\/autor.se\/#organization","name":"Autor F\u00f6rlag","url":"https:\/\/autor.se\/","logo":{"@type":"ImageObject","inLanguage":"sv-SE","@id":"https:\/\/autor.se\/#\/schema\/logo\/image\/","url":"https:\/\/autor.se\/wp-content\/uploads\/2020\/08\/autorstor.jpg","contentUrl":"https:\/\/autor.se\/wp-content\/uploads\/2020\/08\/autorstor.jpg","width":314,"height":292,"caption":"Autor F\u00f6rlag"},"image":{"@id":"https:\/\/autor.se\/#\/schema\/logo\/image\/"},"sameAs":["https:\/\/www.instagram.com\/autoribilder"]}]}},"_links":{"self":[{"href":"https:\/\/autor.se\/index.php\/wp-json\/wp\/v2\/pages\/250"}],"collection":[{"href":"https:\/\/autor.se\/index.php\/wp-json\/wp\/v2\/pages"}],"about":[{"href":"https:\/\/autor.se\/index.php\/wp-json\/wp\/v2\/types\/page"}],"author":[{"embeddable":true,"href":"https:\/\/autor.se\/index.php\/wp-json\/wp\/v2\/users\/1"}],"replies":[{"embeddable":true,"href":"https:\/\/autor.se\/index.php\/wp-json\/wp\/v2\/comments?post=250"}],"version-history":[{"count":12,"href":"https:\/\/autor.se\/index.php\/wp-json\/wp\/v2\/pages\/250\/revisions"}],"predecessor-version":[{"id":1204,"href":"https:\/\/autor.se\/index.php\/wp-json\/wp\/v2\/pages\/250\/revisions\/1204"}],"wp:attachment":[{"href":"https:\/\/autor.se\/index.php\/wp-json\/wp\/v2\/media?parent=250"}],"curies":[{"name":"wp","href":"https:\/\/api.w.org\/{rel}","templated":true}]}}