{"id":308,"date":"2020-08-30T20:05:52","date_gmt":"2020-08-30T18:05:52","guid":{"rendered":"https:\/\/autor.se\/?page_id=308"},"modified":"2025-02-01T10:09:13","modified_gmt":"2025-02-01T09:09:13","slug":"avstandsmatning-marie-silkeberg","status":"publish","type":"page","link":"https:\/\/autor.se\/index.php\/avstandsmatning-marie-silkeberg\/","title":{"rendered":"Avst\u00e5ndsm\u00e4tning | Marie Silkeberg"},"content":{"rendered":"\t\t<div data-elementor-type=\"wp-post\" data-elementor-id=\"308\" class=\"elementor elementor-308\">\n\t\t\t\t\t\t<section class=\"elementor-section elementor-top-section elementor-element elementor-element-b95103f elementor-section-boxed elementor-section-height-default elementor-section-height-default\" data-id=\"b95103f\" data-element_type=\"section\" data-settings=\"{&quot;_ha_eqh_enable&quot;:false}\">\n\t\t\t\t\t\t<div class=\"elementor-container elementor-column-gap-default\">\n\t\t\t\t\t\t<\/div>\n\t\t<\/section>\n\t\t\t\t<section class=\"elementor-section elementor-top-section elementor-element elementor-element-e9c6791 elementor-section-boxed elementor-section-height-default elementor-section-height-default\" data-id=\"e9c6791\" data-element_type=\"section\" data-settings=\"{&quot;_ha_eqh_enable&quot;:false}\">\n\t\t\t\t\t\t<div class=\"elementor-container elementor-column-gap-default\">\n\t\t\t\t\t<div class=\"elementor-column elementor-col-50 elementor-top-column elementor-element elementor-element-488c0e5\" data-id=\"488c0e5\" data-element_type=\"column\">\n\t\t\t<div class=\"elementor-widget-wrap elementor-element-populated\">\n\t\t\t\t\t\t<div class=\"elementor-element elementor-element-762b9d3 elementor-widget elementor-widget-image\" data-id=\"762b9d3\" data-element_type=\"widget\" data-widget_type=\"image.default\">\n\t\t\t\t<div class=\"elementor-widget-container\">\n\t\t\t\t\t\t\t\t\t\t\t\t\t<img fetchpriority=\"high\" decoding=\"async\" width=\"1880\" height=\"1880\" src=\"https:\/\/autor.se\/wp-content\/uploads\/2024\/11\/avstandsmatning.jpg\" class=\"attachment-full size-full wp-image-803\" alt=\"\" srcset=\"https:\/\/autor.se\/wp-content\/uploads\/2024\/11\/avstandsmatning.jpg 1880w, https:\/\/autor.se\/wp-content\/uploads\/2024\/11\/avstandsmatning-300x300.jpg 300w, https:\/\/autor.se\/wp-content\/uploads\/2024\/11\/avstandsmatning-1024x1024.jpg 1024w, https:\/\/autor.se\/wp-content\/uploads\/2024\/11\/avstandsmatning-150x150.jpg 150w, https:\/\/autor.se\/wp-content\/uploads\/2024\/11\/avstandsmatning-768x768.jpg 768w, https:\/\/autor.se\/wp-content\/uploads\/2024\/11\/avstandsmatning-1536x1536.jpg 1536w\" sizes=\"(max-width: 1880px) 100vw, 1880px\" \/>\t\t\t\t\t\t\t\t\t\t\t\t\t<\/div>\n\t\t\t\t<\/div>\n\t\t\t\t\t<\/div>\n\t\t<\/div>\n\t\t\t\t<div class=\"elementor-column elementor-col-50 elementor-top-column elementor-element elementor-element-7ed1c8c\" data-id=\"7ed1c8c\" data-element_type=\"column\">\n\t\t\t<div class=\"elementor-widget-wrap elementor-element-populated\">\n\t\t\t\t\t\t<div class=\"elementor-element elementor-element-3822e64 elementor-widget elementor-widget-heading\" data-id=\"3822e64\" data-element_type=\"widget\" data-widget_type=\"heading.default\">\n\t\t\t\t<div class=\"elementor-widget-container\">\n\t\t\t<h2 class=\"elementor-heading-title elementor-size-default\">Avst\u00e5ndsm\u00e4tning | Marie Silkeberg<\/h2>\t\t<\/div>\n\t\t\t\t<\/div>\n\t\t\t\t<div class=\"elementor-element elementor-element-308cc25 elementor-widget elementor-widget-text-editor\" data-id=\"308cc25\" data-element_type=\"widget\" data-widget_type=\"text-editor.default\">\n\t\t\t\t<div class=\"elementor-widget-container\">\n\t\t\t\t\t\t\t<p>Marie Silkebergs ess\u00e4istik st\u00e4ller centrala fr\u00e5gor om den samtida poesin och diktens ber\u00f6ringspunkter med andra konstarter. I <em>avst\u00e5ndsm\u00e4tning<\/em> l\u00e4ser hon diktare som Inger Christensen, G\u00f6ran Sonnevi, Anna Rydstedt, Willy Granqvist, men behandlar ocks\u00e5 \u00f6vergripande teman, som k\u00e4rleken \u2013 eller d\u00f6den \u2013 i 90-talets poesi. I hennes texter framtr\u00e4der \u201dskrivandets \u00f6gonblick\u201d i all dess sammansatthet, och i poetikens nu ing\u00e5r ocks\u00e5 l\u00e4nge sedan d\u00f6da f\u00f6rfattare som Erik Johan Stagnelius, St\u00e9phane Mallarm\u00e9, Edith S\u00f6dergran, Jean Genet och Karin Boye.<\/p>\t\t\t\t\t\t<\/div>\n\t\t\t\t<\/div>\n\t\t\t\t<div class=\"elementor-element elementor-element-e0344b6 elementor-align-left elementor-widget__width-auto elementor-widget elementor-widget-button\" data-id=\"e0344b6\" data-element_type=\"widget\" data-widget_type=\"button.default\">\n\t\t\t\t<div class=\"elementor-widget-container\">\n\t\t\t\t\t<div class=\"elementor-button-wrapper\">\n\t\t\t<a class=\"elementor-button elementor-button-link elementor-size-xs\" href=\"https:\/\/www.bokus.com\/bok\/9789197556811\/avstandsmatning\/?srsltid=AfmBOopHq5ZebkmKRLlSlAxz1EHXgC7UgS6Tl61o3qWxy00BFn2iEzcH\">\n\t\t\t\t\t\t<span class=\"elementor-button-content-wrapper\">\n\t\t\t\t\t\t\t\t\t<span class=\"elementor-button-text\">K\u00f6p hos Bokus<\/span>\n\t\t\t\t\t<\/span>\n\t\t\t\t\t<\/a>\n\t\t<\/div>\n\t\t\t\t<\/div>\n\t\t\t\t<\/div>\n\t\t\t\t<div class=\"elementor-element elementor-element-69278f0 elementor-align-left elementor-widget__width-auto elementor-widget elementor-widget-button\" data-id=\"69278f0\" data-element_type=\"widget\" data-widget_type=\"button.default\">\n\t\t\t\t<div class=\"elementor-widget-container\">\n\t\t\t\t\t<div class=\"elementor-button-wrapper\">\n\t\t\t<a class=\"elementor-button elementor-button-link elementor-size-xs\" href=\"https:\/\/www.adlibris.com\/se\/bok\/avstandsmatning-9789197556811\">\n\t\t\t\t\t\t<span class=\"elementor-button-content-wrapper\">\n\t\t\t\t\t\t\t\t\t<span class=\"elementor-button-text\">K\u00f6p hos Adlibris<\/span>\n\t\t\t\t\t<\/span>\n\t\t\t\t\t<\/a>\n\t\t<\/div>\n\t\t\t\t<\/div>\n\t\t\t\t<\/div>\n\t\t\t\t\t<\/div>\n\t\t<\/div>\n\t\t\t\t\t<\/div>\n\t\t<\/section>\n\t\t\t\t<\/div>\n\t\t","protected":false},"excerpt":{"rendered":"<p>Avst\u00e5ndsm\u00e4tning | Marie Silkeberg Marie Silkebergs ess\u00e4istik st\u00e4ller centrala fr\u00e5gor om den samtida poesin och diktens ber\u00f6ringspunkter med andra konstarter. I avst\u00e5ndsm\u00e4tning l\u00e4ser hon diktare som Inger Christensen, G\u00f6ran Sonnevi, Anna Rydstedt, Willy Granqvist, men behandlar ocks\u00e5 \u00f6vergripande teman, som k\u00e4rleken \u2013 eller d\u00f6den \u2013 i 90-talets poesi. I hennes texter framtr\u00e4der \u201dskrivandets \u00f6gonblick\u201d i [&hellip;]<\/p>\n","protected":false},"author":1,"featured_media":205,"parent":0,"menu_order":0,"comment_status":"closed","ping_status":"closed","template":"elementor_header_footer","meta":{"site-sidebar-layout":"no-sidebar","site-content-layout":"page-builder","ast-site-content-layout":"","site-content-style":"default","site-sidebar-style":"default","ast-global-header-display":"","ast-banner-title-visibility":"","ast-main-header-display":"","ast-hfb-above-header-display":"","ast-hfb-below-header-display":"","ast-hfb-mobile-header-display":"","site-post-title":"disabled","ast-breadcrumbs-content":"","ast-featured-img":"disabled","footer-sml-layout":"","theme-transparent-header-meta":"disabled","adv-header-id-meta":"","stick-header-meta":"","header-above-stick-meta":"","header-main-stick-meta":"","header-below-stick-meta":"","astra-migrate-meta-layouts":"default","ast-page-background-enabled":"default","ast-page-background-meta":{"desktop":{"background-color":"var(--ast-global-color-4)","background-image":"","background-repeat":"repeat","background-position":"center center","background-size":"auto","background-attachment":"scroll","background-type":"","background-media":"","overlay-type":"","overlay-color":"","overlay-opacity":"","overlay-gradient":""},"tablet":{"background-color":"","background-image":"","background-repeat":"repeat","background-position":"center center","background-size":"auto","background-attachment":"scroll","background-type":"","background-media":"","overlay-type":"","overlay-color":"","overlay-opacity":"","overlay-gradient":""},"mobile":{"background-color":"","background-image":"","background-repeat":"repeat","background-position":"center center","background-size":"auto","background-attachment":"scroll","background-type":"","background-media":"","overlay-type":"","overlay-color":"","overlay-opacity":"","overlay-gradient":""}},"ast-content-background-meta":{"desktop":{"background-color":"var(--ast-global-color-5)","background-image":"","background-repeat":"repeat","background-position":"center center","background-size":"auto","background-attachment":"scroll","background-type":"","background-media":"","overlay-type":"","overlay-color":"","overlay-opacity":"","overlay-gradient":""},"tablet":{"background-color":"var(--ast-global-color-5)","background-image":"","background-repeat":"repeat","background-position":"center center","background-size":"auto","background-attachment":"scroll","background-type":"","background-media":"","overlay-type":"","overlay-color":"","overlay-opacity":"","overlay-gradient":""},"mobile":{"background-color":"var(--ast-global-color-5)","background-image":"","background-repeat":"repeat","background-position":"center center","background-size":"auto","background-attachment":"scroll","background-type":"","background-media":"","overlay-type":"","overlay-color":"","overlay-opacity":"","overlay-gradient":""}},"footnotes":""},"class_list":["post-308","page","type-page","status-publish","has-post-thumbnail","hentry"],"yoast_head":"<!-- This site is optimized with the Yoast SEO plugin v23.4 - https:\/\/yoast.com\/wordpress\/plugins\/seo\/ -->\n<title>Avst\u00e5ndsm\u00e4tning | Marie Silkeberg -<\/title>\n<meta name=\"robots\" content=\"index, follow, max-snippet:-1, max-image-preview:large, max-video-preview:-1\" \/>\n<link rel=\"canonical\" href=\"https:\/\/autor.se\/index.php\/avstandsmatning-marie-silkeberg\/\" \/>\n<meta property=\"og:locale\" content=\"sv_SE\" \/>\n<meta property=\"og:type\" content=\"article\" \/>\n<meta property=\"og:title\" content=\"Avst\u00e5ndsm\u00e4tning | Marie Silkeberg -\" \/>\n<meta property=\"og:description\" content=\"Avst\u00e5ndsm\u00e4tning | Marie Silkeberg Marie Silkebergs ess\u00e4istik st\u00e4ller centrala fr\u00e5gor om den samtida poesin och diktens ber\u00f6ringspunkter med andra konstarter. I avst\u00e5ndsm\u00e4tning l\u00e4ser hon diktare som Inger Christensen, G\u00f6ran Sonnevi, Anna Rydstedt, Willy Granqvist, men behandlar ocks\u00e5 \u00f6vergripande teman, som k\u00e4rleken \u2013 eller d\u00f6den \u2013 i 90-talets poesi. I hennes texter framtr\u00e4der \u201dskrivandets \u00f6gonblick\u201d i [&hellip;]\" \/>\n<meta property=\"og:url\" content=\"https:\/\/autor.se\/index.php\/avstandsmatning-marie-silkeberg\/\" \/>\n<meta property=\"article:modified_time\" content=\"2025-02-01T09:09:13+00:00\" \/>\n<meta property=\"og:image\" content=\"https:\/\/autor.se\/wp-content\/uploads\/2020\/08\/avstandsmatning-609x1024.png\" \/>\n\t<meta property=\"og:image:width\" content=\"609\" \/>\n\t<meta property=\"og:image:height\" content=\"1024\" \/>\n\t<meta property=\"og:image:type\" content=\"image\/png\" \/>\n<meta name=\"twitter:card\" content=\"summary_large_image\" \/>\n<meta name=\"twitter:label1\" content=\"Ber\u00e4knad l\u00e4stid\" \/>\n\t<meta name=\"twitter:data1\" content=\"1 minut\" \/>\n<script type=\"application\/ld+json\" class=\"yoast-schema-graph\">{\"@context\":\"https:\/\/schema.org\",\"@graph\":[{\"@type\":\"WebPage\",\"@id\":\"https:\/\/autor.se\/index.php\/avstandsmatning-marie-silkeberg\/\",\"url\":\"https:\/\/autor.se\/index.php\/avstandsmatning-marie-silkeberg\/\",\"name\":\"Avst\u00e5ndsm\u00e4tning | Marie Silkeberg -\",\"isPartOf\":{\"@id\":\"https:\/\/autor.se\/#website\"},\"primaryImageOfPage\":{\"@id\":\"https:\/\/autor.se\/index.php\/avstandsmatning-marie-silkeberg\/#primaryimage\"},\"image\":{\"@id\":\"https:\/\/autor.se\/index.php\/avstandsmatning-marie-silkeberg\/#primaryimage\"},\"thumbnailUrl\":\"https:\/\/autor.se\/wp-content\/uploads\/2020\/08\/avstandsmatning.png\",\"datePublished\":\"2020-08-30T18:05:52+00:00\",\"dateModified\":\"2025-02-01T09:09:13+00:00\",\"breadcrumb\":{\"@id\":\"https:\/\/autor.se\/index.php\/avstandsmatning-marie-silkeberg\/#breadcrumb\"},\"inLanguage\":\"sv-SE\",\"potentialAction\":[{\"@type\":\"ReadAction\",\"target\":[\"https:\/\/autor.se\/index.php\/avstandsmatning-marie-silkeberg\/\"]}]},{\"@type\":\"ImageObject\",\"inLanguage\":\"sv-SE\",\"@id\":\"https:\/\/autor.se\/index.php\/avstandsmatning-marie-silkeberg\/#primaryimage\",\"url\":\"https:\/\/autor.se\/wp-content\/uploads\/2020\/08\/avstandsmatning.png\",\"contentUrl\":\"https:\/\/autor.se\/wp-content\/uploads\/2020\/08\/avstandsmatning.png\",\"width\":1308,\"height\":2198},{\"@type\":\"BreadcrumbList\",\"@id\":\"https:\/\/autor.se\/index.php\/avstandsmatning-marie-silkeberg\/#breadcrumb\",\"itemListElement\":[{\"@type\":\"ListItem\",\"position\":1,\"name\":\"Hem\",\"item\":\"https:\/\/autor.se\/\"},{\"@type\":\"ListItem\",\"position\":2,\"name\":\"Avst\u00e5ndsm\u00e4tning | Marie Silkeberg\"}]},{\"@type\":\"WebSite\",\"@id\":\"https:\/\/autor.se\/#website\",\"url\":\"https:\/\/autor.se\/\",\"name\":\"\",\"description\":\"\",\"publisher\":{\"@id\":\"https:\/\/autor.se\/#organization\"},\"potentialAction\":[{\"@type\":\"SearchAction\",\"target\":{\"@type\":\"EntryPoint\",\"urlTemplate\":\"https:\/\/autor.se\/?s={search_term_string}\"},\"query-input\":{\"@type\":\"PropertyValueSpecification\",\"valueRequired\":true,\"valueName\":\"search_term_string\"}}],\"inLanguage\":\"sv-SE\"},{\"@type\":\"Organization\",\"@id\":\"https:\/\/autor.se\/#organization\",\"name\":\"Autor F\u00f6rlag\",\"url\":\"https:\/\/autor.se\/\",\"logo\":{\"@type\":\"ImageObject\",\"inLanguage\":\"sv-SE\",\"@id\":\"https:\/\/autor.se\/#\/schema\/logo\/image\/\",\"url\":\"https:\/\/autor.se\/wp-content\/uploads\/2020\/08\/autorstor.jpg\",\"contentUrl\":\"https:\/\/autor.se\/wp-content\/uploads\/2020\/08\/autorstor.jpg\",\"width\":314,\"height\":292,\"caption\":\"Autor F\u00f6rlag\"},\"image\":{\"@id\":\"https:\/\/autor.se\/#\/schema\/logo\/image\/\"},\"sameAs\":[\"https:\/\/www.instagram.com\/autoribilder\"]}]}<\/script>\n<!-- \/ Yoast SEO plugin. -->","yoast_head_json":{"title":"Avst\u00e5ndsm\u00e4tning | Marie Silkeberg -","robots":{"index":"index","follow":"follow","max-snippet":"max-snippet:-1","max-image-preview":"max-image-preview:large","max-video-preview":"max-video-preview:-1"},"canonical":"https:\/\/autor.se\/index.php\/avstandsmatning-marie-silkeberg\/","og_locale":"sv_SE","og_type":"article","og_title":"Avst\u00e5ndsm\u00e4tning | Marie Silkeberg -","og_description":"Avst\u00e5ndsm\u00e4tning | Marie Silkeberg Marie Silkebergs ess\u00e4istik st\u00e4ller centrala fr\u00e5gor om den samtida poesin och diktens ber\u00f6ringspunkter med andra konstarter. I avst\u00e5ndsm\u00e4tning l\u00e4ser hon diktare som Inger Christensen, G\u00f6ran Sonnevi, Anna Rydstedt, Willy Granqvist, men behandlar ocks\u00e5 \u00f6vergripande teman, som k\u00e4rleken \u2013 eller d\u00f6den \u2013 i 90-talets poesi. I hennes texter framtr\u00e4der \u201dskrivandets \u00f6gonblick\u201d i [&hellip;]","og_url":"https:\/\/autor.se\/index.php\/avstandsmatning-marie-silkeberg\/","article_modified_time":"2025-02-01T09:09:13+00:00","og_image":[{"width":609,"height":1024,"url":"https:\/\/autor.se\/wp-content\/uploads\/2020\/08\/avstandsmatning-609x1024.png","type":"image\/png"}],"twitter_card":"summary_large_image","twitter_misc":{"Ber\u00e4knad l\u00e4stid":"1 minut"},"schema":{"@context":"https:\/\/schema.org","@graph":[{"@type":"WebPage","@id":"https:\/\/autor.se\/index.php\/avstandsmatning-marie-silkeberg\/","url":"https:\/\/autor.se\/index.php\/avstandsmatning-marie-silkeberg\/","name":"Avst\u00e5ndsm\u00e4tning | Marie Silkeberg -","isPartOf":{"@id":"https:\/\/autor.se\/#website"},"primaryImageOfPage":{"@id":"https:\/\/autor.se\/index.php\/avstandsmatning-marie-silkeberg\/#primaryimage"},"image":{"@id":"https:\/\/autor.se\/index.php\/avstandsmatning-marie-silkeberg\/#primaryimage"},"thumbnailUrl":"https:\/\/autor.se\/wp-content\/uploads\/2020\/08\/avstandsmatning.png","datePublished":"2020-08-30T18:05:52+00:00","dateModified":"2025-02-01T09:09:13+00:00","breadcrumb":{"@id":"https:\/\/autor.se\/index.php\/avstandsmatning-marie-silkeberg\/#breadcrumb"},"inLanguage":"sv-SE","potentialAction":[{"@type":"ReadAction","target":["https:\/\/autor.se\/index.php\/avstandsmatning-marie-silkeberg\/"]}]},{"@type":"ImageObject","inLanguage":"sv-SE","@id":"https:\/\/autor.se\/index.php\/avstandsmatning-marie-silkeberg\/#primaryimage","url":"https:\/\/autor.se\/wp-content\/uploads\/2020\/08\/avstandsmatning.png","contentUrl":"https:\/\/autor.se\/wp-content\/uploads\/2020\/08\/avstandsmatning.png","width":1308,"height":2198},{"@type":"BreadcrumbList","@id":"https:\/\/autor.se\/index.php\/avstandsmatning-marie-silkeberg\/#breadcrumb","itemListElement":[{"@type":"ListItem","position":1,"name":"Hem","item":"https:\/\/autor.se\/"},{"@type":"ListItem","position":2,"name":"Avst\u00e5ndsm\u00e4tning | Marie Silkeberg"}]},{"@type":"WebSite","@id":"https:\/\/autor.se\/#website","url":"https:\/\/autor.se\/","name":"","description":"","publisher":{"@id":"https:\/\/autor.se\/#organization"},"potentialAction":[{"@type":"SearchAction","target":{"@type":"EntryPoint","urlTemplate":"https:\/\/autor.se\/?s={search_term_string}"},"query-input":{"@type":"PropertyValueSpecification","valueRequired":true,"valueName":"search_term_string"}}],"inLanguage":"sv-SE"},{"@type":"Organization","@id":"https:\/\/autor.se\/#organization","name":"Autor F\u00f6rlag","url":"https:\/\/autor.se\/","logo":{"@type":"ImageObject","inLanguage":"sv-SE","@id":"https:\/\/autor.se\/#\/schema\/logo\/image\/","url":"https:\/\/autor.se\/wp-content\/uploads\/2020\/08\/autorstor.jpg","contentUrl":"https:\/\/autor.se\/wp-content\/uploads\/2020\/08\/autorstor.jpg","width":314,"height":292,"caption":"Autor F\u00f6rlag"},"image":{"@id":"https:\/\/autor.se\/#\/schema\/logo\/image\/"},"sameAs":["https:\/\/www.instagram.com\/autoribilder"]}]}},"_links":{"self":[{"href":"https:\/\/autor.se\/index.php\/wp-json\/wp\/v2\/pages\/308"}],"collection":[{"href":"https:\/\/autor.se\/index.php\/wp-json\/wp\/v2\/pages"}],"about":[{"href":"https:\/\/autor.se\/index.php\/wp-json\/wp\/v2\/types\/page"}],"author":[{"embeddable":true,"href":"https:\/\/autor.se\/index.php\/wp-json\/wp\/v2\/users\/1"}],"replies":[{"embeddable":true,"href":"https:\/\/autor.se\/index.php\/wp-json\/wp\/v2\/comments?post=308"}],"version-history":[{"count":11,"href":"https:\/\/autor.se\/index.php\/wp-json\/wp\/v2\/pages\/308\/revisions"}],"predecessor-version":[{"id":1126,"href":"https:\/\/autor.se\/index.php\/wp-json\/wp\/v2\/pages\/308\/revisions\/1126"}],"wp:featuredmedia":[{"embeddable":true,"href":"https:\/\/autor.se\/index.php\/wp-json\/wp\/v2\/media\/205"}],"wp:attachment":[{"href":"https:\/\/autor.se\/index.php\/wp-json\/wp\/v2\/media?parent=308"}],"curies":[{"name":"wp","href":"https:\/\/api.w.org\/{rel}","templated":true}]}}