{"id":99,"date":"2020-08-30T17:24:42","date_gmt":"2020-08-30T15:24:42","guid":{"rendered":"https:\/\/autor.se\/?page_id=99"},"modified":"2024-11-12T18:53:00","modified_gmt":"2024-11-12T17:53:00","slug":"autor-chap","status":"publish","type":"page","link":"https:\/\/autor.se\/index.php\/autor-chap\/","title":{"rendered":"Autor Chap"},"content":{"rendered":"\t\t<div data-elementor-type=\"wp-post\" data-elementor-id=\"99\" class=\"elementor elementor-99\">\n\t\t\t\t\t\t<section class=\"elementor-section elementor-top-section elementor-element elementor-element-773deaf1 elementor-section-boxed elementor-section-height-default elementor-section-height-default\" data-id=\"773deaf1\" data-element_type=\"section\" data-settings=\"{&quot;_ha_eqh_enable&quot;:false}\">\n\t\t\t\t\t\t<div class=\"elementor-container elementor-column-gap-default\">\n\t\t\t\t\t<div class=\"elementor-column elementor-col-100 elementor-top-column elementor-element elementor-element-7970b030\" data-id=\"7970b030\" data-element_type=\"column\">\n\t\t\t<div class=\"elementor-widget-wrap elementor-element-populated\">\n\t\t\t\t\t\t<section class=\"elementor-section elementor-inner-section elementor-element elementor-element-43af4f92 elementor-section-full_width elementor-section-height-default elementor-section-height-default\" data-id=\"43af4f92\" data-element_type=\"section\" data-settings=\"{&quot;_ha_eqh_enable&quot;:false}\">\n\t\t\t\t\t\t<div class=\"elementor-container elementor-column-gap-default\">\n\t\t\t\t\t<div class=\"elementor-column elementor-col-100 elementor-inner-column elementor-element elementor-element-2146cad0\" data-id=\"2146cad0\" data-element_type=\"column\">\n\t\t\t<div class=\"elementor-widget-wrap elementor-element-populated\">\n\t\t\t\t\t\t<div class=\"elementor-element elementor-element-22225aa6 elementor-widget__width-initial elementor-widget elementor-widget-heading\" data-id=\"22225aa6\" data-element_type=\"widget\" data-widget_type=\"heading.default\">\n\t\t\t\t<div class=\"elementor-widget-container\">\n\t\t\t<h2 class=\"elementor-heading-title elementor-size-default\">AUTOR: CHAP<\/h2>\t\t<\/div>\n\t\t\t\t<\/div>\n\t\t\t\t\t<\/div>\n\t\t<\/div>\n\t\t\t\t\t<\/div>\n\t\t<\/section>\n\t\t\t\t<div class=\"elementor-element elementor-element-664a8863 elementor-widget-divider--view-line elementor-widget elementor-widget-divider\" data-id=\"664a8863\" data-element_type=\"widget\" data-widget_type=\"divider.default\">\n\t\t\t\t<div class=\"elementor-widget-container\">\n\t\t\t\t\t<div class=\"elementor-divider\">\n\t\t\t<span class=\"elementor-divider-separator\">\n\t\t\t\t\t\t<\/span>\n\t\t<\/div>\n\t\t\t\t<\/div>\n\t\t\t\t<\/div>\n\t\t\t\t\t<\/div>\n\t\t<\/div>\n\t\t\t\t\t<\/div>\n\t\t<\/section>\n\t\t\t\t<section class=\"elementor-section elementor-top-section elementor-element elementor-element-5ede241e elementor-section-boxed elementor-section-height-default elementor-section-height-default\" data-id=\"5ede241e\" data-element_type=\"section\" data-settings=\"{&quot;_ha_eqh_enable&quot;:false}\">\n\t\t\t\t\t\t<div class=\"elementor-container elementor-column-gap-default\">\n\t\t\t\t\t<div class=\"elementor-column elementor-col-100 elementor-top-column elementor-element elementor-element-10af20e4\" data-id=\"10af20e4\" data-element_type=\"column\">\n\t\t\t<div class=\"elementor-widget-wrap elementor-element-populated\">\n\t\t\t\t\t\t<section class=\"elementor-section elementor-inner-section elementor-element elementor-element-7a2b908b elementor-section-height-min-height elementor-section-boxed elementor-section-height-default\" data-id=\"7a2b908b\" data-element_type=\"section\" data-settings=\"{&quot;background_background&quot;:&quot;classic&quot;,&quot;_ha_eqh_enable&quot;:false}\">\n\t\t\t\t\t\t<div class=\"elementor-container elementor-column-gap-wide\">\n\t\t\t\t\t<div class=\"elementor-column elementor-col-50 elementor-inner-column elementor-element elementor-element-7ff1c49b\" data-id=\"7ff1c49b\" data-element_type=\"column\">\n\t\t\t<div class=\"elementor-widget-wrap elementor-element-populated\">\n\t\t\t\t\t\t<div class=\"elementor-element elementor-element-cdf8697 ha-has-bg-overlay elementor-widget elementor-widget-ha-member happy-addon ha-member\" data-id=\"cdf8697\" data-element_type=\"widget\" data-widget_type=\"ha-member.default\">\n\t\t\t\t<div class=\"elementor-widget-container\">\n\t\t\t\n\t\t\t\t\t<figure class=\"ha-member-figure\">\n\t\t\t\t<img fetchpriority=\"high\" decoding=\"async\" width=\"1880\" height=\"1880\" src=\"https:\/\/autor.se\/wp-content\/uploads\/2024\/11\/Chap_3.jpg\" class=\"elementor-animation-disable-animation attachment-full size-full wp-image-1011\" alt=\"\" srcset=\"https:\/\/autor.se\/wp-content\/uploads\/2024\/11\/Chap_3.jpg 1880w, https:\/\/autor.se\/wp-content\/uploads\/2024\/11\/Chap_3-300x300.jpg 300w, https:\/\/autor.se\/wp-content\/uploads\/2024\/11\/Chap_3-1024x1024.jpg 1024w, https:\/\/autor.se\/wp-content\/uploads\/2024\/11\/Chap_3-150x150.jpg 150w, https:\/\/autor.se\/wp-content\/uploads\/2024\/11\/Chap_3-768x768.jpg 768w, https:\/\/autor.se\/wp-content\/uploads\/2024\/11\/Chap_3-1536x1536.jpg 1536w\" sizes=\"(max-width: 1880px) 100vw, 1880px\" \/>\t\t\t<\/figure>\n\t\t\n\t\t<div class=\"ha-member-body\">\n\t\t\t\n\t\t\t\n\t\t\t\n\t\t\t\n\t\t\t\n\t\t\t\t\t<\/div>\n\t\t\t\t<\/div>\n\t\t\t\t<\/div>\n\t\t\t\t\t<\/div>\n\t\t<\/div>\n\t\t\t\t<div class=\"elementor-column elementor-col-50 elementor-inner-column elementor-element elementor-element-6669d40c\" data-id=\"6669d40c\" data-element_type=\"column\">\n\t\t\t<div class=\"elementor-widget-wrap elementor-element-populated\">\n\t\t\t\t\t\t<div class=\"elementor-element elementor-element-21580865 ha-has-bg-overlay elementor-widget elementor-widget-ha-member happy-addon ha-member\" data-id=\"21580865\" data-element_type=\"widget\" data-widget_type=\"ha-member.default\">\n\t\t\t\t<div class=\"elementor-widget-container\">\n\t\t\t\n\t\t\n\t\t<div class=\"ha-member-body\">\n\t\t\t<h2 class=\"ha-member-name\">AUTOR CHAP III<\/h2>\n\t\t\t\t\t\t\t<div class=\"ha-member-position\">Dan Andersson \/ Per Bergstr\u00f6m &amp; Thomas Alm \/ Johanne Bille &amp; Sidsel Andersen \/ Sara Ehnholm Hielm \/ Ingeri Engelstad \/ Jakob Kaee<\/div>\n\t\t\t\n\t\t\t\t\t\t\t<div class=\"ha-member-bio\">\n\t\t\t\t\t<p>Autor Chap III ger inblick i de drivkrafter, tankar och fr\u00e5gor som en bokf\u00f6rl\u00e4ggare m\u00f6ter i sitt arbete, via sex unika ess\u00e4er av f\u00f6rl\u00e4ggare i Sverige, Norge, Finland och Danmark. F\u00f6rl\u00e4ggarna ger sina perspektiv p\u00e5 allt ifr\u00e5n ideell motivation och avg\u00f6rande \u00f6gonblick till ekonomiska predikament och hur dessa p\u00e5verkar arbetsstruktur och process \u2013 n\u00e5got som p\u00e5 m\u00e5nga punkter skiljer sig \u00e5t mellan st\u00f6rre och mindre f\u00f6rlag.<\/p>\n\t\t\t\t<\/div>\n\t\t\t\n\t\t\t\n\t\t\t\n\t\t\t<a class=\"ha-btn ha-btn--link\" href=\"https:\/\/autor.se\/index.php\/aciii\/\"><span class=\"ha-btn-text\">L\u00e4s mer<\/span><\/a>\t\t<\/div>\n\t\t\t\t<\/div>\n\t\t\t\t<\/div>\n\t\t\t\t\t<\/div>\n\t\t<\/div>\n\t\t\t\t\t<\/div>\n\t\t<\/section>\n\t\t\t\t\t<\/div>\n\t\t<\/div>\n\t\t\t\t\t<\/div>\n\t\t<\/section>\n\t\t\t\t<section class=\"elementor-section elementor-top-section elementor-element elementor-element-95f0569 elementor-section-boxed elementor-section-height-default elementor-section-height-default\" data-id=\"95f0569\" data-element_type=\"section\" data-settings=\"{&quot;_ha_eqh_enable&quot;:false}\">\n\t\t\t\t\t\t<div class=\"elementor-container elementor-column-gap-default\">\n\t\t\t\t\t<div class=\"elementor-column elementor-col-100 elementor-top-column elementor-element elementor-element-c99342b\" data-id=\"c99342b\" data-element_type=\"column\">\n\t\t\t<div class=\"elementor-widget-wrap elementor-element-populated\">\n\t\t\t\t\t\t<section class=\"elementor-section elementor-inner-section elementor-element elementor-element-f515435 elementor-section-height-min-height elementor-section-boxed elementor-section-height-default\" data-id=\"f515435\" data-element_type=\"section\" data-settings=\"{&quot;background_background&quot;:&quot;classic&quot;,&quot;_ha_eqh_enable&quot;:false}\">\n\t\t\t\t\t\t<div class=\"elementor-container elementor-column-gap-wide\">\n\t\t\t\t\t<div class=\"elementor-column elementor-col-50 elementor-inner-column elementor-element elementor-element-5df948c\" data-id=\"5df948c\" data-element_type=\"column\">\n\t\t\t<div class=\"elementor-widget-wrap elementor-element-populated\">\n\t\t\t\t\t\t<div class=\"elementor-element elementor-element-66740f4 ha-has-bg-overlay elementor-widget elementor-widget-ha-member happy-addon ha-member\" data-id=\"66740f4\" data-element_type=\"widget\" data-widget_type=\"ha-member.default\">\n\t\t\t\t<div class=\"elementor-widget-container\">\n\t\t\t\n\t\t\t\t\t<figure class=\"ha-member-figure\">\n\t\t\t\t<img decoding=\"async\" width=\"1880\" height=\"1880\" src=\"https:\/\/autor.se\/wp-content\/uploads\/2024\/11\/Chap_2.jpg\" class=\"elementor-animation-disable-animation attachment-full size-full wp-image-1017\" alt=\"\" srcset=\"https:\/\/autor.se\/wp-content\/uploads\/2024\/11\/Chap_2.jpg 1880w, https:\/\/autor.se\/wp-content\/uploads\/2024\/11\/Chap_2-300x300.jpg 300w, https:\/\/autor.se\/wp-content\/uploads\/2024\/11\/Chap_2-1024x1024.jpg 1024w, https:\/\/autor.se\/wp-content\/uploads\/2024\/11\/Chap_2-150x150.jpg 150w, https:\/\/autor.se\/wp-content\/uploads\/2024\/11\/Chap_2-768x768.jpg 768w, https:\/\/autor.se\/wp-content\/uploads\/2024\/11\/Chap_2-1536x1536.jpg 1536w\" sizes=\"(max-width: 1880px) 100vw, 1880px\" \/>\t\t\t<\/figure>\n\t\t\n\t\t<div class=\"ha-member-body\">\n\t\t\t\n\t\t\t\n\t\t\t\n\t\t\t\n\t\t\t\n\t\t\t\t\t<\/div>\n\t\t\t\t<\/div>\n\t\t\t\t<\/div>\n\t\t\t\t\t<\/div>\n\t\t<\/div>\n\t\t\t\t<div class=\"elementor-column elementor-col-50 elementor-inner-column elementor-element elementor-element-bb96880\" data-id=\"bb96880\" data-element_type=\"column\">\n\t\t\t<div class=\"elementor-widget-wrap elementor-element-populated\">\n\t\t\t\t\t\t<div class=\"elementor-element elementor-element-4a8b702 ha-has-bg-overlay elementor-widget elementor-widget-ha-member happy-addon ha-member\" data-id=\"4a8b702\" data-element_type=\"widget\" data-widget_type=\"ha-member.default\">\n\t\t\t\t<div class=\"elementor-widget-container\">\n\t\t\t\n\t\t\n\t\t<div class=\"ha-member-body\">\n\t\t\t<h2 class=\"ha-member-name\">AUTOR CHAP II<\/h2>\n\t\t\t\t\t\t\t<div class=\"ha-member-position\">Shadi Angelina Bazeghi \/ Jean-Baptiste Coursaud \/ Patricia Fjellgren \/ Jennifer Hayashida \/ Anna Jansson \/ Judyta Preis &amp; J\u00f8rgen Herman Monrad.<\/div>\n\t\t\t\n\t\t\t\t\t\t\t<div class=\"ha-member-bio\">\n\t\t\t\t\t<p>Det g\u00e5r inte att f\u00f6rest\u00e4lla sig en v\u00e4rld utan \u00f6versatt litteratur. Men hur \u00f6vers\u00e4tts dessa texter? Och vad \u00e4r det som \u00f6vers\u00e4tts? \u00c4r det ord, meningar, idiom, erfarenheter, st\u00e4mningar? Vad utg\u00f6r egentligen en bra \u00f6vers\u00e4ttning?\n\nI Autor Chap II skriver sju \u00f6vers\u00e4ttare till eller fr\u00e5n det skandinaviska spr\u00e5komr\u00e5det om sin praktik och sina f\u00f6ruts\u00e4ttningar, \u00f6verv\u00e4ganden och visioner<\/p>\n\t\t\t\t<\/div>\n\t\t\t\n\t\t\t\n\t\t\t\n\t\t\t<a class=\"ha-btn ha-btn--link\" href=\"https:\/\/autor.se\/index.php\/acii\/\"><span class=\"ha-btn-text\">L\u00e4s mer<\/span><\/a>\t\t<\/div>\n\t\t\t\t<\/div>\n\t\t\t\t<\/div>\n\t\t\t\t\t<\/div>\n\t\t<\/div>\n\t\t\t\t\t<\/div>\n\t\t<\/section>\n\t\t\t\t<section class=\"elementor-section elementor-inner-section elementor-element elementor-element-3c0502d elementor-section-height-min-height elementor-section-boxed elementor-section-height-default\" data-id=\"3c0502d\" data-element_type=\"section\" data-settings=\"{&quot;background_background&quot;:&quot;classic&quot;,&quot;_ha_eqh_enable&quot;:false}\">\n\t\t\t\t\t\t<div class=\"elementor-container elementor-column-gap-wide\">\n\t\t\t\t\t<div class=\"elementor-column elementor-col-50 elementor-inner-column elementor-element elementor-element-a70ad50\" data-id=\"a70ad50\" data-element_type=\"column\">\n\t\t\t<div class=\"elementor-widget-wrap elementor-element-populated\">\n\t\t\t\t\t\t<div class=\"elementor-element elementor-element-0ab4bbd ha-has-bg-overlay elementor-widget elementor-widget-ha-member happy-addon ha-member\" data-id=\"0ab4bbd\" data-element_type=\"widget\" data-widget_type=\"ha-member.default\">\n\t\t\t\t<div class=\"elementor-widget-container\">\n\t\t\t\n\t\t\t\t\t<figure class=\"ha-member-figure\">\n\t\t\t\t<img decoding=\"async\" width=\"1019\" height=\"969\" src=\"https:\/\/autor.se\/wp-content\/uploads\/2020\/08\/OMSLAG-1.jpg\" class=\"elementor-animation-disable-animation attachment-full size-full wp-image-320\" alt=\"\" srcset=\"https:\/\/autor.se\/wp-content\/uploads\/2020\/08\/OMSLAG-1.jpg 1019w, https:\/\/autor.se\/wp-content\/uploads\/2020\/08\/OMSLAG-1-300x285.jpg 300w, https:\/\/autor.se\/wp-content\/uploads\/2020\/08\/OMSLAG-1-768x730.jpg 768w\" sizes=\"(max-width: 1019px) 100vw, 1019px\" \/>\t\t\t<\/figure>\n\t\t\n\t\t<div class=\"ha-member-body\">\n\t\t\t\n\t\t\t\n\t\t\t\n\t\t\t\n\t\t\t\n\t\t\t\t\t<\/div>\n\t\t\t\t<\/div>\n\t\t\t\t<\/div>\n\t\t\t\t\t<\/div>\n\t\t<\/div>\n\t\t\t\t<div class=\"elementor-column elementor-col-50 elementor-inner-column elementor-element elementor-element-ccb8b41\" data-id=\"ccb8b41\" data-element_type=\"column\">\n\t\t\t<div class=\"elementor-widget-wrap elementor-element-populated\">\n\t\t\t\t\t\t<div class=\"elementor-element elementor-element-a3659fb ha-has-bg-overlay elementor-widget elementor-widget-ha-member happy-addon ha-member\" data-id=\"a3659fb\" data-element_type=\"widget\" data-widget_type=\"ha-member.default\">\n\t\t\t\t<div class=\"elementor-widget-container\">\n\t\t\t\n\t\t\n\t\t<div class=\"ha-member-body\">\n\t\t\t<h2 class=\"ha-member-name\">AUTOR CHAP I<\/h2>\n\t\t\t\t\t\t\t<div class=\"ha-member-position\">Anne-Louise Bosmans \/ Ida Marie Hede \/ Jila Mossaed \/ Henrika Ringbom \/ Burcu Sahin och Sigbj\u00f8rn Sk\u00e5den.<\/div>\n\t\t\t\n\t\t\t\t\t\t\t<div class=\"ha-member-bio\">\n\t\t\t\t\t<p>Poetik \u00e4r l\u00e4ran om diktkonsten. Att skriva om att skriva \u00e4r att rannsaka sina drivkrafter och sin position som f\u00f6rfattare. Det \u00e4r att formulera var man befinner sig, hur man kommit dit och kanske ocks\u00e5 vart man \u00e4r p\u00e5 v\u00e4g. Det \u00e4r att \u00f6ppna upp kring sitt arbete och dela med sig av det till andra, b\u00e5de skrivande och l\u00e4sande. I Autor Chap I skriver sex nordiska f\u00f6rfattare om den egna praktikens tillkomst, dess f\u00f6ruts\u00e4ttningar och beg\u00e4r.<\/p>\n\t\t\t\t<\/div>\n\t\t\t\n\t\t\t\n\t\t\t\n\t\t\t<a class=\"ha-btn ha-btn--link\" href=\"https:\/\/autor.se\/index.php\/aci\/\"><span class=\"ha-btn-text\">L\u00e4s mer<\/span><\/a>\t\t<\/div>\n\t\t\t\t<\/div>\n\t\t\t\t<\/div>\n\t\t\t\t\t<\/div>\n\t\t<\/div>\n\t\t\t\t\t<\/div>\n\t\t<\/section>\n\t\t\t\t\t<\/div>\n\t\t<\/div>\n\t\t\t\t\t<\/div>\n\t\t<\/section>\n\t\t\t\t<\/div>\n\t\t","protected":false},"excerpt":{"rendered":"<p>AUTOR: CHAP AUTOR CHAP III Dan Andersson \/ Per Bergstr\u00f6m &amp; Thomas Alm \/ Johanne Bille &amp; Sidsel Andersen \/ Sara Ehnholm Hielm \/ Ingeri Engelstad \/ Jakob Kaee Autor Chap III ger inblick i de drivkrafter, tankar och fr\u00e5gor som en bokf\u00f6rl\u00e4ggare m\u00f6ter i sitt arbete, via sex unika ess\u00e4er av f\u00f6rl\u00e4ggare i Sverige, [&hellip;]<\/p>\n","protected":false},"author":1,"featured_media":0,"parent":0,"menu_order":0,"comment_status":"closed","ping_status":"closed","template":"","meta":{"site-sidebar-layout":"no-sidebar","site-content-layout":"page-builder","ast-site-content-layout":"","site-content-style":"default","site-sidebar-style":"default","ast-global-header-display":"","ast-banner-title-visibility":"","ast-main-header-display":"","ast-hfb-above-header-display":"","ast-hfb-below-header-display":"","ast-hfb-mobile-header-display":"","site-post-title":"disabled","ast-breadcrumbs-content":"","ast-featured-img":"disabled","footer-sml-layout":"","theme-transparent-header-meta":"disabled","adv-header-id-meta":"","stick-header-meta":"","header-above-stick-meta":"","header-main-stick-meta":"","header-below-stick-meta":"","astra-migrate-meta-layouts":"default","ast-page-background-enabled":"default","ast-page-background-meta":{"desktop":{"background-color":"var(--ast-global-color-4)","background-image":"","background-repeat":"repeat","background-position":"center center","background-size":"auto","background-attachment":"scroll","background-type":"","background-media":"","overlay-type":"","overlay-color":"","overlay-opacity":"","overlay-gradient":""},"tablet":{"background-color":"","background-image":"","background-repeat":"repeat","background-position":"center center","background-size":"auto","background-attachment":"scroll","background-type":"","background-media":"","overlay-type":"","overlay-color":"","overlay-opacity":"","overlay-gradient":""},"mobile":{"background-color":"","background-image":"","background-repeat":"repeat","background-position":"center center","background-size":"auto","background-attachment":"scroll","background-type":"","background-media":"","overlay-type":"","overlay-color":"","overlay-opacity":"","overlay-gradient":""}},"ast-content-background-meta":{"desktop":{"background-color":"var(--ast-global-color-5)","background-image":"","background-repeat":"repeat","background-position":"center center","background-size":"auto","background-attachment":"scroll","background-type":"","background-media":"","overlay-type":"","overlay-color":"","overlay-opacity":"","overlay-gradient":""},"tablet":{"background-color":"var(--ast-global-color-5)","background-image":"","background-repeat":"repeat","background-position":"center center","background-size":"auto","background-attachment":"scroll","background-type":"","background-media":"","overlay-type":"","overlay-color":"","overlay-opacity":"","overlay-gradient":""},"mobile":{"background-color":"var(--ast-global-color-5)","background-image":"","background-repeat":"repeat","background-position":"center center","background-size":"auto","background-attachment":"scroll","background-type":"","background-media":"","overlay-type":"","overlay-color":"","overlay-opacity":"","overlay-gradient":""}},"footnotes":""},"class_list":["post-99","page","type-page","status-publish","hentry"],"yoast_head":"<!-- This site is optimized with the Yoast SEO plugin v23.4 - https:\/\/yoast.com\/wordpress\/plugins\/seo\/ -->\n<title>Autor Chap -<\/title>\n<meta name=\"robots\" content=\"index, follow, max-snippet:-1, max-image-preview:large, max-video-preview:-1\" \/>\n<link rel=\"canonical\" href=\"https:\/\/autor.se\/index.php\/autor-chap\/\" \/>\n<meta property=\"og:locale\" content=\"sv_SE\" \/>\n<meta property=\"og:type\" content=\"article\" \/>\n<meta property=\"og:title\" content=\"Autor Chap -\" \/>\n<meta property=\"og:description\" content=\"AUTOR: CHAP AUTOR CHAP III Dan Andersson \/ Per Bergstr\u00f6m &amp; Thomas Alm \/ Johanne Bille &amp; Sidsel Andersen \/ Sara Ehnholm Hielm \/ Ingeri Engelstad \/ Jakob Kaee Autor Chap III ger inblick i de drivkrafter, tankar och fr\u00e5gor som en bokf\u00f6rl\u00e4ggare m\u00f6ter i sitt arbete, via sex unika ess\u00e4er av f\u00f6rl\u00e4ggare i Sverige, [&hellip;]\" \/>\n<meta property=\"og:url\" content=\"https:\/\/autor.se\/index.php\/autor-chap\/\" \/>\n<meta property=\"article:modified_time\" content=\"2024-11-12T17:53:00+00:00\" \/>\n<meta property=\"og:image\" content=\"https:\/\/autor.se\/wp-content\/uploads\/2024\/11\/Chap_3.jpg\" \/>\n<meta name=\"twitter:card\" content=\"summary_large_image\" \/>\n<meta name=\"twitter:label1\" content=\"Ber\u00e4knad l\u00e4stid\" \/>\n\t<meta name=\"twitter:data1\" content=\"2 minuter\" \/>\n<script type=\"application\/ld+json\" class=\"yoast-schema-graph\">{\"@context\":\"https:\/\/schema.org\",\"@graph\":[{\"@type\":\"WebPage\",\"@id\":\"https:\/\/autor.se\/index.php\/autor-chap\/\",\"url\":\"https:\/\/autor.se\/index.php\/autor-chap\/\",\"name\":\"Autor Chap -\",\"isPartOf\":{\"@id\":\"https:\/\/autor.se\/#website\"},\"primaryImageOfPage\":{\"@id\":\"https:\/\/autor.se\/index.php\/autor-chap\/#primaryimage\"},\"image\":{\"@id\":\"https:\/\/autor.se\/index.php\/autor-chap\/#primaryimage\"},\"thumbnailUrl\":\"https:\/\/autor.se\/wp-content\/uploads\/2024\/11\/Chap_3.jpg\",\"datePublished\":\"2020-08-30T15:24:42+00:00\",\"dateModified\":\"2024-11-12T17:53:00+00:00\",\"breadcrumb\":{\"@id\":\"https:\/\/autor.se\/index.php\/autor-chap\/#breadcrumb\"},\"inLanguage\":\"sv-SE\",\"potentialAction\":[{\"@type\":\"ReadAction\",\"target\":[\"https:\/\/autor.se\/index.php\/autor-chap\/\"]}]},{\"@type\":\"ImageObject\",\"inLanguage\":\"sv-SE\",\"@id\":\"https:\/\/autor.se\/index.php\/autor-chap\/#primaryimage\",\"url\":\"https:\/\/autor.se\/wp-content\/uploads\/2024\/11\/Chap_3.jpg\",\"contentUrl\":\"https:\/\/autor.se\/wp-content\/uploads\/2024\/11\/Chap_3.jpg\",\"width\":1880,\"height\":1880},{\"@type\":\"BreadcrumbList\",\"@id\":\"https:\/\/autor.se\/index.php\/autor-chap\/#breadcrumb\",\"itemListElement\":[{\"@type\":\"ListItem\",\"position\":1,\"name\":\"Hem\",\"item\":\"https:\/\/autor.se\/\"},{\"@type\":\"ListItem\",\"position\":2,\"name\":\"Autor Chap\"}]},{\"@type\":\"WebSite\",\"@id\":\"https:\/\/autor.se\/#website\",\"url\":\"https:\/\/autor.se\/\",\"name\":\"\",\"description\":\"\",\"publisher\":{\"@id\":\"https:\/\/autor.se\/#organization\"},\"potentialAction\":[{\"@type\":\"SearchAction\",\"target\":{\"@type\":\"EntryPoint\",\"urlTemplate\":\"https:\/\/autor.se\/?s={search_term_string}\"},\"query-input\":{\"@type\":\"PropertyValueSpecification\",\"valueRequired\":true,\"valueName\":\"search_term_string\"}}],\"inLanguage\":\"sv-SE\"},{\"@type\":\"Organization\",\"@id\":\"https:\/\/autor.se\/#organization\",\"name\":\"Autor F\u00f6rlag\",\"url\":\"https:\/\/autor.se\/\",\"logo\":{\"@type\":\"ImageObject\",\"inLanguage\":\"sv-SE\",\"@id\":\"https:\/\/autor.se\/#\/schema\/logo\/image\/\",\"url\":\"https:\/\/autor.se\/wp-content\/uploads\/2020\/08\/autorstor.jpg\",\"contentUrl\":\"https:\/\/autor.se\/wp-content\/uploads\/2020\/08\/autorstor.jpg\",\"width\":314,\"height\":292,\"caption\":\"Autor F\u00f6rlag\"},\"image\":{\"@id\":\"https:\/\/autor.se\/#\/schema\/logo\/image\/\"},\"sameAs\":[\"https:\/\/www.instagram.com\/autoribilder\"]}]}<\/script>\n<!-- \/ Yoast SEO plugin. -->","yoast_head_json":{"title":"Autor Chap -","robots":{"index":"index","follow":"follow","max-snippet":"max-snippet:-1","max-image-preview":"max-image-preview:large","max-video-preview":"max-video-preview:-1"},"canonical":"https:\/\/autor.se\/index.php\/autor-chap\/","og_locale":"sv_SE","og_type":"article","og_title":"Autor Chap -","og_description":"AUTOR: CHAP AUTOR CHAP III Dan Andersson \/ Per Bergstr\u00f6m &amp; Thomas Alm \/ Johanne Bille &amp; Sidsel Andersen \/ Sara Ehnholm Hielm \/ Ingeri Engelstad \/ Jakob Kaee Autor Chap III ger inblick i de drivkrafter, tankar och fr\u00e5gor som en bokf\u00f6rl\u00e4ggare m\u00f6ter i sitt arbete, via sex unika ess\u00e4er av f\u00f6rl\u00e4ggare i Sverige, [&hellip;]","og_url":"https:\/\/autor.se\/index.php\/autor-chap\/","article_modified_time":"2024-11-12T17:53:00+00:00","og_image":[{"url":"https:\/\/autor.se\/wp-content\/uploads\/2024\/11\/Chap_3.jpg"}],"twitter_card":"summary_large_image","twitter_misc":{"Ber\u00e4knad l\u00e4stid":"2 minuter"},"schema":{"@context":"https:\/\/schema.org","@graph":[{"@type":"WebPage","@id":"https:\/\/autor.se\/index.php\/autor-chap\/","url":"https:\/\/autor.se\/index.php\/autor-chap\/","name":"Autor Chap -","isPartOf":{"@id":"https:\/\/autor.se\/#website"},"primaryImageOfPage":{"@id":"https:\/\/autor.se\/index.php\/autor-chap\/#primaryimage"},"image":{"@id":"https:\/\/autor.se\/index.php\/autor-chap\/#primaryimage"},"thumbnailUrl":"https:\/\/autor.se\/wp-content\/uploads\/2024\/11\/Chap_3.jpg","datePublished":"2020-08-30T15:24:42+00:00","dateModified":"2024-11-12T17:53:00+00:00","breadcrumb":{"@id":"https:\/\/autor.se\/index.php\/autor-chap\/#breadcrumb"},"inLanguage":"sv-SE","potentialAction":[{"@type":"ReadAction","target":["https:\/\/autor.se\/index.php\/autor-chap\/"]}]},{"@type":"ImageObject","inLanguage":"sv-SE","@id":"https:\/\/autor.se\/index.php\/autor-chap\/#primaryimage","url":"https:\/\/autor.se\/wp-content\/uploads\/2024\/11\/Chap_3.jpg","contentUrl":"https:\/\/autor.se\/wp-content\/uploads\/2024\/11\/Chap_3.jpg","width":1880,"height":1880},{"@type":"BreadcrumbList","@id":"https:\/\/autor.se\/index.php\/autor-chap\/#breadcrumb","itemListElement":[{"@type":"ListItem","position":1,"name":"Hem","item":"https:\/\/autor.se\/"},{"@type":"ListItem","position":2,"name":"Autor Chap"}]},{"@type":"WebSite","@id":"https:\/\/autor.se\/#website","url":"https:\/\/autor.se\/","name":"","description":"","publisher":{"@id":"https:\/\/autor.se\/#organization"},"potentialAction":[{"@type":"SearchAction","target":{"@type":"EntryPoint","urlTemplate":"https:\/\/autor.se\/?s={search_term_string}"},"query-input":{"@type":"PropertyValueSpecification","valueRequired":true,"valueName":"search_term_string"}}],"inLanguage":"sv-SE"},{"@type":"Organization","@id":"https:\/\/autor.se\/#organization","name":"Autor F\u00f6rlag","url":"https:\/\/autor.se\/","logo":{"@type":"ImageObject","inLanguage":"sv-SE","@id":"https:\/\/autor.se\/#\/schema\/logo\/image\/","url":"https:\/\/autor.se\/wp-content\/uploads\/2020\/08\/autorstor.jpg","contentUrl":"https:\/\/autor.se\/wp-content\/uploads\/2020\/08\/autorstor.jpg","width":314,"height":292,"caption":"Autor F\u00f6rlag"},"image":{"@id":"https:\/\/autor.se\/#\/schema\/logo\/image\/"},"sameAs":["https:\/\/www.instagram.com\/autoribilder"]}]}},"_links":{"self":[{"href":"https:\/\/autor.se\/index.php\/wp-json\/wp\/v2\/pages\/99"}],"collection":[{"href":"https:\/\/autor.se\/index.php\/wp-json\/wp\/v2\/pages"}],"about":[{"href":"https:\/\/autor.se\/index.php\/wp-json\/wp\/v2\/types\/page"}],"author":[{"embeddable":true,"href":"https:\/\/autor.se\/index.php\/wp-json\/wp\/v2\/users\/1"}],"replies":[{"embeddable":true,"href":"https:\/\/autor.se\/index.php\/wp-json\/wp\/v2\/comments?post=99"}],"version-history":[{"count":50,"href":"https:\/\/autor.se\/index.php\/wp-json\/wp\/v2\/pages\/99\/revisions"}],"predecessor-version":[{"id":1224,"href":"https:\/\/autor.se\/index.php\/wp-json\/wp\/v2\/pages\/99\/revisions\/1224"}],"wp:attachment":[{"href":"https:\/\/autor.se\/index.php\/wp-json\/wp\/v2\/media?parent=99"}],"curies":[{"name":"wp","href":"https:\/\/api.w.org\/{rel}","templated":true}]}}